{"id":4999,"date":"2021-03-11T08:14:46","date_gmt":"2021-03-11T08:14:46","guid":{"rendered":"https:\/\/www.meroil.es\/presentacion\/presentacion-corporativa\/"},"modified":"2024-08-01T11:58:45","modified_gmt":"2024-08-01T11:58:45","slug":"presentacio-corporativa","status":"publish","type":"page","link":"https:\/\/www.meroil.es\/ca\/presentacio\/presentacio-corporativa\/","title":{"rendered":"Presentaci\u00f3 corporativa"},"content":{"rendered":"<p><div class=\"fusion-fullwidth fullwidth-box fusion-builder-row-1 fusion-flex-container nonhundred-percent-fullwidth non-hundred-percent-height-scrolling\" style=\"--awb-border-radius-top-left:0px;--awb-border-radius-top-right:0px;--awb-border-radius-bottom-right:0px;--awb-border-radius-bottom-left:0px;--awb-flex-wrap:wrap;\" ><div class=\"fusion-builder-row fusion-row fusion-flex-align-items-flex-start fusion-flex-content-wrap\" style=\"max-width:1216.8px;margin-left: calc(-4% \/ 2 );margin-right: calc(-4% \/ 2 );\"><div class=\"fusion-layout-column fusion_builder_column fusion-builder-column-0 fusion_builder_column_1_1 1_1 fusion-flex-column\" style=\"--awb-bg-size:cover;--awb-width-large:100%;--awb-margin-top-large:0px;--awb-spacing-right-large:1.92%;--awb-margin-bottom-large:20px;--awb-spacing-left-large:1.92%;--awb-width-medium:100%;--awb-order-medium:0;--awb-spacing-right-medium:1.92%;--awb-spacing-left-medium:1.92%;--awb-width-small:100%;--awb-order-small:0;--awb-spacing-right-small:1.92%;--awb-spacing-left-small:1.92%;\"><div class=\"fusion-column-wrapper fusion-column-has-shadow fusion-flex-justify-content-flex-start fusion-content-layout-column\"><div class=\"fusion-text fusion-text-1\"><p>Meroil es va fundar al 1993 com a operador petrol\u00edfer amb l&#8217;objectiu de subministrar combustibles i productes relacionats a Estacions de Servei, Distribu\u00efdors, Ind\u00fastria i el Sector Agrari.<\/p>\n<p>El naixement de Meroil es produeix arran de l&#8217;entrada d&#8217;Espanya en la Comunitat Econ\u00f2mica Europea (CEE), on un dels requisits era el desmantellament dels monopolis existents. Aix\u00f2 permet als participants del sector poder establir-se independentment, b\u00e9 formant part de nous projectes empresarials com Meroil o b\u00e9 de la m\u00e0 de grups estrangers que es van introduir en el mercat espanyol.<\/p>\n<\/div><\/div><\/div><div class=\"fusion-layout-column fusion_builder_column fusion-builder-column-1 fusion_builder_column_1_1 1_1 fusion-flex-column fusion-flex-align-self-center fusion-column-no-min-height\" style=\"--awb-bg-color:#ffffff;--awb-bg-color-hover:#ffffff;--awb-bg-blend:overlay;--awb-bg-size:cover;--awb-width-large:100%;--awb-margin-top-large:0px;--awb-spacing-right-large:0px;--awb-margin-bottom-large:40px;--awb-spacing-left-large:0px;--awb-width-medium:100%;--awb-order-medium:0;--awb-spacing-right-medium:1.92%;--awb-spacing-left-medium:1.92%;--awb-width-small:100%;--awb-order-small:0;--awb-spacing-right-small:1.92%;--awb-spacing-left-small:1.92%;\"><div class=\"fusion-column-wrapper fusion-column-has-shadow fusion-flex-justify-content-center fusion-content-layout-row\"><div class=\"fusion-image-element \" style=\"--awb-caption-title-font-family:var(--h2_typography-font-family);--awb-caption-title-font-weight:var(--h2_typography-font-weight);--awb-caption-title-font-style:var(--h2_typography-font-style);--awb-caption-title-size:var(--h2_typography-font-size);--awb-caption-title-transform:var(--h2_typography-text-transform);--awb-caption-title-line-height:var(--h2_typography-line-height);--awb-caption-title-letter-spacing:var(--h2_typography-letter-spacing);\"><span class=\" fusion-imageframe imageframe-none imageframe-1 hover-type-none\"><img decoding=\"async\" width=\"2000\" height=\"1180\" title=\"LLavaneres\" src=\"https:\/\/www.meroil.es\/wp-content\/uploads\/2021\/07\/LLavaneres-e1626858387971.jpg\" alt class=\"img-responsive wp-image-4925\" srcset=\"https:\/\/www.meroil.es\/wp-content\/uploads\/2021\/07\/LLavaneres-e1626858387971-200x118.jpg 200w, https:\/\/www.meroil.es\/wp-content\/uploads\/2021\/07\/LLavaneres-e1626858387971-400x236.jpg 400w, https:\/\/www.meroil.es\/wp-content\/uploads\/2021\/07\/LLavaneres-e1626858387971-600x354.jpg 600w, https:\/\/www.meroil.es\/wp-content\/uploads\/2021\/07\/LLavaneres-e1626858387971-800x472.jpg 800w, https:\/\/www.meroil.es\/wp-content\/uploads\/2021\/07\/LLavaneres-e1626858387971-1200x708.jpg 1200w, https:\/\/www.meroil.es\/wp-content\/uploads\/2021\/07\/LLavaneres-e1626858387971.jpg 2000w\" sizes=\"(max-width: 1024px) 100vw, (max-width: 640px) 100vw, 1200px\" \/><\/span><\/div><\/div><\/div><div class=\"fusion-layout-column fusion_builder_column fusion-builder-column-2 fusion_builder_column_1_1 1_1 fusion-flex-column\" style=\"--awb-bg-size:cover;--awb-width-large:100%;--awb-margin-top-large:0px;--awb-spacing-right-large:1.92%;--awb-margin-bottom-large:20px;--awb-spacing-left-large:1.92%;--awb-width-medium:100%;--awb-order-medium:0;--awb-spacing-right-medium:1.92%;--awb-spacing-left-medium:1.92%;--awb-width-small:100%;--awb-order-small:0;--awb-spacing-right-small:1.92%;--awb-spacing-left-small:1.92%;\"><div class=\"fusion-column-wrapper fusion-column-has-shadow fusion-flex-justify-content-flex-start fusion-content-layout-column\"><div class=\"fusion-text fusion-text-2\"><p>Meroil \u00e9s el projecte amb m\u00e9s envergadura, solidesa i solv\u00e8ncia de quants s&#8217;han desenvolupat en el panorama energ\u00e8tic espanyol per part de l&#8217;empresariat independent, sense pert\u00e0nyer a grans grups multinacionals.<\/p>\n<p>Els accionistes de Meroil s\u00f3n empresaris vinculats estretament amb el sector de la distribuci\u00f3 energ\u00e8tica. No obstant aix\u00f2, la companyia obt\u00e9 la major part de les seves vendes en operacions a empreses no vinculades amb el seu accionariat.<\/p>\n<p>L&#8217;activitat es divideix en 3 grans l\u00ednies de negoci:<\/p>\n<ul class=\"meroil-icon\">\n<li>Comercialitzaci\u00f3 de combustible a Clients (Estacions de Servei, Distribu\u00efdors de Gasoil a domicili i Grans Clients Finals).<\/li>\n<li>Xarxa d&#8217;Estacions de Servei pr\u00f2pies.<\/li>\n<li>Lloguer de capacitat d&#8217;Emmagatzematge a tercers en la seva Terminal Log\u00edstica del Port de Barcelona<\/li>\n<\/ul>\n<p>El producte es comercialitza des de les facilitats log\u00edstiques de c\u00e0rrega (TERMINALS) a Bilbao, Cartagena, C\u00f2rdova, Coru\u00f1a, Madrid, Huelva, Sevilla, Val\u00e8ncia, Vigo, Saragossa, i a m\u00e9s des de la nostra gran Terminal pr\u00f2pia a Barcelona el que li permet assegurar el subministrament en qualsevol punt del territori espanyol.<\/p>\n<\/div><div class=\"fusion-image-element \" style=\"text-align:center;--awb-margin-top:20px;--awb-margin-bottom:20px;--awb-max-width:600px;--awb-caption-title-font-family:var(--h2_typography-font-family);--awb-caption-title-font-weight:var(--h2_typography-font-weight);--awb-caption-title-font-style:var(--h2_typography-font-style);--awb-caption-title-size:var(--h2_typography-font-size);--awb-caption-title-transform:var(--h2_typography-text-transform);--awb-caption-title-line-height:var(--h2_typography-line-height);--awb-caption-title-letter-spacing:var(--h2_typography-letter-spacing);\"><span class=\" fusion-imageframe imageframe-none imageframe-2 hover-type-none\"><img decoding=\"async\" width=\"2560\" height=\"1483\" title=\"im_oilprix\" src=\"https:\/\/www.meroil.es\/wp-content\/uploads\/2021\/05\/im_oilprix.jpg\" alt class=\"img-responsive wp-image-4709\" srcset=\"https:\/\/www.meroil.es\/wp-content\/uploads\/2021\/05\/im_oilprix-200x116.jpg 200w, https:\/\/www.meroil.es\/wp-content\/uploads\/2021\/05\/im_oilprix-400x232.jpg 400w, https:\/\/www.meroil.es\/wp-content\/uploads\/2021\/05\/im_oilprix-600x348.jpg 600w, https:\/\/www.meroil.es\/wp-content\/uploads\/2021\/05\/im_oilprix-800x463.jpg 800w, https:\/\/www.meroil.es\/wp-content\/uploads\/2021\/05\/im_oilprix-1200x695.jpg 1200w, https:\/\/www.meroil.es\/wp-content\/uploads\/2021\/05\/im_oilprix.jpg 2560w\" sizes=\"(max-width: 1024px) 100vw, (max-width: 640px) 100vw, 1200px\" \/><\/span><\/div><div class=\"fusion-text fusion-text-3\"><p>Meroil compta amb una \u00e0mplia xarxa d&#8217;Estacions de Servei Abanderades distribu\u00efdes per tot el pa\u00eds combinant les nostres dues marques MEROIL i OILPRIX. Fruit del desenvolupament del mercat, fa uns anys v\u00e0rem decidir llan\u00e7ar OILPRIX per a cobrir el segment de mercat de l&#8217;Estacions de Servei tipus low cost.<\/p>\n<p>La decisi\u00f3 de compra dels nostres combustibles es basa sempre en criteris de qualitat, sent els nostres prove\u00efdors les millors refineries del m\u00f3n, que descarreguen els seus productes en la nostra moderna Terminal de Barcelona o en alguna de les terminals associades.<\/p>\n<p>Meroil aposta per la recerca i desenvolupament de nous productes que s&#8217;adaptin a les necessitats dels nostres clients i siguin m\u00e9s respectuosos amb el medi ambient comercialitzant Biodi\u00e8sel, Bioetanol, Adblue , GLP i constantment avan\u00e7ant en el desenvolupament de nous productes i serveis per als nostres clients.<\/p>\n<\/div><\/div><\/div><\/div><\/div><div class=\"fusion-fullwidth fullwidth-box fusion-builder-row-2 fusion-flex-container nonhundred-percent-fullwidth non-hundred-percent-height-scrolling\" style=\"--awb-border-radius-top-left:0px;--awb-border-radius-top-right:0px;--awb-border-radius-bottom-right:0px;--awb-border-radius-bottom-left:0px;--awb-flex-wrap:wrap;\" ><div class=\"fusion-builder-row fusion-row fusion-flex-align-items-flex-start fusion-flex-content-wrap\" style=\"max-width:1216.8px;margin-left: calc(-4% \/ 2 );margin-right: calc(-4% \/ 2 );\"><\/div><\/div><\/p>\n","protected":false},"excerpt":{"rendered":"","protected":false},"author":1,"featured_media":0,"parent":4959,"menu_order":0,"comment_status":"closed","ping_status":"closed","template":"","meta":{"footnotes":""},"class_list":["post-4999","page","type-page","status-publish","hentry"],"yoast_head":"<!-- This site is optimized with the Yoast SEO plugin v26.7 - https:\/\/yoast.com\/wordpress\/plugins\/seo\/ -->\n<title>Presentaci\u00f3 corporativa - Meroil<\/title>\n<meta name=\"robots\" content=\"index, follow, max-snippet:-1, max-image-preview:large, max-video-preview:-1\" \/>\n<link rel=\"canonical\" href=\"https:\/\/www.meroil.es\/ca\/presentacio\/presentacio-corporativa\/\" \/>\n<meta property=\"og:locale\" content=\"ca_ES\" \/>\n<meta property=\"og:type\" content=\"article\" \/>\n<meta property=\"og:title\" content=\"Presentaci\u00f3 corporativa - Meroil\" \/>\n<meta property=\"og:url\" content=\"https:\/\/www.meroil.es\/ca\/presentacio\/presentacio-corporativa\/\" \/>\n<meta property=\"og:site_name\" content=\"Meroil\" \/>\n<meta property=\"article:modified_time\" content=\"2024-08-01T11:58:45+00:00\" \/>\n<meta name=\"twitter:card\" content=\"summary_large_image\" \/>\n<meta name=\"twitter:label1\" content=\"Temps estimat de lectura\" \/>\n\t<meta name=\"twitter:data1\" content=\"3 minuts\" \/>\n<script type=\"application\/ld+json\" class=\"yoast-schema-graph\">{\"@context\":\"https:\/\/schema.org\",\"@graph\":[{\"@type\":\"WebPage\",\"@id\":\"https:\/\/www.meroil.es\/ca\/presentacio\/presentacio-corporativa\/\",\"url\":\"https:\/\/www.meroil.es\/ca\/presentacio\/presentacio-corporativa\/\",\"name\":\"Presentaci\u00f3 corporativa - Meroil\",\"isPartOf\":{\"@id\":\"https:\/\/www.meroil.es\/ca\/#website\"},\"datePublished\":\"2021-03-11T08:14:46+00:00\",\"dateModified\":\"2024-08-01T11:58:45+00:00\",\"breadcrumb\":{\"@id\":\"https:\/\/www.meroil.es\/ca\/presentacio\/presentacio-corporativa\/#breadcrumb\"},\"inLanguage\":\"ca\",\"potentialAction\":[{\"@type\":\"ReadAction\",\"target\":[\"https:\/\/www.meroil.es\/ca\/presentacio\/presentacio-corporativa\/\"]}]},{\"@type\":\"BreadcrumbList\",\"@id\":\"https:\/\/www.meroil.es\/ca\/presentacio\/presentacio-corporativa\/#breadcrumb\",\"itemListElement\":[{\"@type\":\"ListItem\",\"position\":1,\"name\":\"Inici\",\"item\":\"https:\/\/www.meroil.es\/ca\/\"},{\"@type\":\"ListItem\",\"position\":2,\"name\":\"Presentaci\u00f3\",\"item\":\"https:\/\/www.meroil.es\/ca\/presentacio\/\"},{\"@type\":\"ListItem\",\"position\":3,\"name\":\"Presentaci\u00f3 corporativa\"}]},{\"@type\":\"WebSite\",\"@id\":\"https:\/\/www.meroil.es\/ca\/#website\",\"url\":\"https:\/\/www.meroil.es\/ca\/\",\"name\":\"Meroil\",\"description\":\"Estaciones de proximidad\",\"potentialAction\":[{\"@type\":\"SearchAction\",\"target\":{\"@type\":\"EntryPoint\",\"urlTemplate\":\"https:\/\/www.meroil.es\/ca\/?s={search_term_string}\"},\"query-input\":{\"@type\":\"PropertyValueSpecification\",\"valueRequired\":true,\"valueName\":\"search_term_string\"}}],\"inLanguage\":\"ca\"}]}<\/script>\n<!-- \/ Yoast SEO plugin. -->","yoast_head_json":{"title":"Presentaci\u00f3 corporativa - Meroil","robots":{"index":"index","follow":"follow","max-snippet":"max-snippet:-1","max-image-preview":"max-image-preview:large","max-video-preview":"max-video-preview:-1"},"canonical":"https:\/\/www.meroil.es\/ca\/presentacio\/presentacio-corporativa\/","og_locale":"ca_ES","og_type":"article","og_title":"Presentaci\u00f3 corporativa - Meroil","og_url":"https:\/\/www.meroil.es\/ca\/presentacio\/presentacio-corporativa\/","og_site_name":"Meroil","article_modified_time":"2024-08-01T11:58:45+00:00","twitter_card":"summary_large_image","twitter_misc":{"Temps estimat de lectura":"3 minuts"},"schema":{"@context":"https:\/\/schema.org","@graph":[{"@type":"WebPage","@id":"https:\/\/www.meroil.es\/ca\/presentacio\/presentacio-corporativa\/","url":"https:\/\/www.meroil.es\/ca\/presentacio\/presentacio-corporativa\/","name":"Presentaci\u00f3 corporativa - Meroil","isPartOf":{"@id":"https:\/\/www.meroil.es\/ca\/#website"},"datePublished":"2021-03-11T08:14:46+00:00","dateModified":"2024-08-01T11:58:45+00:00","breadcrumb":{"@id":"https:\/\/www.meroil.es\/ca\/presentacio\/presentacio-corporativa\/#breadcrumb"},"inLanguage":"ca","potentialAction":[{"@type":"ReadAction","target":["https:\/\/www.meroil.es\/ca\/presentacio\/presentacio-corporativa\/"]}]},{"@type":"BreadcrumbList","@id":"https:\/\/www.meroil.es\/ca\/presentacio\/presentacio-corporativa\/#breadcrumb","itemListElement":[{"@type":"ListItem","position":1,"name":"Inici","item":"https:\/\/www.meroil.es\/ca\/"},{"@type":"ListItem","position":2,"name":"Presentaci\u00f3","item":"https:\/\/www.meroil.es\/ca\/presentacio\/"},{"@type":"ListItem","position":3,"name":"Presentaci\u00f3 corporativa"}]},{"@type":"WebSite","@id":"https:\/\/www.meroil.es\/ca\/#website","url":"https:\/\/www.meroil.es\/ca\/","name":"Meroil","description":"Estaciones de proximidad","potentialAction":[{"@type":"SearchAction","target":{"@type":"EntryPoint","urlTemplate":"https:\/\/www.meroil.es\/ca\/?s={search_term_string}"},"query-input":{"@type":"PropertyValueSpecification","valueRequired":true,"valueName":"search_term_string"}}],"inLanguage":"ca"}]}},"_links":{"self":[{"href":"https:\/\/www.meroil.es\/ca\/wp-json\/wp\/v2\/pages\/4999","targetHints":{"allow":["GET"]}}],"collection":[{"href":"https:\/\/www.meroil.es\/ca\/wp-json\/wp\/v2\/pages"}],"about":[{"href":"https:\/\/www.meroil.es\/ca\/wp-json\/wp\/v2\/types\/page"}],"author":[{"embeddable":true,"href":"https:\/\/www.meroil.es\/ca\/wp-json\/wp\/v2\/users\/1"}],"replies":[{"embeddable":true,"href":"https:\/\/www.meroil.es\/ca\/wp-json\/wp\/v2\/comments?post=4999"}],"version-history":[{"count":2,"href":"https:\/\/www.meroil.es\/ca\/wp-json\/wp\/v2\/pages\/4999\/revisions"}],"predecessor-version":[{"id":6127,"href":"https:\/\/www.meroil.es\/ca\/wp-json\/wp\/v2\/pages\/4999\/revisions\/6127"}],"up":[{"embeddable":true,"href":"https:\/\/www.meroil.es\/ca\/wp-json\/wp\/v2\/pages\/4959"}],"wp:attachment":[{"href":"https:\/\/www.meroil.es\/ca\/wp-json\/wp\/v2\/media?parent=4999"}],"curies":[{"name":"wp","href":"https:\/\/api.w.org\/{rel}","templated":true}]}}