{"id":5011,"date":"2021-03-08T15:50:33","date_gmt":"2021-03-08T15:50:33","guid":{"rendered":"https:\/\/www.meroil.es\/terminales-de-almacenamiento\/"},"modified":"2026-02-04T13:54:26","modified_gmt":"2026-02-04T12:54:26","slug":"terminals-d-emmagatzematge","status":"publish","type":"page","link":"https:\/\/www.meroil.es\/ca\/logistica\/terminals-d-emmagatzematge\/","title":{"rendered":"Terminals d&#8217;emmagatzematge"},"content":{"rendered":"<div class=\"fusion-fullwidth fullwidth-box fusion-builder-row-1 fusion-flex-container nonhundred-percent-fullwidth non-hundred-percent-height-scrolling\" style=\"--awb-border-radius-top-left:0px;--awb-border-radius-top-right:0px;--awb-border-radius-bottom-right:0px;--awb-border-radius-bottom-left:0px;--awb-flex-wrap:wrap;\" ><div class=\"fusion-builder-row fusion-row fusion-flex-align-items-flex-start fusion-flex-content-wrap\" style=\"max-width:1216.8px;margin-left: calc(-4% \/ 2 );margin-right: calc(-4% \/ 2 );\"><div class=\"fusion-layout-column fusion_builder_column fusion-builder-column-0 fusion_builder_column_1_1 1_1 fusion-flex-column\" style=\"--awb-bg-size:cover;--awb-width-large:100%;--awb-margin-top-large:0px;--awb-spacing-right-large:1.92%;--awb-margin-bottom-large:20px;--awb-spacing-left-large:1.92%;--awb-width-medium:100%;--awb-order-medium:0;--awb-spacing-right-medium:1.92%;--awb-spacing-left-medium:1.92%;--awb-width-small:100%;--awb-order-small:0;--awb-spacing-right-small:1.92%;--awb-spacing-left-small:1.92%;\"><div class=\"fusion-column-wrapper fusion-column-has-shadow fusion-flex-justify-content-flex-start fusion-content-layout-column\"><div class=\"fusion-text fusion-text-1\"><p>Meroil disposa de facilitats log\u00edstiques de c\u00e0rrega a <strong>Barcelona, Val\u00e8ncia, Cartagena, C\u00f2rdova, Sevilla, Huelva, Vigo,\u00a0Coru\u00f1a, Bilbao, Saragossa i Madrid<\/strong>. Tot aix\u00f2 ens permet assegurar el subministrament en qualsevol punt del territori espanyol.<\/p>\n<p>La qualitat dels productes distribu\u00efts per Meroil est\u00e0 sempre controlada en tot moment per a oferir gasolines, gasoils, biodi\u00e8sel, lubricants i productes de suport adaptats a les necessitats dels nostres clients.<\/p>\n<\/div><div class=\"fusion-image-element \" style=\"text-align:center;--awb-max-width:600px;--awb-caption-title-font-family:var(--h2_typography-font-family);--awb-caption-title-font-weight:var(--h2_typography-font-weight);--awb-caption-title-font-style:var(--h2_typography-font-style);--awb-caption-title-size:var(--h2_typography-font-size);--awb-caption-title-transform:var(--h2_typography-text-transform);--awb-caption-title-line-height:var(--h2_typography-line-height);--awb-caption-title-letter-spacing:var(--h2_typography-letter-spacing);\"><span class=\" fusion-imageframe imageframe-none imageframe-1 hover-type-none\"><img decoding=\"async\" width=\"1200\" height=\"1200\" title=\"doodle freehand drawing of spain map.\" src=\"https:\/\/www.meroil.es\/wp-content\/uploads\/2026\/02\/mapa_meroil.jpg\" alt class=\"img-responsive wp-image-6635\" srcset=\"https:\/\/www.meroil.es\/wp-content\/uploads\/2026\/02\/mapa_meroil-200x200.jpg 200w, https:\/\/www.meroil.es\/wp-content\/uploads\/2026\/02\/mapa_meroil-400x400.jpg 400w, https:\/\/www.meroil.es\/wp-content\/uploads\/2026\/02\/mapa_meroil-600x600.jpg 600w, https:\/\/www.meroil.es\/wp-content\/uploads\/2026\/02\/mapa_meroil-800x800.jpg 800w, https:\/\/www.meroil.es\/wp-content\/uploads\/2026\/02\/mapa_meroil.jpg 1200w\" sizes=\"(max-width: 1024px) 100vw, (max-width: 640px) 100vw, 1200px\" \/><\/span><\/div><\/div><\/div><\/div><\/div>\n","protected":false},"excerpt":{"rendered":"","protected":false},"author":1,"featured_media":0,"parent":5013,"menu_order":0,"comment_status":"closed","ping_status":"closed","template":"","meta":{"footnotes":""},"class_list":["post-5011","page","type-page","status-publish","hentry"],"yoast_head":"<!-- This site is optimized with the Yoast SEO plugin v27.4 - https:\/\/yoast.com\/product\/yoast-seo-wordpress\/ -->\n<title>Terminals d&#039;emmagatzematge - Meroil<\/title>\n<meta name=\"robots\" content=\"index, follow, max-snippet:-1, max-image-preview:large, max-video-preview:-1\" \/>\n<link rel=\"canonical\" href=\"https:\/\/www.meroil.es\/ca\/logistica\/terminals-d-emmagatzematge\/\" \/>\n<meta property=\"og:locale\" content=\"ca_ES\" \/>\n<meta property=\"og:type\" content=\"article\" \/>\n<meta property=\"og:title\" content=\"Terminals d&#039;emmagatzematge - Meroil\" \/>\n<meta property=\"og:url\" content=\"https:\/\/www.meroil.es\/ca\/logistica\/terminals-d-emmagatzematge\/\" \/>\n<meta property=\"og:site_name\" content=\"Meroil\" \/>\n<meta property=\"article:modified_time\" content=\"2026-02-04T12:54:26+00:00\" \/>\n<meta name=\"twitter:card\" content=\"summary_large_image\" \/>\n<meta name=\"twitter:label1\" content=\"Temps estimat de lectura\" \/>\n\t<meta name=\"twitter:data1\" content=\"1 minut\" \/>\n<script type=\"application\/ld+json\" class=\"yoast-schema-graph\">{\"@context\":\"https:\\\/\\\/schema.org\",\"@graph\":[{\"@type\":\"WebPage\",\"@id\":\"https:\\\/\\\/www.meroil.es\\\/ca\\\/logistica\\\/terminals-d-emmagatzematge\\\/\",\"url\":\"https:\\\/\\\/www.meroil.es\\\/ca\\\/logistica\\\/terminals-d-emmagatzematge\\\/\",\"name\":\"Terminals d'emmagatzematge - Meroil\",\"isPartOf\":{\"@id\":\"https:\\\/\\\/www.meroil.es\\\/ca\\\/#website\"},\"datePublished\":\"2021-03-08T15:50:33+00:00\",\"dateModified\":\"2026-02-04T12:54:26+00:00\",\"breadcrumb\":{\"@id\":\"https:\\\/\\\/www.meroil.es\\\/ca\\\/logistica\\\/terminals-d-emmagatzematge\\\/#breadcrumb\"},\"inLanguage\":\"ca\",\"potentialAction\":[{\"@type\":\"ReadAction\",\"target\":[\"https:\\\/\\\/www.meroil.es\\\/ca\\\/logistica\\\/terminals-d-emmagatzematge\\\/\"]}]},{\"@type\":\"BreadcrumbList\",\"@id\":\"https:\\\/\\\/www.meroil.es\\\/ca\\\/logistica\\\/terminals-d-emmagatzematge\\\/#breadcrumb\",\"itemListElement\":[{\"@type\":\"ListItem\",\"position\":1,\"name\":\"Inici\",\"item\":\"https:\\\/\\\/www.meroil.es\\\/ca\\\/\"},{\"@type\":\"ListItem\",\"position\":2,\"name\":\"Log\u00edstica\",\"item\":\"https:\\\/\\\/www.meroil.es\\\/ca\\\/logistica\\\/\"},{\"@type\":\"ListItem\",\"position\":3,\"name\":\"Terminals d&#8217;emmagatzematge\"}]},{\"@type\":\"WebSite\",\"@id\":\"https:\\\/\\\/www.meroil.es\\\/ca\\\/#website\",\"url\":\"https:\\\/\\\/www.meroil.es\\\/ca\\\/\",\"name\":\"Meroil\",\"description\":\"Estaciones de proximidad\",\"potentialAction\":[{\"@type\":\"SearchAction\",\"target\":{\"@type\":\"EntryPoint\",\"urlTemplate\":\"https:\\\/\\\/www.meroil.es\\\/ca\\\/?s={search_term_string}\"},\"query-input\":{\"@type\":\"PropertyValueSpecification\",\"valueRequired\":true,\"valueName\":\"search_term_string\"}}],\"inLanguage\":\"ca\"}]}<\/script>\n<!-- \/ Yoast SEO plugin. -->","yoast_head_json":{"title":"Terminals d'emmagatzematge - Meroil","robots":{"index":"index","follow":"follow","max-snippet":"max-snippet:-1","max-image-preview":"max-image-preview:large","max-video-preview":"max-video-preview:-1"},"canonical":"https:\/\/www.meroil.es\/ca\/logistica\/terminals-d-emmagatzematge\/","og_locale":"ca_ES","og_type":"article","og_title":"Terminals d'emmagatzematge - Meroil","og_url":"https:\/\/www.meroil.es\/ca\/logistica\/terminals-d-emmagatzematge\/","og_site_name":"Meroil","article_modified_time":"2026-02-04T12:54:26+00:00","twitter_card":"summary_large_image","twitter_misc":{"Temps estimat de lectura":"1 minut"},"schema":{"@context":"https:\/\/schema.org","@graph":[{"@type":"WebPage","@id":"https:\/\/www.meroil.es\/ca\/logistica\/terminals-d-emmagatzematge\/","url":"https:\/\/www.meroil.es\/ca\/logistica\/terminals-d-emmagatzematge\/","name":"Terminals d'emmagatzematge - Meroil","isPartOf":{"@id":"https:\/\/www.meroil.es\/ca\/#website"},"datePublished":"2021-03-08T15:50:33+00:00","dateModified":"2026-02-04T12:54:26+00:00","breadcrumb":{"@id":"https:\/\/www.meroil.es\/ca\/logistica\/terminals-d-emmagatzematge\/#breadcrumb"},"inLanguage":"ca","potentialAction":[{"@type":"ReadAction","target":["https:\/\/www.meroil.es\/ca\/logistica\/terminals-d-emmagatzematge\/"]}]},{"@type":"BreadcrumbList","@id":"https:\/\/www.meroil.es\/ca\/logistica\/terminals-d-emmagatzematge\/#breadcrumb","itemListElement":[{"@type":"ListItem","position":1,"name":"Inici","item":"https:\/\/www.meroil.es\/ca\/"},{"@type":"ListItem","position":2,"name":"Log\u00edstica","item":"https:\/\/www.meroil.es\/ca\/logistica\/"},{"@type":"ListItem","position":3,"name":"Terminals d&#8217;emmagatzematge"}]},{"@type":"WebSite","@id":"https:\/\/www.meroil.es\/ca\/#website","url":"https:\/\/www.meroil.es\/ca\/","name":"Meroil","description":"Estaciones de proximidad","potentialAction":[{"@type":"SearchAction","target":{"@type":"EntryPoint","urlTemplate":"https:\/\/www.meroil.es\/ca\/?s={search_term_string}"},"query-input":{"@type":"PropertyValueSpecification","valueRequired":true,"valueName":"search_term_string"}}],"inLanguage":"ca"}]}},"_links":{"self":[{"href":"https:\/\/www.meroil.es\/ca\/wp-json\/wp\/v2\/pages\/5011","targetHints":{"allow":["GET"]}}],"collection":[{"href":"https:\/\/www.meroil.es\/ca\/wp-json\/wp\/v2\/pages"}],"about":[{"href":"https:\/\/www.meroil.es\/ca\/wp-json\/wp\/v2\/types\/page"}],"author":[{"embeddable":true,"href":"https:\/\/www.meroil.es\/ca\/wp-json\/wp\/v2\/users\/1"}],"replies":[{"embeddable":true,"href":"https:\/\/www.meroil.es\/ca\/wp-json\/wp\/v2\/comments?post=5011"}],"version-history":[{"count":2,"href":"https:\/\/www.meroil.es\/ca\/wp-json\/wp\/v2\/pages\/5011\/revisions"}],"predecessor-version":[{"id":6640,"href":"https:\/\/www.meroil.es\/ca\/wp-json\/wp\/v2\/pages\/5011\/revisions\/6640"}],"up":[{"embeddable":true,"href":"https:\/\/www.meroil.es\/ca\/wp-json\/wp\/v2\/pages\/5013"}],"wp:attachment":[{"href":"https:\/\/www.meroil.es\/ca\/wp-json\/wp\/v2\/media?parent=5011"}],"curies":[{"name":"wp","href":"https:\/\/api.w.org\/{rel}","templated":true}]}}