{"id":5037,"date":"2021-03-08T15:45:25","date_gmt":"2021-03-08T15:45:25","guid":{"rendered":"https:\/\/www.meroil.es\/silver\/"},"modified":"2024-11-02T10:11:30","modified_gmt":"2024-11-02T10:11:30","slug":"silver","status":"publish","type":"page","link":"https:\/\/www.meroil.es\/ca\/targetes\/silver\/","title":{"rendered":"Silver"},"content":{"rendered":"<div class=\"fusion-fullwidth fullwidth-box fusion-builder-row-1 fusion-flex-container nonhundred-percent-fullwidth non-hundred-percent-height-scrolling\" style=\"--awb-border-radius-top-left:0px;--awb-border-radius-top-right:0px;--awb-border-radius-bottom-right:0px;--awb-border-radius-bottom-left:0px;--awb-flex-wrap:wrap;\" ><div class=\"fusion-builder-row fusion-row fusion-flex-align-items-flex-start fusion-flex-content-wrap\" style=\"max-width:1216.8px;margin-left: calc(-4% \/ 2 );margin-right: calc(-4% \/ 2 );\"><div class=\"fusion-layout-column fusion_builder_column fusion-builder-column-0 fusion_builder_column_2_3 2_3 fusion-flex-column\" style=\"--awb-bg-size:cover;--awb-width-large:66.666666666667%;--awb-margin-top-large:0px;--awb-spacing-right-large:2.88%;--awb-margin-bottom-large:20px;--awb-spacing-left-large:2.88%;--awb-width-medium:100%;--awb-order-medium:0;--awb-spacing-right-medium:1.92%;--awb-spacing-left-medium:1.92%;--awb-width-small:100%;--awb-order-small:0;--awb-spacing-right-small:1.92%;--awb-spacing-left-small:1.92%;\"><div class=\"fusion-column-wrapper fusion-column-has-shadow fusion-flex-justify-content-flex-start fusion-content-layout-column\"><div class=\"fusion-title title fusion-title-1 fusion-title-text fusion-title-size-three\"><div class=\"title-sep-container title-sep-container-left fusion-no-large-visibility fusion-no-medium-visibility fusion-no-small-visibility\"><div class=\"title-sep sep- sep-solid\" style=\"border-color:#e0dede;\"><\/div><\/div><span class=\"awb-title-spacer fusion-no-large-visibility fusion-no-medium-visibility fusion-no-small-visibility\"><\/span><h3 class=\"fusion-title-heading title-heading-left fusion-responsive-typography-calculated\" style=\"margin:0;--fontSize:20;--minFontSize:20;line-height:1.6;\">Targeta Silver<\/h3><span class=\"awb-title-spacer\"><\/span><div class=\"title-sep-container title-sep-container-right\"><div class=\"title-sep sep- sep-solid\" style=\"border-color:#e0dede;\"><\/div><\/div><\/div><div class=\"fusion-text fusion-text-1\"><p>La targeta SILVER \u00e9s una modalitat de la targeta RED pensada per a aquells professionals del transport als quals la AEAT els autoritza la devoluci\u00f3 de part dels Impostos Especials d&#8217;Hidrocarburs com a consumidors autoritzats de Gasoil Professional.<\/p>\n<p>En utilitzar-la, a m\u00e9s de rebre c\u00f2modament una factura mensual amb el detall de tots els subministraments realitzats, MEROIL s&#8217;encarrega directament de comunicar totes les operacions realitzades perqu\u00e8 el beneficiari pugui rebre la devoluci\u00f3 que li correspon per part de la AEAT.<\/p>\n<p>En el cas que estiguis interessat emplena el <a href=\"https:\/\/www.meroil.es\/ca\/contacte\/#791cf0b54fc041967\" rel=\"noopener\"><strong>seg\u00fcent formulari<\/strong><\/a> i un dels nostres assessors es posar\u00e0 en contacte amb tu per a ampliar informaci\u00f3, o acudeix a la teva Estaci\u00f3 de Servei habitual i t&#8217;informarem.<\/p>\n<\/div><\/div><\/div><div class=\"fusion-layout-column fusion_builder_column fusion-builder-column-1 fusion_builder_column_1_3 1_3 fusion-flex-column\" style=\"--awb-bg-size:cover;--awb-width-large:33.333333333333%;--awb-margin-top-large:0px;--awb-spacing-right-large:5.76%;--awb-margin-bottom-large:20px;--awb-spacing-left-large:5.76%;--awb-width-medium:100%;--awb-order-medium:0;--awb-spacing-right-medium:1.92%;--awb-spacing-left-medium:1.92%;--awb-width-small:100%;--awb-order-small:0;--awb-spacing-right-small:1.92%;--awb-spacing-left-small:1.92%;\"><div class=\"fusion-column-wrapper fusion-column-has-shadow fusion-flex-justify-content-flex-start fusion-content-layout-column\"><div class=\"fusion-image-element \" style=\"--awb-caption-title-font-family:var(--h2_typography-font-family);--awb-caption-title-font-weight:var(--h2_typography-font-weight);--awb-caption-title-font-style:var(--h2_typography-font-style);--awb-caption-title-size:var(--h2_typography-font-size);--awb-caption-title-transform:var(--h2_typography-text-transform);--awb-caption-title-line-height:var(--h2_typography-line-height);--awb-caption-title-letter-spacing:var(--h2_typography-letter-spacing);\"><span class=\" fusion-imageframe imageframe-none imageframe-1 hover-type-none\"><img decoding=\"async\" width=\"400\" height=\"256\" title=\"meroil_silver_card\" src=\"https:\/\/www.meroil.es\/wp-content\/uploads\/2024\/11\/meroil_silver_card.png\" alt class=\"img-responsive wp-image-6315\" srcset=\"https:\/\/www.meroil.es\/wp-content\/uploads\/2024\/11\/meroil_silver_card-200x128.png 200w, https:\/\/www.meroil.es\/wp-content\/uploads\/2024\/11\/meroil_silver_card.png 400w\" sizes=\"(max-width: 1024px) 100vw, (max-width: 640px) 100vw, 400px\" \/><\/span><\/div><div style=\"text-align:center;\"><a class=\"fusion-button button-flat button-large button-default fusion-button-default button-1 fusion-button-span-yes fusion-button-default-type\" style=\"--button_text_transform:none;--button_margin-top:20px;\" target=\"_blank\" rel=\"noopener noreferrer\" href=\"https:\/\/onboarding.meroil.es\/silver\"><span class=\"fusion-button-text awb-button__text awb-button__text--default\">Sol\u00b7licita la teva targeta aqu\u00ed<\/span><\/a><\/div><\/div><\/div><\/div><\/div>\n","protected":false},"excerpt":{"rendered":"","protected":false},"author":1,"featured_media":0,"parent":5083,"menu_order":0,"comment_status":"closed","ping_status":"closed","template":"","meta":{"footnotes":""},"class_list":["post-5037","page","type-page","status-publish","hentry"],"yoast_head":"<!-- This site is optimized with the Yoast SEO plugin v26.7 - https:\/\/yoast.com\/wordpress\/plugins\/seo\/ -->\n<title>Silver - Meroil<\/title>\n<meta name=\"robots\" content=\"index, follow, max-snippet:-1, max-image-preview:large, max-video-preview:-1\" \/>\n<link rel=\"canonical\" href=\"https:\/\/www.meroil.es\/ca\/targetes\/silver\/\" \/>\n<meta property=\"og:locale\" content=\"ca_ES\" \/>\n<meta property=\"og:type\" content=\"article\" \/>\n<meta property=\"og:title\" content=\"Silver - Meroil\" \/>\n<meta property=\"og:url\" content=\"https:\/\/www.meroil.es\/ca\/targetes\/silver\/\" \/>\n<meta property=\"og:site_name\" content=\"Meroil\" \/>\n<meta property=\"article:modified_time\" content=\"2024-11-02T10:11:30+00:00\" \/>\n<meta name=\"twitter:card\" content=\"summary_large_image\" \/>\n<meta name=\"twitter:label1\" content=\"Temps estimat de lectura\" \/>\n\t<meta name=\"twitter:data1\" content=\"1 minut\" \/>\n<script type=\"application\/ld+json\" class=\"yoast-schema-graph\">{\"@context\":\"https:\/\/schema.org\",\"@graph\":[{\"@type\":\"WebPage\",\"@id\":\"https:\/\/www.meroil.es\/ca\/targetes\/silver\/\",\"url\":\"https:\/\/www.meroil.es\/ca\/targetes\/silver\/\",\"name\":\"Silver - Meroil\",\"isPartOf\":{\"@id\":\"https:\/\/www.meroil.es\/ca\/#website\"},\"datePublished\":\"2021-03-08T15:45:25+00:00\",\"dateModified\":\"2024-11-02T10:11:30+00:00\",\"breadcrumb\":{\"@id\":\"https:\/\/www.meroil.es\/ca\/targetes\/silver\/#breadcrumb\"},\"inLanguage\":\"ca\",\"potentialAction\":[{\"@type\":\"ReadAction\",\"target\":[\"https:\/\/www.meroil.es\/ca\/targetes\/silver\/\"]}]},{\"@type\":\"BreadcrumbList\",\"@id\":\"https:\/\/www.meroil.es\/ca\/targetes\/silver\/#breadcrumb\",\"itemListElement\":[{\"@type\":\"ListItem\",\"position\":1,\"name\":\"Inici\",\"item\":\"https:\/\/www.meroil.es\/ca\/\"},{\"@type\":\"ListItem\",\"position\":2,\"name\":\"Targetes\",\"item\":\"https:\/\/www.meroil.es\/ca\/targetes\/\"},{\"@type\":\"ListItem\",\"position\":3,\"name\":\"Silver\"}]},{\"@type\":\"WebSite\",\"@id\":\"https:\/\/www.meroil.es\/ca\/#website\",\"url\":\"https:\/\/www.meroil.es\/ca\/\",\"name\":\"Meroil\",\"description\":\"Estaciones de proximidad\",\"potentialAction\":[{\"@type\":\"SearchAction\",\"target\":{\"@type\":\"EntryPoint\",\"urlTemplate\":\"https:\/\/www.meroil.es\/ca\/?s={search_term_string}\"},\"query-input\":{\"@type\":\"PropertyValueSpecification\",\"valueRequired\":true,\"valueName\":\"search_term_string\"}}],\"inLanguage\":\"ca\"}]}<\/script>\n<!-- \/ Yoast SEO plugin. -->","yoast_head_json":{"title":"Silver - Meroil","robots":{"index":"index","follow":"follow","max-snippet":"max-snippet:-1","max-image-preview":"max-image-preview:large","max-video-preview":"max-video-preview:-1"},"canonical":"https:\/\/www.meroil.es\/ca\/targetes\/silver\/","og_locale":"ca_ES","og_type":"article","og_title":"Silver - Meroil","og_url":"https:\/\/www.meroil.es\/ca\/targetes\/silver\/","og_site_name":"Meroil","article_modified_time":"2024-11-02T10:11:30+00:00","twitter_card":"summary_large_image","twitter_misc":{"Temps estimat de lectura":"1 minut"},"schema":{"@context":"https:\/\/schema.org","@graph":[{"@type":"WebPage","@id":"https:\/\/www.meroil.es\/ca\/targetes\/silver\/","url":"https:\/\/www.meroil.es\/ca\/targetes\/silver\/","name":"Silver - Meroil","isPartOf":{"@id":"https:\/\/www.meroil.es\/ca\/#website"},"datePublished":"2021-03-08T15:45:25+00:00","dateModified":"2024-11-02T10:11:30+00:00","breadcrumb":{"@id":"https:\/\/www.meroil.es\/ca\/targetes\/silver\/#breadcrumb"},"inLanguage":"ca","potentialAction":[{"@type":"ReadAction","target":["https:\/\/www.meroil.es\/ca\/targetes\/silver\/"]}]},{"@type":"BreadcrumbList","@id":"https:\/\/www.meroil.es\/ca\/targetes\/silver\/#breadcrumb","itemListElement":[{"@type":"ListItem","position":1,"name":"Inici","item":"https:\/\/www.meroil.es\/ca\/"},{"@type":"ListItem","position":2,"name":"Targetes","item":"https:\/\/www.meroil.es\/ca\/targetes\/"},{"@type":"ListItem","position":3,"name":"Silver"}]},{"@type":"WebSite","@id":"https:\/\/www.meroil.es\/ca\/#website","url":"https:\/\/www.meroil.es\/ca\/","name":"Meroil","description":"Estaciones de proximidad","potentialAction":[{"@type":"SearchAction","target":{"@type":"EntryPoint","urlTemplate":"https:\/\/www.meroil.es\/ca\/?s={search_term_string}"},"query-input":{"@type":"PropertyValueSpecification","valueRequired":true,"valueName":"search_term_string"}}],"inLanguage":"ca"}]}},"_links":{"self":[{"href":"https:\/\/www.meroil.es\/ca\/wp-json\/wp\/v2\/pages\/5037","targetHints":{"allow":["GET"]}}],"collection":[{"href":"https:\/\/www.meroil.es\/ca\/wp-json\/wp\/v2\/pages"}],"about":[{"href":"https:\/\/www.meroil.es\/ca\/wp-json\/wp\/v2\/types\/page"}],"author":[{"embeddable":true,"href":"https:\/\/www.meroil.es\/ca\/wp-json\/wp\/v2\/users\/1"}],"replies":[{"embeddable":true,"href":"https:\/\/www.meroil.es\/ca\/wp-json\/wp\/v2\/comments?post=5037"}],"version-history":[{"count":2,"href":"https:\/\/www.meroil.es\/ca\/wp-json\/wp\/v2\/pages\/5037\/revisions"}],"predecessor-version":[{"id":6318,"href":"https:\/\/www.meroil.es\/ca\/wp-json\/wp\/v2\/pages\/5037\/revisions\/6318"}],"up":[{"embeddable":true,"href":"https:\/\/www.meroil.es\/ca\/wp-json\/wp\/v2\/pages\/5083"}],"wp:attachment":[{"href":"https:\/\/www.meroil.es\/ca\/wp-json\/wp\/v2\/media?parent=5037"}],"curies":[{"name":"wp","href":"https:\/\/api.w.org\/{rel}","templated":true}]}}