{"id":5049,"date":"2021-03-08T15:43:48","date_gmt":"2021-03-08T15:43:48","guid":{"rendered":"https:\/\/www.meroil.es\/fidelity\/"},"modified":"2024-11-02T09:48:20","modified_gmt":"2024-11-02T09:48:20","slug":"fidelity","status":"publish","type":"page","link":"https:\/\/www.meroil.es\/ca\/targetes\/fidelity\/","title":{"rendered":"Fidelity"},"content":{"rendered":"<div class=\"fusion-fullwidth fullwidth-box fusion-builder-row-1 fusion-flex-container nonhundred-percent-fullwidth non-hundred-percent-height-scrolling\" style=\"--awb-border-radius-top-left:0px;--awb-border-radius-top-right:0px;--awb-border-radius-bottom-right:0px;--awb-border-radius-bottom-left:0px;--awb-flex-wrap:wrap;\" ><div class=\"fusion-builder-row fusion-row fusion-flex-align-items-flex-start fusion-flex-content-wrap\" style=\"max-width:1216.8px;margin-left: calc(-4% \/ 2 );margin-right: calc(-4% \/ 2 );\"><div class=\"fusion-layout-column fusion_builder_column fusion-builder-column-0 fusion_builder_column_2_3 2_3 fusion-flex-column\" style=\"--awb-bg-size:cover;--awb-width-large:66.666666666667%;--awb-margin-top-large:0px;--awb-spacing-right-large:2.88%;--awb-margin-bottom-large:20px;--awb-spacing-left-large:2.88%;--awb-width-medium:100%;--awb-order-medium:0;--awb-spacing-right-medium:1.92%;--awb-spacing-left-medium:1.92%;--awb-width-small:100%;--awb-order-small:0;--awb-spacing-right-small:1.92%;--awb-spacing-left-small:1.92%;\"><div class=\"fusion-column-wrapper fusion-column-has-shadow fusion-flex-justify-content-flex-start fusion-content-layout-column\"><div class=\"fusion-title title fusion-title-1 fusion-title-text fusion-title-size-three\" style=\"--awb-margin-top-small:0px;--awb-margin-right-small:0px;--awb-margin-bottom-small:20px;--awb-margin-left-small:0px;\"><div class=\"title-sep-container title-sep-container-left fusion-no-large-visibility fusion-no-medium-visibility fusion-no-small-visibility\"><div class=\"title-sep sep- sep-solid\" style=\"border-color:#e0dede;\"><\/div><\/div><span class=\"awb-title-spacer fusion-no-large-visibility fusion-no-medium-visibility fusion-no-small-visibility\"><\/span><h3 class=\"fusion-title-heading title-heading-left fusion-responsive-typography-calculated\" style=\"margin:0;--fontSize:20;--minFontSize:20;line-height:1.6;\">Targeta Fidelity<\/h3><span class=\"awb-title-spacer\"><\/span><div class=\"title-sep-container title-sep-container-right\"><div class=\"title-sep sep- sep-solid\" style=\"border-color:#e0dede;\"><\/div><\/div><\/div><div class=\"fusion-text fusion-text-1\"><p>Des de Meroil volem premiar la seva fidelitat, per aix\u00f2 hem dissenyat la targeta de punts Meroil FIDELITY. Amb ella podr\u00e0s sumar punts en totes aquelles estacions Meroil adherides a la mateixa i obtenir magn\u00edfics regals. Quants m\u00e9s litres repostis en les nostres estacions m\u00e9s punts acumular\u00e0s i per tant millors regals podr\u00e0s aconseguir.<\/p>\n<p>Per a aconseguir-la consulta la relaci\u00f3 de EESS adherides al programa Meroil Fidelity acudeix a la m\u00e9s pr\u00f2xima i sol\u00b7licita-la en el taulell. Des d&#8217;aquest mateix moment ja la podr\u00e0s utilitzar per a acumular punts, encara que per a poder canviar els punts per regals haur\u00e0s d&#8217;haver-la activat.<\/p>\n<p>Per a activar-la ho podr\u00e0s fer f\u00e0cilment <a href=\"https:\/\/onboarding.meroil.es\/fidelity\" target=\"_blank\" rel=\"noopener\">des de aquesta mateixa web<\/a>, completant les teves dades en un breu q\u00fcestionari i validant la teva adre\u00e7a de correu electr\u00f2nic.<\/p>\n<p>La targeta FIDELITY \u00e9s personal i intransferible i molt f\u00e0cil d&#8217;utilitzar. Si tens dubtes acudeix a la teva Estaci\u00f3 de Servei Meroil i te les aclariran o si ho prefereixes consulta les bases en aquesta mateixa web <a href=\"https:\/\/www.meroil.es\/ca\/targetes\/particulares\/fidelity\/bases-del-programa\/\">Bases Tarjeta Meroil Fidelity<\/a>. Els punts poden variar en funci\u00f3 de l&#8217;Estaci\u00f3 de Servei entre 1 litre = 1 punt a 1 litre = 3 punts.<\/p>\n<p>Ho hem organitzat perqu\u00e8 aprofitis les teves visites a l&#8217;Estaci\u00f3 de Servei perqu\u00e8 des d&#8217;all\u00ed sol\u00b7licitis el regal que m\u00e9s t&#8217;agradi i el vagis a recollir tamb\u00e9 all\u00ed. Aix\u00ed no has d&#8217;estar pendent d&#8217;estar a casa per a rebre&#8217;ls.<\/p>\n<p>Et recomanem que acudeixis a la teva estaci\u00f3 habitual per a con\u00e8ixer la seva disponibilitat.<\/p>\n<\/div><\/div><\/div><div class=\"fusion-layout-column fusion_builder_column fusion-builder-column-1 fusion_builder_column_1_3 1_3 fusion-flex-column\" style=\"--awb-bg-size:cover;--awb-width-large:33.333333333333%;--awb-margin-top-large:0px;--awb-spacing-right-large:5.76%;--awb-margin-bottom-large:20px;--awb-spacing-left-large:5.76%;--awb-width-medium:100%;--awb-order-medium:0;--awb-spacing-right-medium:1.92%;--awb-spacing-left-medium:1.92%;--awb-width-small:100%;--awb-order-small:0;--awb-spacing-right-small:1.92%;--awb-spacing-left-small:1.92%;\"><div class=\"fusion-column-wrapper fusion-column-has-shadow fusion-flex-justify-content-flex-start fusion-content-layout-column\"><div class=\"fusion-image-element \" style=\"text-align:center;--awb-caption-title-font-family:var(--h2_typography-font-family);--awb-caption-title-font-weight:var(--h2_typography-font-weight);--awb-caption-title-font-style:var(--h2_typography-font-style);--awb-caption-title-size:var(--h2_typography-font-size);--awb-caption-title-transform:var(--h2_typography-text-transform);--awb-caption-title-line-height:var(--h2_typography-line-height);--awb-caption-title-letter-spacing:var(--h2_typography-letter-spacing);\"><span class=\" fusion-imageframe imageframe-none imageframe-1 hover-type-none\"><img decoding=\"async\" width=\"400\" height=\"256\" title=\"meroil_fidelity\" src=\"https:\/\/www.meroil.es\/wp-content\/uploads\/2024\/11\/meroil_fidelity.png\" alt class=\"img-responsive wp-image-6296\" srcset=\"https:\/\/www.meroil.es\/wp-content\/uploads\/2024\/11\/meroil_fidelity-200x128.png 200w, https:\/\/www.meroil.es\/wp-content\/uploads\/2024\/11\/meroil_fidelity.png 400w\" sizes=\"(max-width: 1024px) 100vw, (max-width: 640px) 100vw, 400px\" \/><\/span><\/div><div style=\"text-align:center;\"><a class=\"fusion-button button-flat button-large button-default fusion-button-default button-1 fusion-button-span-yes fusion-button-default-type\" style=\"--awb-margin-top:20px;--button_text_transform:uppercase;\" target=\"_blank\" rel=\"noopener noreferrer\" href=\"http:\/\/onboarding.meroil.es\/fidelity\"><span class=\"fusion-button-text awb-button__text awb-button__text--default\">Activa la teva targeta aqu\u00ed<\/span><\/a><\/div><div style=\"text-align:center;\"><a class=\"fusion-button button-flat button-large button-default fusion-button-default button-2 fusion-button-span-yes fusion-button-default-type\" style=\"--awb-margin-top:20px;--button_text_transform:uppercase;\" target=\"_self\" href=\"https:\/\/www.meroil.es\/catalogo\/\"><span class=\"fusion-button-text awb-button__text awb-button__text--default\">Cat\u00e0leg de punts<\/span><\/a><\/div><div style=\"text-align:center;\"><a class=\"fusion-button button-flat button-large button-default fusion-button-default button-3 fusion-button-span-yes fusion-button-default-type\" style=\"--awb-margin-top:20px;--button_text_transform:uppercase;\" target=\"_self\" href=\"https:\/\/www.meroil.es\/ca\/targetes\/fidelity\/consulta-de-punts\/\"><span class=\"fusion-button-text awb-button__text awb-button__text--default\">Consulta de punts<\/span><\/a><\/div><div style=\"text-align:center;\"><a class=\"fusion-button button-flat button-large button-default fusion-button-default button-4 fusion-button-span-yes fusion-button-default-type\" style=\"--awb-margin-top:20px;--button_text_transform:uppercase;\" target=\"_self\" href=\"https:\/\/www.meroil.es\/ca\/targetes\/fidelity\/bases-del-programa\/\"><span class=\"fusion-button-text awb-button__text awb-button__text--default\">Bases<\/span><\/a><\/div><\/div><\/div><\/div><\/div>\n","protected":false},"excerpt":{"rendered":"","protected":false},"author":1,"featured_media":0,"parent":5083,"menu_order":0,"comment_status":"closed","ping_status":"closed","template":"","meta":{"footnotes":""},"class_list":["post-5049","page","type-page","status-publish","hentry"],"yoast_head":"<!-- This site is optimized with the Yoast SEO plugin v27.5 - https:\/\/yoast.com\/product\/yoast-seo-wordpress\/ -->\n<title>Fidelity - Meroil<\/title>\n<meta name=\"robots\" content=\"index, follow, max-snippet:-1, max-image-preview:large, max-video-preview:-1\" \/>\n<link rel=\"canonical\" href=\"https:\/\/www.meroil.es\/ca\/targetes\/fidelity\/\" \/>\n<meta property=\"og:locale\" content=\"ca_ES\" \/>\n<meta property=\"og:type\" content=\"article\" \/>\n<meta property=\"og:title\" content=\"Fidelity - Meroil\" \/>\n<meta property=\"og:url\" content=\"https:\/\/www.meroil.es\/ca\/targetes\/fidelity\/\" \/>\n<meta property=\"og:site_name\" content=\"Meroil\" \/>\n<meta property=\"article:modified_time\" content=\"2024-11-02T09:48:20+00:00\" \/>\n<meta name=\"twitter:card\" content=\"summary_large_image\" \/>\n<meta name=\"twitter:label1\" content=\"Temps estimat de lectura\" \/>\n\t<meta name=\"twitter:data1\" content=\"2 minuts\" \/>\n<script type=\"application\/ld+json\" class=\"yoast-schema-graph\">{\"@context\":\"https:\\\/\\\/schema.org\",\"@graph\":[{\"@type\":\"WebPage\",\"@id\":\"https:\\\/\\\/www.meroil.es\\\/ca\\\/targetes\\\/fidelity\\\/\",\"url\":\"https:\\\/\\\/www.meroil.es\\\/ca\\\/targetes\\\/fidelity\\\/\",\"name\":\"Fidelity - Meroil\",\"isPartOf\":{\"@id\":\"https:\\\/\\\/www.meroil.es\\\/ca\\\/#website\"},\"datePublished\":\"2021-03-08T15:43:48+00:00\",\"dateModified\":\"2024-11-02T09:48:20+00:00\",\"breadcrumb\":{\"@id\":\"https:\\\/\\\/www.meroil.es\\\/ca\\\/targetes\\\/fidelity\\\/#breadcrumb\"},\"inLanguage\":\"ca\",\"potentialAction\":[{\"@type\":\"ReadAction\",\"target\":[\"https:\\\/\\\/www.meroil.es\\\/ca\\\/targetes\\\/fidelity\\\/\"]}]},{\"@type\":\"BreadcrumbList\",\"@id\":\"https:\\\/\\\/www.meroil.es\\\/ca\\\/targetes\\\/fidelity\\\/#breadcrumb\",\"itemListElement\":[{\"@type\":\"ListItem\",\"position\":1,\"name\":\"Inici\",\"item\":\"https:\\\/\\\/www.meroil.es\\\/ca\\\/\"},{\"@type\":\"ListItem\",\"position\":2,\"name\":\"Targetes\",\"item\":\"https:\\\/\\\/www.meroil.es\\\/ca\\\/targetes\\\/\"},{\"@type\":\"ListItem\",\"position\":3,\"name\":\"Fidelity\"}]},{\"@type\":\"WebSite\",\"@id\":\"https:\\\/\\\/www.meroil.es\\\/ca\\\/#website\",\"url\":\"https:\\\/\\\/www.meroil.es\\\/ca\\\/\",\"name\":\"Meroil\",\"description\":\"Estaciones de proximidad\",\"potentialAction\":[{\"@type\":\"SearchAction\",\"target\":{\"@type\":\"EntryPoint\",\"urlTemplate\":\"https:\\\/\\\/www.meroil.es\\\/ca\\\/?s={search_term_string}\"},\"query-input\":{\"@type\":\"PropertyValueSpecification\",\"valueRequired\":true,\"valueName\":\"search_term_string\"}}],\"inLanguage\":\"ca\"}]}<\/script>\n<!-- \/ Yoast SEO plugin. -->","yoast_head_json":{"title":"Fidelity - Meroil","robots":{"index":"index","follow":"follow","max-snippet":"max-snippet:-1","max-image-preview":"max-image-preview:large","max-video-preview":"max-video-preview:-1"},"canonical":"https:\/\/www.meroil.es\/ca\/targetes\/fidelity\/","og_locale":"ca_ES","og_type":"article","og_title":"Fidelity - Meroil","og_url":"https:\/\/www.meroil.es\/ca\/targetes\/fidelity\/","og_site_name":"Meroil","article_modified_time":"2024-11-02T09:48:20+00:00","twitter_card":"summary_large_image","twitter_misc":{"Temps estimat de lectura":"2 minuts"},"schema":{"@context":"https:\/\/schema.org","@graph":[{"@type":"WebPage","@id":"https:\/\/www.meroil.es\/ca\/targetes\/fidelity\/","url":"https:\/\/www.meroil.es\/ca\/targetes\/fidelity\/","name":"Fidelity - Meroil","isPartOf":{"@id":"https:\/\/www.meroil.es\/ca\/#website"},"datePublished":"2021-03-08T15:43:48+00:00","dateModified":"2024-11-02T09:48:20+00:00","breadcrumb":{"@id":"https:\/\/www.meroil.es\/ca\/targetes\/fidelity\/#breadcrumb"},"inLanguage":"ca","potentialAction":[{"@type":"ReadAction","target":["https:\/\/www.meroil.es\/ca\/targetes\/fidelity\/"]}]},{"@type":"BreadcrumbList","@id":"https:\/\/www.meroil.es\/ca\/targetes\/fidelity\/#breadcrumb","itemListElement":[{"@type":"ListItem","position":1,"name":"Inici","item":"https:\/\/www.meroil.es\/ca\/"},{"@type":"ListItem","position":2,"name":"Targetes","item":"https:\/\/www.meroil.es\/ca\/targetes\/"},{"@type":"ListItem","position":3,"name":"Fidelity"}]},{"@type":"WebSite","@id":"https:\/\/www.meroil.es\/ca\/#website","url":"https:\/\/www.meroil.es\/ca\/","name":"Meroil","description":"Estaciones de proximidad","potentialAction":[{"@type":"SearchAction","target":{"@type":"EntryPoint","urlTemplate":"https:\/\/www.meroil.es\/ca\/?s={search_term_string}"},"query-input":{"@type":"PropertyValueSpecification","valueRequired":true,"valueName":"search_term_string"}}],"inLanguage":"ca"}]}},"_links":{"self":[{"href":"https:\/\/www.meroil.es\/ca\/wp-json\/wp\/v2\/pages\/5049","targetHints":{"allow":["GET"]}}],"collection":[{"href":"https:\/\/www.meroil.es\/ca\/wp-json\/wp\/v2\/pages"}],"about":[{"href":"https:\/\/www.meroil.es\/ca\/wp-json\/wp\/v2\/types\/page"}],"author":[{"embeddable":true,"href":"https:\/\/www.meroil.es\/ca\/wp-json\/wp\/v2\/users\/1"}],"replies":[{"embeddable":true,"href":"https:\/\/www.meroil.es\/ca\/wp-json\/wp\/v2\/comments?post=5049"}],"version-history":[{"count":4,"href":"https:\/\/www.meroil.es\/ca\/wp-json\/wp\/v2\/pages\/5049\/revisions"}],"predecessor-version":[{"id":6300,"href":"https:\/\/www.meroil.es\/ca\/wp-json\/wp\/v2\/pages\/5049\/revisions\/6300"}],"up":[{"embeddable":true,"href":"https:\/\/www.meroil.es\/ca\/wp-json\/wp\/v2\/pages\/5083"}],"wp:attachment":[{"href":"https:\/\/www.meroil.es\/ca\/wp-json\/wp\/v2\/media?parent=5049"}],"curies":[{"name":"wp","href":"https:\/\/api.w.org\/{rel}","templated":true}]}}