{"id":5059,"date":"2021-03-04T08:33:12","date_gmt":"2021-03-04T08:33:12","guid":{"rendered":"https:\/\/www.meroil.es\/red-de-estaciones\/buscador-estaciones\/"},"modified":"2021-10-28T16:29:06","modified_gmt":"2021-10-28T16:29:06","slug":"cercador-estacions","status":"publish","type":"page","link":"https:\/\/www.meroil.es\/ca\/xarxa-estacions\/cercador-estacions\/","title":{"rendered":"Cercador d&#8217;estacions"},"content":{"rendered":"<div class=\"fusion-fullwidth fullwidth-box fusion-builder-row-1 fusion-flex-container nonhundred-percent-fullwidth non-hundred-percent-height-scrolling\" style=\"--awb-border-radius-top-left:0px;--awb-border-radius-top-right:0px;--awb-border-radius-bottom-right:0px;--awb-border-radius-bottom-left:0px;--awb-flex-wrap:wrap;\" ><div class=\"fusion-builder-row fusion-row fusion-flex-align-items-flex-start fusion-flex-content-wrap\" style=\"max-width:1216.8px;margin-left: calc(-4% \/ 2 );margin-right: calc(-4% \/ 2 );\"><div class=\"fusion-layout-column fusion_builder_column fusion-builder-column-0 fusion_builder_column_1_1 1_1 fusion-flex-column\" style=\"--awb-bg-size:cover;--awb-width-large:100%;--awb-margin-top-large:0px;--awb-spacing-right-large:1.92%;--awb-margin-bottom-large:20px;--awb-spacing-left-large:1.92%;--awb-width-medium:100%;--awb-order-medium:0;--awb-spacing-right-medium:1.92%;--awb-spacing-left-medium:1.92%;--awb-width-small:100%;--awb-order-small:0;--awb-spacing-right-small:1.92%;--awb-spacing-left-small:1.92%;\"><div class=\"fusion-column-wrapper fusion-column-has-shadow fusion-flex-justify-content-flex-start fusion-content-layout-column\"><div class=\"fusion-text fusion-text-1\"><p><a href=\"https:\/\/www.meroil.es\/wp-content\/uploads\/2021\/05\/Sant-Cugat_011-scaled.jpg\"><img decoding=\"async\" class=\" wp-image-3628 alignleft\" src=\"https:\/\/www.meroil.es\/wp-content\/uploads\/2021\/05\/Sant-Cugat_011-scaled.jpg\" alt=\"\" width=\"640\" height=\"357\" srcset=\"https:\/\/www.meroil.es\/wp-content\/uploads\/2021\/05\/Sant-Cugat_011-200x111.jpg 200w, https:\/\/www.meroil.es\/wp-content\/uploads\/2021\/05\/Sant-Cugat_011-300x167.jpg 300w, https:\/\/www.meroil.es\/wp-content\/uploads\/2021\/05\/Sant-Cugat_011-400x223.jpg 400w, https:\/\/www.meroil.es\/wp-content\/uploads\/2021\/05\/Sant-Cugat_011-scaled-500x279.jpg 500w, https:\/\/www.meroil.es\/wp-content\/uploads\/2021\/05\/Sant-Cugat_011-600x334.jpg 600w, https:\/\/www.meroil.es\/wp-content\/uploads\/2021\/05\/Sant-Cugat_011-768x428.jpg 768w, https:\/\/www.meroil.es\/wp-content\/uploads\/2021\/05\/Sant-Cugat_011-800x446.jpg 800w, https:\/\/www.meroil.es\/wp-content\/uploads\/2021\/05\/Sant-Cugat_011-1024x570.jpg 1024w, https:\/\/www.meroil.es\/wp-content\/uploads\/2021\/05\/Sant-Cugat_011-1200x668.jpg 1200w, https:\/\/www.meroil.es\/wp-content\/uploads\/2021\/05\/Sant-Cugat_011-1536x855.jpg 1536w, https:\/\/www.meroil.es\/wp-content\/uploads\/2021\/05\/Sant-Cugat_011-scaled.jpg 2560w\" sizes=\"(max-width: 640px) 100vw, 640px\" \/><\/a><\/p>\n<p>Meroil\u00a0compta amb una \u00e0mplia xarxa d&#8217;Estacions de Servei Abanderades distribu\u00efdes per tot el pa\u00eds combinant les nostres dues marques\u00a0MEROIL\u00a0i\u00a0OILPRIX.<\/p>\n<p>Fruit del desenvolupament del mercat, fa uns anys v\u00e0rem decidir llan\u00e7ar\u00a0OILPRIX\u00a0per a cobrir el segment de mercat de l&#8217;Estacions de Servei tipus\u00a0low\u00a0cost.<\/p>\n<p>Des de l&#8217;inici\u00a0Meroil\u00a0sempre s&#8217;ha posicionat al costat de l&#8217;empresari independent del sector, oferint als propietaris d&#8217;Estacions de Servei tots els instruments i ajuda necess\u00e0ria perqu\u00e8 siguin ells els qui realment gestionin el seu propi negoci i obtinguin el m\u00e0xim benefici, tot aix\u00f2 sempre des d&#8217;un vessant d&#8217;oferiment de serveis i mai des de la imposici\u00f3.<\/p>\n<p>D&#8217;igual manera hem anat desenvolupant una xarxa d&#8217;Estacions directament gestionades per la companyia amb l&#8217;objectiu de completar una integraci\u00f3 vertical de tota la cadena de subministrament, utilitzant tant la marca\u00a0MEROIL\u00a0com la marca\u00a0OILPRIX\u00a0en funci\u00f3 del tipus d&#8217;estaci\u00f3, ubicaci\u00f3, zona o altres criteris.<\/p>\n<\/div><div class=\"fusion-text fusion-text-2\" style=\"--awb-margin-right:0px;--awb-margin-left:0px;\"><link rel='stylesheet' id='asl-plugin-css' href='https:\/\/www.meroil.es\/wp-content\/plugins\/agile-store-locator\/public\/css\/asl.css?version=4.6.27' type='text\/css' media='all' \/>\n<style type=\"text\/css\">\n  #asl-storelocator.asl-p-cont .Status_filter .onoffswitch-inner::before {content: \"OPEN\" !important}\n  #asl-storelocator.asl-p-cont .Status_filter .onoffswitch-inner::after {content: \"ALL\" !important}\n  #asl-storelocator.container.storelocator-main.asl-p-cont .asl-loc-sec .asl-panel {order: 0;}\n<\/style>\n<div id=\"asl-storelocator\" class=\"container storelocator-main asl-p-cont asl-template-0 asl-layout-0 asl-bg-3 full-width no-asl-filters  asl-text-1\">\n      <div class=\"row asl-loc-sec\">\n    <div class=\"col-sm-8 col-xs-12 asl-map\">\n      <div class=\"store-locator\">\n        <div id=\"asl-map-canv\"><\/div>\n        <!-- agile-modal -->\n        <div id=\"agile-modal-direction\" class=\"agile-modal fade\">\n          <div class=\"agile-modal-backdrop-in\"><\/div>\n          <div class=\"agile-modal-dialog in\">\n            <div class=\"agile-modal-content\">\n              <div class=\"agile-modal-header\">\n                <button type=\"button\" class=\"close-directions close\" data-dismiss=\"agile-modal\" aria-label=\"Close\"><span aria-hidden=\"true\">&times;<\/span><\/button>\n                <h4>Rebre indicacions<\/h4>\n              <\/div>\n              <div class=\"form-group\">\n                <label for=\"frm-lbl\">De:<\/label>\n                <input type=\"text\" class=\"form-control frm-place\" id=\"frm-lbl\" placeholder=\"Escriure lloc\">\n              <\/div>\n              <div class=\"form-group\">\n                <label for=\"frm-lbl\">a:<\/label>\n                <input readonly=\"true\" type=\"text\"  class=\"directions-to form-control\" id=\"to-lbl\" placeholder=\"Prepopulated Destination Address\">\n              <\/div>\n              <div class=\"form-group\">\n                <span for=\"frm-lbl\">Show Distance In<\/span>\n                <label class=\"checkbox-inline\">\n                  <input type=\"radio\" name=\"dist-type\"  id=\"rbtn-km\" value=\"0\"> KM                <\/label>\n                <label class=\"checkbox-inline\">\n                  <input type=\"radio\" name=\"dist-type\" checked id=\"rbtn-mile\" value=\"1\"> Mile                <\/label>\n              <\/div>\n              <div class=\"form-group\">\n                <button type=\"submit\" class=\"btn btn-default btn-submit\">Rebre indicacions<\/button>\n              <\/div>\n            <\/div>\n          <\/div>\n        <\/div>\n\n        <div id=\"asl-geolocation-agile-modal\" class=\"agile-modal fade\">\n          <div class=\"agile-modal-backdrop-in\"><\/div>\n          <div class=\"agile-modal-dialog in\">\n            <div class=\"agile-modal-content\">\n              <button type=\"button\" class=\"close-directions close\" data-dismiss=\"agile-modal\" aria-label=\"Close\"><span aria-hidden=\"true\">&times;<\/span><\/button>\n                            <div class=\"form-group\">\n                <h4>Usar la meua ubicaci\u00f3 per trobar el servei m\u00e9s pr\u00f2xim a mi<\/h4>\n              <\/div>\n              <div class=\"form-group text-center\">\n                <button type=\"button\" id=\"asl-btn-geolocation\" class=\"btn btn-block btn-default\">Usar la meua ubicaci\u00f3 <\/button>\n              <\/div>\n                          <\/div>\n          <\/div>\n        <\/div>\n        <!-- agile-modal end -->\n      <\/div>\n    <\/div>\n    <div class=\"col-sm-4 col-xs-12 asl-panel\">\n          \n      <div class=\"col-xs-12 inside search_filter\">\n        <p>Buscar lloc<\/p>\n        <div class=\"asl-store-search\">\n            <input type=\"text\" value=\"\" id=\"auto-complete-search\" class=\"asl-search-address form-control\" placeholder=\"Escriure lloc\">\n            <span class=\"span-geo\"><i class=\"glyphicon icon-search\" title=\"Buscar lloc\"><\/i><\/span>\n        <\/div>\n        <div class=\"Num_of_store\">\n          <span>Red de estaciones: <span class=\"count-result\">0<\/span><\/span>\n        <\/div>    \n      <\/div>\n            <!--  Panel Listing -->\n      <div id=\"asl-list\" class=\"storelocator-panel\">\n        <div class=\"asl-overlay\" id=\"map-loading\">\n          <div class=\"white\"><\/div>\n          <div class=\"loading\"><img decoding=\"async\" style=\"margin-right: 10px;\" class=\"loader\" src=\"https:\/\/www.meroil.es\/wp-content\/plugins\/agile-store-locator\/public\/Logo\/loading.gif\">Carregant<\/div>\n        <\/div>\n        <div class=\"panel-cont\">\n            <div class=\"panel-inner\">\n              <div class=\"col-md-12 asl-p-0\">\n                  <ul id=\"p-statelist\"  role=\"tablist\" aria-multiselectable=\"true\">\n                  <\/ul>\n              <\/div>\n            <\/div>\n        <\/div>\n        <div class=\"directions-cont hide\">\n          <div class=\"agile-modal-header\">\n            <button type=\"button\" class=\"close\"><span aria-hidden=\"true\">&times;<\/span><\/button>\n            <h4>Indicacions<\/h4>\n          <\/div>\n          <div class=\"rendered-directions\"><\/div>\n        <\/div>\n      <\/div>\n    <\/div> \n  <\/div>\n<\/div>\n<!-- This plugin is developed by \"Agile Store Locator by WordPress\" https:\/\/agilestorelocator.com -->\n\n<script id=\"tmpl_list_item\" type=\"text\/x-jsrender\">\n  <div class=\"sl-item\" data-id=\"{{:id}}\">\n    <div class=\"addr-sec\">\n      <p class=\"p-title\">{{:title}}<\/p>\n    <\/div>\n    <div class=\"row\">\n      <div class=\"{{if path}}col-md-9 col-xs-9{{else}}col-md-12{{\/if}} addr-sec\">\n        <p class=\"p-area\"><span class=\"glyphicon icon-location\"><\/span><span>{{:address}}<\/span><\/p>\n        {{if phone}}\n          <p class=\"p-area\"><span class=\"glyphicon icon-phone-outline\"><\/span><a href=\"tel:{{:phone}}\">{{:phone}}<\/a><\/p>\n        {{\/if}}\n        {{if email}}\n        <p class=\"p-area\"><span class=\"glyphicon icon-at\"><\/span><a href=\"mailto:{{:email}}\" style=\"text-transform: lowercase\">{{:email}}<\/a><\/p>\n        {{\/if}}\n        {{if fax}}\n          <p class=\"p-area\"><span class=\"glyphicon icon-fax\"><\/span> Fax:{{:fax}}<\/p>\n        {{\/if}}\n        {{if c_names}}\n        <p class=\"p-area\"><span class=\"glyphicon icon-tag\"><\/span> {{:c_names}}<\/p>\n        {{\/if}}\n        {{if open_hours}}\n        <p class=\"p-area\"><span class=\"glyphicon icon-clock-1\"><\/span> {{:open_hours}}<\/p>\n        {{\/if}}\n      <\/div>\n      {{if path}}\n      <div class=\"col-md-3 col-xs-3 sm-pl-0\">\n        <div class=\"thumb-a\">\n            <img decoding=\"async\" src=\"https:\/\/www.meroil.es\/wp-content\/uploads\/agile-store-locator\/Logo\/{{:path}}\" alt=\"logo\">\n        <\/div>\n      <\/div>\n      {{\/if}}\n    <\/div>\n    <div class=\"row mt-10\">\n        <div class=\"col-xs-6\">\n          <div class=\"p-direction\"><button type=\"button\" class=\"btn btn-asl s-direction\">Indicacions<\/button><\/div>\n        <\/div>\n        {{if dist_str}}\n        <div class=\"col-xs-6\">\n            <span class=\"s-distance\">{{:dist_str}}<\/span>\n        <\/div>\n        {{\/if}}\n    <\/div>\n  <\/div>\n<\/script>\n<script id=\"asl_too_tip\" type=\"text\/x-jsrender\">\n{{if path}}\n<div class=\"image_map_popup\" style=\"display:none\"><img decoding=\"async\" src=\"{{:URL}}Logo\/{{:path}}\" \/><\/div>\n{{\/if}}\n  <h3>{{:title}}<\/h3>\n  <div class=\"infowindowContent\">\n    <div class=\"info-box-cont\">\n      <div class=\"row\">\n        <div class=\"col-md-12\">\n          <div class=\"{{if path}}info-addr{{else}}info-addr w-100-p{{\/if}}\">\n            <div class=\"address\"><span class=\"glyphicon icon-location\"><\/span><span>{{:address}}<\/span><\/div>\n            {{if phone}}\n            <div class=\"phone\"><span class=\"glyphicon icon-phone-outline\"><\/span><a href=\"tel:{{:phone}}\">{{:phone}}<\/a><\/div>\n            {{\/if}}\n            {{if email}}\n            <div class=\"p-time\"><span class=\"glyphicon icon-at\"><\/span><a href=\"mailto:{{:email}}\" style=\"text-transform: lowercase\">{{:email}}<\/a><\/div>\n            {{\/if}}\n          <\/div>\n          {{if path}}\n          <div class=\"img_box\" style=\"display:none\">\n            <img decoding=\"async\" src=\"{{:URL}}Logo\/{{:path}}\" alt=\"logo\">\n          <\/div>\n          {{\/if}}\n        <\/div>\n      <\/div>\n      <div class=\"row\">\n        <div class=\"col-md-12 asl-tt-details\">\n          {{if dist_str}}\n          <div class=\"distance\">Dist\u00e0ncia: {{:dist_str}}<\/div>\n          {{\/if}}\n        <\/div>\n      <\/div>\n    <\/div>\n  <div class=\"asl-buttons\"><\/div>\n<\/div><div class=\"arrow-down\"><\/div>\n<\/script>\n\n<\/div><\/div><\/div><\/div><\/div>\n","protected":false},"excerpt":{"rendered":"","protected":false},"author":1,"featured_media":0,"parent":5001,"menu_order":0,"comment_status":"closed","ping_status":"closed","template":"","meta":{"footnotes":""},"class_list":["post-5059","page","type-page","status-publish","hentry"],"yoast_head":"<!-- This site is optimized with the Yoast SEO plugin v26.7 - https:\/\/yoast.com\/wordpress\/plugins\/seo\/ -->\n<title>Cercador d&#039;estacions - Meroil<\/title>\n<meta name=\"robots\" content=\"index, follow, max-snippet:-1, max-image-preview:large, max-video-preview:-1\" \/>\n<link rel=\"canonical\" href=\"https:\/\/www.meroil.es\/ca\/xarxa-estacions\/cercador-estacions\/\" \/>\n<meta property=\"og:locale\" content=\"ca_ES\" \/>\n<meta property=\"og:type\" content=\"article\" \/>\n<meta property=\"og:title\" content=\"Cercador d&#039;estacions - Meroil\" \/>\n<meta property=\"og:url\" content=\"https:\/\/www.meroil.es\/ca\/xarxa-estacions\/cercador-estacions\/\" \/>\n<meta property=\"og:site_name\" content=\"Meroil\" \/>\n<meta property=\"article:modified_time\" content=\"2021-10-28T16:29:06+00:00\" \/>\n<meta property=\"og:image\" content=\"https:\/\/www.meroil.es\/wp-content\/uploads\/2021\/05\/Sant-Cugat_011-scaled.jpg\" \/>\n<meta name=\"twitter:card\" content=\"summary_large_image\" \/>\n<meta name=\"twitter:label1\" content=\"Temps estimat de lectura\" \/>\n\t<meta name=\"twitter:data1\" content=\"4 minuts\" \/>\n<script type=\"application\/ld+json\" class=\"yoast-schema-graph\">{\"@context\":\"https:\/\/schema.org\",\"@graph\":[{\"@type\":\"WebPage\",\"@id\":\"https:\/\/www.meroil.es\/ca\/xarxa-estacions\/cercador-estacions\/\",\"url\":\"https:\/\/www.meroil.es\/ca\/xarxa-estacions\/cercador-estacions\/\",\"name\":\"Cercador d'estacions - Meroil\",\"isPartOf\":{\"@id\":\"https:\/\/www.meroil.es\/ca\/#website\"},\"primaryImageOfPage\":{\"@id\":\"https:\/\/www.meroil.es\/ca\/xarxa-estacions\/cercador-estacions\/#primaryimage\"},\"image\":{\"@id\":\"https:\/\/www.meroil.es\/ca\/xarxa-estacions\/cercador-estacions\/#primaryimage\"},\"thumbnailUrl\":\"https:\/\/www.meroil.es\/wp-content\/uploads\/2021\/05\/Sant-Cugat_011-scaled.jpg\",\"datePublished\":\"2021-03-04T08:33:12+00:00\",\"dateModified\":\"2021-10-28T16:29:06+00:00\",\"breadcrumb\":{\"@id\":\"https:\/\/www.meroil.es\/ca\/xarxa-estacions\/cercador-estacions\/#breadcrumb\"},\"inLanguage\":\"ca\",\"potentialAction\":[{\"@type\":\"ReadAction\",\"target\":[\"https:\/\/www.meroil.es\/ca\/xarxa-estacions\/cercador-estacions\/\"]}]},{\"@type\":\"ImageObject\",\"inLanguage\":\"ca\",\"@id\":\"https:\/\/www.meroil.es\/ca\/xarxa-estacions\/cercador-estacions\/#primaryimage\",\"url\":\"https:\/\/www.meroil.es\/wp-content\/uploads\/2021\/05\/Sant-Cugat_011-scaled.jpg\",\"contentUrl\":\"https:\/\/www.meroil.es\/wp-content\/uploads\/2021\/05\/Sant-Cugat_011-scaled.jpg\"},{\"@type\":\"BreadcrumbList\",\"@id\":\"https:\/\/www.meroil.es\/ca\/xarxa-estacions\/cercador-estacions\/#breadcrumb\",\"itemListElement\":[{\"@type\":\"ListItem\",\"position\":1,\"name\":\"Inici\",\"item\":\"https:\/\/www.meroil.es\/ca\/\"},{\"@type\":\"ListItem\",\"position\":2,\"name\":\"Xarxa d&#8217;estacions\",\"item\":\"https:\/\/www.meroil.es\/ca\/xarxa-estacions\/\"},{\"@type\":\"ListItem\",\"position\":3,\"name\":\"Cercador d&#8217;estacions\"}]},{\"@type\":\"WebSite\",\"@id\":\"https:\/\/www.meroil.es\/ca\/#website\",\"url\":\"https:\/\/www.meroil.es\/ca\/\",\"name\":\"Meroil\",\"description\":\"Estaciones de proximidad\",\"potentialAction\":[{\"@type\":\"SearchAction\",\"target\":{\"@type\":\"EntryPoint\",\"urlTemplate\":\"https:\/\/www.meroil.es\/ca\/?s={search_term_string}\"},\"query-input\":{\"@type\":\"PropertyValueSpecification\",\"valueRequired\":true,\"valueName\":\"search_term_string\"}}],\"inLanguage\":\"ca\"}]}<\/script>\n<!-- \/ Yoast SEO plugin. -->","yoast_head_json":{"title":"Cercador d'estacions - Meroil","robots":{"index":"index","follow":"follow","max-snippet":"max-snippet:-1","max-image-preview":"max-image-preview:large","max-video-preview":"max-video-preview:-1"},"canonical":"https:\/\/www.meroil.es\/ca\/xarxa-estacions\/cercador-estacions\/","og_locale":"ca_ES","og_type":"article","og_title":"Cercador d'estacions - Meroil","og_url":"https:\/\/www.meroil.es\/ca\/xarxa-estacions\/cercador-estacions\/","og_site_name":"Meroil","article_modified_time":"2021-10-28T16:29:06+00:00","og_image":[{"url":"https:\/\/www.meroil.es\/wp-content\/uploads\/2021\/05\/Sant-Cugat_011-scaled.jpg","type":"","width":"","height":""}],"twitter_card":"summary_large_image","twitter_misc":{"Temps estimat de lectura":"4 minuts"},"schema":{"@context":"https:\/\/schema.org","@graph":[{"@type":"WebPage","@id":"https:\/\/www.meroil.es\/ca\/xarxa-estacions\/cercador-estacions\/","url":"https:\/\/www.meroil.es\/ca\/xarxa-estacions\/cercador-estacions\/","name":"Cercador d'estacions - Meroil","isPartOf":{"@id":"https:\/\/www.meroil.es\/ca\/#website"},"primaryImageOfPage":{"@id":"https:\/\/www.meroil.es\/ca\/xarxa-estacions\/cercador-estacions\/#primaryimage"},"image":{"@id":"https:\/\/www.meroil.es\/ca\/xarxa-estacions\/cercador-estacions\/#primaryimage"},"thumbnailUrl":"https:\/\/www.meroil.es\/wp-content\/uploads\/2021\/05\/Sant-Cugat_011-scaled.jpg","datePublished":"2021-03-04T08:33:12+00:00","dateModified":"2021-10-28T16:29:06+00:00","breadcrumb":{"@id":"https:\/\/www.meroil.es\/ca\/xarxa-estacions\/cercador-estacions\/#breadcrumb"},"inLanguage":"ca","potentialAction":[{"@type":"ReadAction","target":["https:\/\/www.meroil.es\/ca\/xarxa-estacions\/cercador-estacions\/"]}]},{"@type":"ImageObject","inLanguage":"ca","@id":"https:\/\/www.meroil.es\/ca\/xarxa-estacions\/cercador-estacions\/#primaryimage","url":"https:\/\/www.meroil.es\/wp-content\/uploads\/2021\/05\/Sant-Cugat_011-scaled.jpg","contentUrl":"https:\/\/www.meroil.es\/wp-content\/uploads\/2021\/05\/Sant-Cugat_011-scaled.jpg"},{"@type":"BreadcrumbList","@id":"https:\/\/www.meroil.es\/ca\/xarxa-estacions\/cercador-estacions\/#breadcrumb","itemListElement":[{"@type":"ListItem","position":1,"name":"Inici","item":"https:\/\/www.meroil.es\/ca\/"},{"@type":"ListItem","position":2,"name":"Xarxa d&#8217;estacions","item":"https:\/\/www.meroil.es\/ca\/xarxa-estacions\/"},{"@type":"ListItem","position":3,"name":"Cercador d&#8217;estacions"}]},{"@type":"WebSite","@id":"https:\/\/www.meroil.es\/ca\/#website","url":"https:\/\/www.meroil.es\/ca\/","name":"Meroil","description":"Estaciones de proximidad","potentialAction":[{"@type":"SearchAction","target":{"@type":"EntryPoint","urlTemplate":"https:\/\/www.meroil.es\/ca\/?s={search_term_string}"},"query-input":{"@type":"PropertyValueSpecification","valueRequired":true,"valueName":"search_term_string"}}],"inLanguage":"ca"}]}},"_links":{"self":[{"href":"https:\/\/www.meroil.es\/ca\/wp-json\/wp\/v2\/pages\/5059","targetHints":{"allow":["GET"]}}],"collection":[{"href":"https:\/\/www.meroil.es\/ca\/wp-json\/wp\/v2\/pages"}],"about":[{"href":"https:\/\/www.meroil.es\/ca\/wp-json\/wp\/v2\/types\/page"}],"author":[{"embeddable":true,"href":"https:\/\/www.meroil.es\/ca\/wp-json\/wp\/v2\/users\/1"}],"replies":[{"embeddable":true,"href":"https:\/\/www.meroil.es\/ca\/wp-json\/wp\/v2\/comments?post=5059"}],"version-history":[{"count":0,"href":"https:\/\/www.meroil.es\/ca\/wp-json\/wp\/v2\/pages\/5059\/revisions"}],"up":[{"embeddable":true,"href":"https:\/\/www.meroil.es\/ca\/wp-json\/wp\/v2\/pages\/5001"}],"wp:attachment":[{"href":"https:\/\/www.meroil.es\/ca\/wp-json\/wp\/v2\/media?parent=5059"}],"curies":[{"name":"wp","href":"https:\/\/api.w.org\/{rel}","templated":true}]}}