{"id":5069,"date":"2021-03-04T08:31:42","date_gmt":"2021-03-04T08:31:42","guid":{"rendered":"https:\/\/www.meroil.es\/combustible\/"},"modified":"2026-02-02T18:32:35","modified_gmt":"2026-02-02T17:32:35","slug":"combustible","status":"publish","type":"page","link":"https:\/\/www.meroil.es\/ca\/productes\/combustible\/","title":{"rendered":"Combustibles i Carburants"},"content":{"rendered":"<div class=\"fusion-fullwidth fullwidth-box fusion-builder-row-1 fusion-flex-container nonhundred-percent-fullwidth non-hundred-percent-height-scrolling\" style=\"--awb-border-radius-top-left:0px;--awb-border-radius-top-right:0px;--awb-border-radius-bottom-right:0px;--awb-border-radius-bottom-left:0px;--awb-flex-wrap:wrap;\" ><div class=\"fusion-builder-row fusion-row fusion-flex-align-items-flex-start fusion-flex-content-wrap\" style=\"max-width:1216.8px;margin-left: calc(-4% \/ 2 );margin-right: calc(-4% \/ 2 );\"><div class=\"fusion-layout-column fusion_builder_column fusion-builder-column-0 fusion_builder_column_1_1 1_1 fusion-flex-column\" style=\"--awb-bg-size:cover;--awb-width-large:100%;--awb-margin-top-large:0px;--awb-spacing-right-large:1.92%;--awb-margin-bottom-large:20px;--awb-spacing-left-large:1.92%;--awb-width-medium:100%;--awb-order-medium:0;--awb-spacing-right-medium:1.92%;--awb-spacing-left-medium:1.92%;--awb-width-small:100%;--awb-order-small:0;--awb-spacing-right-small:1.92%;--awb-spacing-left-small:1.92%;\"><div class=\"fusion-column-wrapper fusion-column-has-shadow fusion-flex-justify-content-flex-start fusion-content-layout-column\"><div class=\"fusion-flip-boxes flip-boxes row fusion-columns-2 flip-effect-classic equal-heights\"><div class=\"fusion-flip-box-wrapper fusion-column col-lg-6 col-md-6 col-sm-6\"><div class=\"fusion-flip-box flip-up\" tabindex=\"0\"><div class=\"flip-box-inner-wrapper\"><div class=\"flip-box-front\" style=\"--awb-background-color-front:#019899;--awb-title-front-color:#ffffff;\"><div class=\"flip-box-front-inner\"><h2 class=\"flip-box-heading without-text\">Gasolina 95<\/h2><\/div><\/div><div class=\"flip-box-back\" style=\"--awb-background-color-back:#019899;\"><div class=\"flip-box-back-inner\"><h3 class=\"flip-box-heading-back\">Standard 95<\/h3>\n<p>Gasolina sense plom d&#8217;alt rendiment<\/p>\n<\/div><\/div><\/div><\/div><\/div><div class=\"fusion-flip-box-wrapper fusion-column col-lg-6 col-md-6 col-sm-6\"><div class=\"fusion-flip-box flip-up\" tabindex=\"0\"><div class=\"flip-box-inner-wrapper\"><div class=\"flip-box-front\" style=\"--awb-background-color-front:#93d14d;--awb-title-front-color:#ffffff;\"><div class=\"flip-box-front-inner\"><h2 class=\"flip-box-heading without-text\">Premium 98<\/h2><\/div><\/div><div class=\"flip-box-back\" style=\"--awb-background-color-back:#93d14d;\"><div class=\"flip-box-back-inner\"><h3 class=\"flip-box-heading-back\">Premium 98<\/h3>\n<p>Gasolina per a aquells conductors que desitgen un plus de pot\u00e8ncia en el seu motor<\/p>\n<\/div><\/div><\/div><\/div><\/div><div class=\"fusion-flip-box-wrapper fusion-column col-lg-6 col-md-6 col-sm-6\"><div class=\"fusion-flip-box flip-up\" tabindex=\"0\"><div class=\"flip-box-inner-wrapper\"><div class=\"flip-box-front\" style=\"--awb-background-color-front:#000000;--awb-title-front-color:#93d14d;--awb-text-front-color:#ffffff;\"><div class=\"flip-box-front-inner\"><h2 class=\"flip-box-heading without-text\">GLP<\/h2><\/div><\/div><div class=\"flip-box-back\" style=\"--awb-background-color-back:#000000;\"><div class=\"flip-box-back-inner\"><h3 class=\"flip-box-heading-back\">GLP<\/h3>\n<p>Gas Liquat de Petroli, el carburant alternatiu del futur<\/p>\n<\/div><\/div><\/div><\/div><\/div><div class=\"fusion-flip-box-wrapper fusion-column col-lg-6 col-md-6 col-sm-6\"><div class=\"fusion-flip-box flip-up\" tabindex=\"0\"><div class=\"flip-box-inner-wrapper\"><div class=\"flip-box-front\" style=\"--awb-background-color-front:#0033a0;--awb-title-front-color:#ffffff;\"><div class=\"flip-box-front-inner\"><h2 class=\"flip-box-heading without-text\">AdBlue<\/h2><\/div><\/div><div class=\"flip-box-back\" style=\"--awb-background-color-back:#0033a0;\"><div class=\"flip-box-back-inner\"><h3 class=\"flip-box-heading-back\">AdBlue<\/h3>\n<p>L\u00edquid que activa el sistema de depuraci\u00f3 de gasos, en els actuals motors di\u00e8sel que ajuden a protegir el medi ambient<\/p>\n<\/div><\/div><\/div><\/div><\/div><div class=\"fusion-flip-box-wrapper fusion-column col-lg-6 col-md-6 col-sm-6\"><div class=\"fusion-flip-box flip-up\" tabindex=\"0\"><div class=\"flip-box-inner-wrapper\"><div class=\"flip-box-front\" style=\"--awb-background-color-front:#ffeb3b;\"><div class=\"flip-box-front-inner\"><h2 class=\"flip-box-heading without-text\">Biodi\u00e8sel<\/h2><\/div><\/div><div class=\"flip-box-back\" style=\"--awb-background-color-back:#ffeb3b;--awb-title-back-color:#333333;--awb-text-back-color:#333333;\"><div class=\"flip-box-back-inner\"><h3 class=\"flip-box-heading-back\">Biodi\u00e8sel<\/h3>\n<p>Cura del motor respectant el medi ambient<\/p>\n<\/div><\/div><\/div><\/div><\/div><div class=\"fusion-flip-box-wrapper fusion-column col-lg-6 col-md-6 col-sm-6\"><div class=\"fusion-flip-box flip-up\" tabindex=\"0\"><div class=\"flip-box-inner-wrapper\"><div class=\"flip-box-front\" style=\"--awb-background-color-front:#000000;--awb-title-front-color:#ff5100;--awb-text-front-color:#ff5100;\"><div class=\"flip-box-front-inner\"><h2 class=\"flip-box-heading without-text\">Di\u00e8sel Standard<\/h2><\/div><\/div><div class=\"flip-box-back\" style=\"--awb-background-color-back:#000000;--awb-title-back-color:#ff5100;--awb-text-back-color:#ff5100;\"><div class=\"flip-box-back-inner\"><h3 class=\"flip-box-heading-back\">Di\u00e8sel Standard<\/h3>\n<p>El Di\u00e8sel de Meroil<\/p>\n<\/div><\/div><\/div><\/div><\/div><div class=\"fusion-flip-box-wrapper fusion-column col-lg-6 col-md-6 col-sm-6\"><div class=\"fusion-flip-box flip-up\" tabindex=\"0\"><div class=\"flip-box-inner-wrapper\"><div class=\"flip-box-front\" style=\"--awb-background-color-front:#ed7d31;--awb-title-front-color:#ffffff;\"><div class=\"flip-box-front-inner\"><h2 class=\"flip-box-heading without-text\">Di\u00e8sel Premium<\/h2><\/div><\/div><div class=\"flip-box-back\" style=\"--awb-background-color-back:#ed7d31;\"><div class=\"flip-box-back-inner\"><h3 class=\"flip-box-heading-back\">Di\u00e8sel Premium<\/h3>\n<p>El Di\u00e8sel d&#8217;alta gamma que cuida del cotxe i millora el rendiment<\/p>\n<\/div><\/div><\/div><\/div><\/div><div class=\"fusion-flip-box-wrapper fusion-column col-lg-6 col-md-6 col-sm-6\"><div class=\"fusion-flip-box flip-up\" tabindex=\"0\"><div class=\"flip-box-inner-wrapper\"><div class=\"flip-box-front\" style=\"--awb-background-color-front:#bfbfbf;--awb-title-front-color:#000000;\"><div class=\"flip-box-front-inner\"><h2 class=\"flip-box-heading without-text\">Di\u00e8sel Plus<\/h2><\/div><\/div><div class=\"flip-box-back\" style=\"--awb-background-color-back:#bfbfbf;--awb-title-back-color:#000000;--awb-text-back-color:rgba(0,0,0,0.8);\"><div class=\"flip-box-back-inner\"><h3 class=\"flip-box-heading-back\">Di\u00e8sel Plus<\/h3>\n<p>Di\u00e8sel d&#8217;alt rendiment per al motor<\/p>\n<\/div><\/div><\/div><\/div><\/div><div class=\"fusion-flip-box-wrapper fusion-column col-lg-6 col-md-6 col-sm-6\"><div class=\"fusion-flip-box flip-up\" tabindex=\"0\"><div class=\"flip-box-inner-wrapper\"><div class=\"flip-box-front\" style=\"--awb-background-color-front:#011c89;--awb-title-front-color:#ffffff;\"><div class=\"flip-box-front-inner\"><h2 class=\"flip-box-heading without-text\">Gasoil B<\/h2><\/div><\/div><div class=\"flip-box-back\" style=\"--awb-background-color-back:#011c89;\"><div class=\"flip-box-back-inner\"><h3 class=\"flip-box-heading-back\">Gasoil B<\/h3>\n<p>La millor elecci\u00f3 per al sector agr\u00edcola i la ind\u00fastria<\/p>\n<\/div><\/div><\/div><\/div><\/div><div class=\"fusion-flip-box-wrapper fusion-column col-lg-6 col-md-6 col-sm-6\"><div class=\"fusion-flip-box flip-up\" tabindex=\"0\"><div class=\"flip-box-inner-wrapper\"><div class=\"flip-box-front\" style=\"--awb-background-color-front:#000000;--awb-title-front-color:#ffffff;\"><div class=\"flip-box-front-inner\"><h2 class=\"flip-box-heading without-text\">Gasoil C<\/h2><\/div><\/div><div class=\"flip-box-back\" style=\"--awb-background-color-back:#000000;\"><div class=\"flip-box-back-inner\"><h3 class=\"flip-box-heading-back\">Gasoil C<\/h3>\n<p>Especialment dissenyat per a les calefaccions, millora la combusti\u00f3 de la caldera i ofereix uns \u00f2ptims rendiments<\/p>\n<\/div><\/div><\/div><\/div><\/div><div class=\"fusion-flip-box-wrapper fusion-column col-lg-6 col-md-6 col-sm-6\"><div class=\"fusion-flip-box flip-up\" tabindex=\"0\"><div class=\"flip-box-inner-wrapper\"><div class=\"flip-box-front\" style=\"--awb-background-color-front:#00b8cf;--awb-title-front-color:#ffffff;\"><div class=\"flip-box-front-inner\"><h2 class=\"flip-box-heading without-text\">Diesel HVO<\/h2><\/div><\/div><div class=\"flip-box-back\" style=\"--awb-background-color-back:#00b8cf;\"><div class=\"flip-box-back-inner\"><h3 class=\"flip-box-heading-back\">Diesel HVO<\/h3>\n<p>Combustible renovable produ\u00eft a partir d&#8217;olis vegetals i greixos animals mitjan\u00e7ant hidrotractament.<\/p>\n<\/div><\/div><\/div><\/div><\/div><\/div><\/div><\/div><\/div><\/div>\n","protected":false},"excerpt":{"rendered":"","protected":false},"author":1,"featured_media":0,"parent":5085,"menu_order":0,"comment_status":"closed","ping_status":"closed","template":"","meta":{"footnotes":""},"class_list":["post-5069","page","type-page","status-publish","hentry"],"yoast_head":"<!-- This site is optimized with the Yoast SEO plugin v27.5 - https:\/\/yoast.com\/product\/yoast-seo-wordpress\/ -->\n<title>Combustibles i Carburants - Meroil<\/title>\n<meta name=\"robots\" content=\"index, follow, max-snippet:-1, max-image-preview:large, max-video-preview:-1\" \/>\n<link rel=\"canonical\" href=\"https:\/\/www.meroil.es\/ca\/productes\/combustible\/\" \/>\n<meta property=\"og:locale\" content=\"ca_ES\" \/>\n<meta property=\"og:type\" content=\"article\" \/>\n<meta property=\"og:title\" content=\"Combustibles i Carburants - Meroil\" \/>\n<meta property=\"og:url\" content=\"https:\/\/www.meroil.es\/ca\/productes\/combustible\/\" \/>\n<meta property=\"og:site_name\" content=\"Meroil\" \/>\n<meta property=\"article:modified_time\" content=\"2026-02-02T17:32:35+00:00\" \/>\n<meta name=\"twitter:card\" content=\"summary_large_image\" \/>\n<meta name=\"twitter:label1\" content=\"Temps estimat de lectura\" \/>\n\t<meta name=\"twitter:data1\" content=\"1 minut\" \/>\n<script type=\"application\/ld+json\" class=\"yoast-schema-graph\">{\"@context\":\"https:\\\/\\\/schema.org\",\"@graph\":[{\"@type\":\"WebPage\",\"@id\":\"https:\\\/\\\/www.meroil.es\\\/ca\\\/productes\\\/combustible\\\/\",\"url\":\"https:\\\/\\\/www.meroil.es\\\/ca\\\/productes\\\/combustible\\\/\",\"name\":\"Combustibles i Carburants - Meroil\",\"isPartOf\":{\"@id\":\"https:\\\/\\\/www.meroil.es\\\/ca\\\/#website\"},\"datePublished\":\"2021-03-04T08:31:42+00:00\",\"dateModified\":\"2026-02-02T17:32:35+00:00\",\"breadcrumb\":{\"@id\":\"https:\\\/\\\/www.meroil.es\\\/ca\\\/productes\\\/combustible\\\/#breadcrumb\"},\"inLanguage\":\"ca\",\"potentialAction\":[{\"@type\":\"ReadAction\",\"target\":[\"https:\\\/\\\/www.meroil.es\\\/ca\\\/productes\\\/combustible\\\/\"]}]},{\"@type\":\"BreadcrumbList\",\"@id\":\"https:\\\/\\\/www.meroil.es\\\/ca\\\/productes\\\/combustible\\\/#breadcrumb\",\"itemListElement\":[{\"@type\":\"ListItem\",\"position\":1,\"name\":\"Inici\",\"item\":\"https:\\\/\\\/www.meroil.es\\\/ca\\\/\"},{\"@type\":\"ListItem\",\"position\":2,\"name\":\"Productes\",\"item\":\"https:\\\/\\\/www.meroil.es\\\/ca\\\/productes\\\/\"},{\"@type\":\"ListItem\",\"position\":3,\"name\":\"Combustibles i Carburants\"}]},{\"@type\":\"WebSite\",\"@id\":\"https:\\\/\\\/www.meroil.es\\\/ca\\\/#website\",\"url\":\"https:\\\/\\\/www.meroil.es\\\/ca\\\/\",\"name\":\"Meroil\",\"description\":\"Estaciones de proximidad\",\"potentialAction\":[{\"@type\":\"SearchAction\",\"target\":{\"@type\":\"EntryPoint\",\"urlTemplate\":\"https:\\\/\\\/www.meroil.es\\\/ca\\\/?s={search_term_string}\"},\"query-input\":{\"@type\":\"PropertyValueSpecification\",\"valueRequired\":true,\"valueName\":\"search_term_string\"}}],\"inLanguage\":\"ca\"}]}<\/script>\n<!-- \/ Yoast SEO plugin. -->","yoast_head_json":{"title":"Combustibles i Carburants - Meroil","robots":{"index":"index","follow":"follow","max-snippet":"max-snippet:-1","max-image-preview":"max-image-preview:large","max-video-preview":"max-video-preview:-1"},"canonical":"https:\/\/www.meroil.es\/ca\/productes\/combustible\/","og_locale":"ca_ES","og_type":"article","og_title":"Combustibles i Carburants - Meroil","og_url":"https:\/\/www.meroil.es\/ca\/productes\/combustible\/","og_site_name":"Meroil","article_modified_time":"2026-02-02T17:32:35+00:00","twitter_card":"summary_large_image","twitter_misc":{"Temps estimat de lectura":"1 minut"},"schema":{"@context":"https:\/\/schema.org","@graph":[{"@type":"WebPage","@id":"https:\/\/www.meroil.es\/ca\/productes\/combustible\/","url":"https:\/\/www.meroil.es\/ca\/productes\/combustible\/","name":"Combustibles i Carburants - Meroil","isPartOf":{"@id":"https:\/\/www.meroil.es\/ca\/#website"},"datePublished":"2021-03-04T08:31:42+00:00","dateModified":"2026-02-02T17:32:35+00:00","breadcrumb":{"@id":"https:\/\/www.meroil.es\/ca\/productes\/combustible\/#breadcrumb"},"inLanguage":"ca","potentialAction":[{"@type":"ReadAction","target":["https:\/\/www.meroil.es\/ca\/productes\/combustible\/"]}]},{"@type":"BreadcrumbList","@id":"https:\/\/www.meroil.es\/ca\/productes\/combustible\/#breadcrumb","itemListElement":[{"@type":"ListItem","position":1,"name":"Inici","item":"https:\/\/www.meroil.es\/ca\/"},{"@type":"ListItem","position":2,"name":"Productes","item":"https:\/\/www.meroil.es\/ca\/productes\/"},{"@type":"ListItem","position":3,"name":"Combustibles i Carburants"}]},{"@type":"WebSite","@id":"https:\/\/www.meroil.es\/ca\/#website","url":"https:\/\/www.meroil.es\/ca\/","name":"Meroil","description":"Estaciones de proximidad","potentialAction":[{"@type":"SearchAction","target":{"@type":"EntryPoint","urlTemplate":"https:\/\/www.meroil.es\/ca\/?s={search_term_string}"},"query-input":{"@type":"PropertyValueSpecification","valueRequired":true,"valueName":"search_term_string"}}],"inLanguage":"ca"}]}},"_links":{"self":[{"href":"https:\/\/www.meroil.es\/ca\/wp-json\/wp\/v2\/pages\/5069","targetHints":{"allow":["GET"]}}],"collection":[{"href":"https:\/\/www.meroil.es\/ca\/wp-json\/wp\/v2\/pages"}],"about":[{"href":"https:\/\/www.meroil.es\/ca\/wp-json\/wp\/v2\/types\/page"}],"author":[{"embeddable":true,"href":"https:\/\/www.meroil.es\/ca\/wp-json\/wp\/v2\/users\/1"}],"replies":[{"embeddable":true,"href":"https:\/\/www.meroil.es\/ca\/wp-json\/wp\/v2\/comments?post=5069"}],"version-history":[{"count":1,"href":"https:\/\/www.meroil.es\/ca\/wp-json\/wp\/v2\/pages\/5069\/revisions"}],"predecessor-version":[{"id":6632,"href":"https:\/\/www.meroil.es\/ca\/wp-json\/wp\/v2\/pages\/5069\/revisions\/6632"}],"up":[{"embeddable":true,"href":"https:\/\/www.meroil.es\/ca\/wp-json\/wp\/v2\/pages\/5085"}],"wp:attachment":[{"href":"https:\/\/www.meroil.es\/ca\/wp-json\/wp\/v2\/media?parent=5069"}],"curies":[{"name":"wp","href":"https:\/\/api.w.org\/{rel}","templated":true}]}}