{"id":5078,"date":"2021-03-04T08:30:31","date_gmt":"2021-03-04T08:30:31","guid":{"rendered":"https:\/\/www.meroil.es\/presentacion\/carta-del-presidente\/"},"modified":"2021-10-26T19:02:00","modified_gmt":"2021-10-26T19:02:00","slug":"carta-del-president","status":"publish","type":"page","link":"https:\/\/www.meroil.es\/ca\/presentacio\/carta-del-president\/","title":{"rendered":"Carta del President"},"content":{"rendered":"<div class=\"fusion-fullwidth fullwidth-box fusion-builder-row-1 fusion-flex-container nonhundred-percent-fullwidth non-hundred-percent-height-scrolling\" style=\"--awb-border-radius-top-left:0px;--awb-border-radius-top-right:0px;--awb-border-radius-bottom-right:0px;--awb-border-radius-bottom-left:0px;--awb-flex-wrap:wrap;\" ><div class=\"fusion-builder-row fusion-row fusion-flex-align-items-flex-start fusion-flex-content-wrap\" style=\"max-width:1216.8px;margin-left: calc(-4% \/ 2 );margin-right: calc(-4% \/ 2 );\"><div class=\"fusion-layout-column fusion_builder_column fusion-builder-column-0 fusion_builder_column_2_3 2_3 fusion-flex-column\" style=\"--awb-bg-size:cover;--awb-width-large:66.666666666667%;--awb-margin-top-large:0px;--awb-spacing-right-large:2.88%;--awb-margin-bottom-large:20px;--awb-spacing-left-large:2.88%;--awb-width-medium:100%;--awb-order-medium:0;--awb-spacing-right-medium:1.92%;--awb-spacing-left-medium:1.92%;--awb-width-small:100%;--awb-order-small:0;--awb-spacing-right-small:1.92%;--awb-spacing-left-small:1.92%;\"><div class=\"fusion-column-wrapper fusion-column-has-shadow fusion-flex-justify-content-flex-start fusion-content-layout-column\"><div class=\"fusion-text fusion-text-1\"><p>L&#8217;any 2018 a\u00a0Meroil\u00a0celebrem el nostre 25 Aniversari. Ha passat m\u00e9s d&#8217;un quart de segle molt fruct\u00edfer per a aquella atrevida iniciativa conseq\u00fc\u00e8ncia directa de la\u00a0desmonopolitzaci\u00f3\u00a0del sector petrol\u00edfer a Espanya. Fins i tot en els pitjors anys de la crisi econ\u00f2mica iniciada l&#8217;any 2007 vam ser capa\u00e7os de mantenir nivells de creixement i de desenvolupament molt notables, i de forjar aliances amb empreses internacionals de primera l\u00ednia. Estic conven\u00e7ut que sabrem adaptar-nos i ser a m\u00e9s part de la soluci\u00f3 en el que hagi de venir en el sector energ\u00e8tic a partir d&#8217;ara.<\/p>\n<p>La segona d\u00e8cada del present segle ha posat a la humanitat sencera enfront del n\u00edtid desafiament tecnol\u00f2gic de la contenci\u00f3 del canvi clim\u00e0tic a trav\u00e9s de la progressiva descarbonitzaci\u00f3 de les nostres economies i en general de qualsevol mena d&#8217;activitat humana. Aquesta q\u00fcesti\u00f3 requerir\u00e0 afrontar reptes molt complexos i canvis significatius en la conducta de tots. La humanitat, com sempre ha passat, progressar\u00e0 i trobar\u00e0 solucions. Mentre aix\u00f2 succeeix, conv\u00e9 no perdre de vista que una majoria de regions del m\u00f3n volen accedir a nivells de desenvolupament en els quals nosaltres ens trobem des de fa d\u00e8cades. No sembla f\u00e0cil conciliar els interessos d&#8217;aquesta majoria de poblaci\u00f3 mundial amb l&#8217;irrenunciable objectiu de salvaguardar la salut mediambiental del planeta.<\/p>\n<p>Amb una pand\u00e8mia d&#8217;afectaci\u00f3 universal, l&#8217;any 2020 va posar al m\u00f3n contra la paret demostrant per primera vegada en la hist\u00f2ria que el simple alentiment de la demanda, i per conseg\u00fcent de la producci\u00f3 industrial i de l&#8217;oferta de serveis, t\u00e9 efectes catastr\u00f2fics sobre el nostre sistema de vida. L&#8217;anomenada globalitzaci\u00f3 ha mostrat tamb\u00e9 el seu rostre menys amable.<\/p>\n<p>Encarem el futur amb determinaci\u00f3, tractant d&#8217;aguditzar els nostres sentits per a identificar oportunitats, per a continuar creixent, i per a continuar sent una empresa valuosa per a nosaltres i per al m\u00f3n que ens envolta.<\/p>\n<\/div><\/div><\/div><div class=\"fusion-layout-column fusion_builder_column fusion-builder-column-1 fusion_builder_column_1_3 1_3 fusion-flex-column\" style=\"--awb-bg-size:cover;--awb-width-large:33.333333333333%;--awb-margin-top-large:0px;--awb-spacing-right-large:5.76%;--awb-margin-bottom-large:20px;--awb-spacing-left-large:5.76%;--awb-width-medium:100%;--awb-order-medium:0;--awb-spacing-right-medium:1.92%;--awb-spacing-left-medium:1.92%;--awb-width-small:100%;--awb-order-small:0;--awb-spacing-right-small:1.92%;--awb-spacing-left-small:1.92%;\"><div class=\"fusion-column-wrapper fusion-column-has-shadow fusion-flex-justify-content-flex-start fusion-content-layout-column\"><div class=\"fusion-image-element \" style=\"--awb-caption-title-font-family:var(--h2_typography-font-family);--awb-caption-title-font-weight:var(--h2_typography-font-weight);--awb-caption-title-font-style:var(--h2_typography-font-style);--awb-caption-title-size:var(--h2_typography-font-size);--awb-caption-title-transform:var(--h2_typography-text-transform);--awb-caption-title-line-height:var(--h2_typography-line-height);--awb-caption-title-letter-spacing:var(--h2_typography-letter-spacing);\"><span class=\" fusion-imageframe imageframe-none imageframe-1 hover-type-none\"><img decoding=\"async\" width=\"1068\" height=\"1600\" title=\"JLP\" src=\"https:\/\/www.meroil.es\/wp-content\/uploads\/2021\/03\/JLP.jpg\" alt class=\"img-responsive wp-image-4623\" srcset=\"https:\/\/www.meroil.es\/wp-content\/uploads\/2021\/03\/JLP-200x300.jpg 200w, https:\/\/www.meroil.es\/wp-content\/uploads\/2021\/03\/JLP-400x599.jpg 400w, https:\/\/www.meroil.es\/wp-content\/uploads\/2021\/03\/JLP-600x899.jpg 600w, https:\/\/www.meroil.es\/wp-content\/uploads\/2021\/03\/JLP-800x1199.jpg 800w, https:\/\/www.meroil.es\/wp-content\/uploads\/2021\/03\/JLP.jpg 1068w\" sizes=\"(max-width: 1024px) 100vw, (max-width: 640px) 100vw, 400px\" \/><\/span><\/div><div class=\"fusion-text fusion-text-2\"><p style=\"text-align: center;\">Jos\u00e9 Luis Port\u00e9 Solano<\/p>\n<\/div><\/div><\/div><\/div><\/div>\n","protected":false},"excerpt":{"rendered":"","protected":false},"author":1,"featured_media":0,"parent":4959,"menu_order":0,"comment_status":"closed","ping_status":"closed","template":"","meta":{"footnotes":""},"class_list":["post-5078","page","type-page","status-publish","hentry"],"yoast_head":"<!-- This site is optimized with the Yoast SEO plugin v27.4 - https:\/\/yoast.com\/product\/yoast-seo-wordpress\/ -->\n<title>Carta del President - Meroil<\/title>\n<meta name=\"robots\" content=\"index, follow, max-snippet:-1, max-image-preview:large, max-video-preview:-1\" \/>\n<link rel=\"canonical\" href=\"https:\/\/www.meroil.es\/ca\/presentacio\/carta-del-president\/\" \/>\n<meta property=\"og:locale\" content=\"ca_ES\" \/>\n<meta property=\"og:type\" content=\"article\" \/>\n<meta property=\"og:title\" content=\"Carta del President - Meroil\" \/>\n<meta property=\"og:url\" content=\"https:\/\/www.meroil.es\/ca\/presentacio\/carta-del-president\/\" \/>\n<meta property=\"og:site_name\" content=\"Meroil\" \/>\n<meta property=\"article:modified_time\" content=\"2021-10-26T19:02:00+00:00\" \/>\n<meta name=\"twitter:card\" content=\"summary_large_image\" \/>\n<meta name=\"twitter:label1\" content=\"Temps estimat de lectura\" \/>\n\t<meta name=\"twitter:data1\" content=\"7 minuts\" \/>\n<script type=\"application\/ld+json\" class=\"yoast-schema-graph\">{\"@context\":\"https:\\\/\\\/schema.org\",\"@graph\":[{\"@type\":\"WebPage\",\"@id\":\"https:\\\/\\\/www.meroil.es\\\/ca\\\/presentacio\\\/carta-del-president\\\/\",\"url\":\"https:\\\/\\\/www.meroil.es\\\/ca\\\/presentacio\\\/carta-del-president\\\/\",\"name\":\"Carta del President - Meroil\",\"isPartOf\":{\"@id\":\"https:\\\/\\\/www.meroil.es\\\/ca\\\/#website\"},\"datePublished\":\"2021-03-04T08:30:31+00:00\",\"dateModified\":\"2021-10-26T19:02:00+00:00\",\"breadcrumb\":{\"@id\":\"https:\\\/\\\/www.meroil.es\\\/ca\\\/presentacio\\\/carta-del-president\\\/#breadcrumb\"},\"inLanguage\":\"ca\",\"potentialAction\":[{\"@type\":\"ReadAction\",\"target\":[\"https:\\\/\\\/www.meroil.es\\\/ca\\\/presentacio\\\/carta-del-president\\\/\"]}]},{\"@type\":\"BreadcrumbList\",\"@id\":\"https:\\\/\\\/www.meroil.es\\\/ca\\\/presentacio\\\/carta-del-president\\\/#breadcrumb\",\"itemListElement\":[{\"@type\":\"ListItem\",\"position\":1,\"name\":\"Inici\",\"item\":\"https:\\\/\\\/www.meroil.es\\\/ca\\\/\"},{\"@type\":\"ListItem\",\"position\":2,\"name\":\"Presentaci\u00f3\",\"item\":\"https:\\\/\\\/www.meroil.es\\\/ca\\\/presentacio\\\/\"},{\"@type\":\"ListItem\",\"position\":3,\"name\":\"Carta del President\"}]},{\"@type\":\"WebSite\",\"@id\":\"https:\\\/\\\/www.meroil.es\\\/ca\\\/#website\",\"url\":\"https:\\\/\\\/www.meroil.es\\\/ca\\\/\",\"name\":\"Meroil\",\"description\":\"Estaciones de proximidad\",\"potentialAction\":[{\"@type\":\"SearchAction\",\"target\":{\"@type\":\"EntryPoint\",\"urlTemplate\":\"https:\\\/\\\/www.meroil.es\\\/ca\\\/?s={search_term_string}\"},\"query-input\":{\"@type\":\"PropertyValueSpecification\",\"valueRequired\":true,\"valueName\":\"search_term_string\"}}],\"inLanguage\":\"ca\"}]}<\/script>\n<!-- \/ Yoast SEO plugin. -->","yoast_head_json":{"title":"Carta del President - Meroil","robots":{"index":"index","follow":"follow","max-snippet":"max-snippet:-1","max-image-preview":"max-image-preview:large","max-video-preview":"max-video-preview:-1"},"canonical":"https:\/\/www.meroil.es\/ca\/presentacio\/carta-del-president\/","og_locale":"ca_ES","og_type":"article","og_title":"Carta del President - Meroil","og_url":"https:\/\/www.meroil.es\/ca\/presentacio\/carta-del-president\/","og_site_name":"Meroil","article_modified_time":"2021-10-26T19:02:00+00:00","twitter_card":"summary_large_image","twitter_misc":{"Temps estimat de lectura":"7 minuts"},"schema":{"@context":"https:\/\/schema.org","@graph":[{"@type":"WebPage","@id":"https:\/\/www.meroil.es\/ca\/presentacio\/carta-del-president\/","url":"https:\/\/www.meroil.es\/ca\/presentacio\/carta-del-president\/","name":"Carta del President - Meroil","isPartOf":{"@id":"https:\/\/www.meroil.es\/ca\/#website"},"datePublished":"2021-03-04T08:30:31+00:00","dateModified":"2021-10-26T19:02:00+00:00","breadcrumb":{"@id":"https:\/\/www.meroil.es\/ca\/presentacio\/carta-del-president\/#breadcrumb"},"inLanguage":"ca","potentialAction":[{"@type":"ReadAction","target":["https:\/\/www.meroil.es\/ca\/presentacio\/carta-del-president\/"]}]},{"@type":"BreadcrumbList","@id":"https:\/\/www.meroil.es\/ca\/presentacio\/carta-del-president\/#breadcrumb","itemListElement":[{"@type":"ListItem","position":1,"name":"Inici","item":"https:\/\/www.meroil.es\/ca\/"},{"@type":"ListItem","position":2,"name":"Presentaci\u00f3","item":"https:\/\/www.meroil.es\/ca\/presentacio\/"},{"@type":"ListItem","position":3,"name":"Carta del President"}]},{"@type":"WebSite","@id":"https:\/\/www.meroil.es\/ca\/#website","url":"https:\/\/www.meroil.es\/ca\/","name":"Meroil","description":"Estaciones de proximidad","potentialAction":[{"@type":"SearchAction","target":{"@type":"EntryPoint","urlTemplate":"https:\/\/www.meroil.es\/ca\/?s={search_term_string}"},"query-input":{"@type":"PropertyValueSpecification","valueRequired":true,"valueName":"search_term_string"}}],"inLanguage":"ca"}]}},"_links":{"self":[{"href":"https:\/\/www.meroil.es\/ca\/wp-json\/wp\/v2\/pages\/5078","targetHints":{"allow":["GET"]}}],"collection":[{"href":"https:\/\/www.meroil.es\/ca\/wp-json\/wp\/v2\/pages"}],"about":[{"href":"https:\/\/www.meroil.es\/ca\/wp-json\/wp\/v2\/types\/page"}],"author":[{"embeddable":true,"href":"https:\/\/www.meroil.es\/ca\/wp-json\/wp\/v2\/users\/1"}],"replies":[{"embeddable":true,"href":"https:\/\/www.meroil.es\/ca\/wp-json\/wp\/v2\/comments?post=5078"}],"version-history":[{"count":0,"href":"https:\/\/www.meroil.es\/ca\/wp-json\/wp\/v2\/pages\/5078\/revisions"}],"up":[{"embeddable":true,"href":"https:\/\/www.meroil.es\/ca\/wp-json\/wp\/v2\/pages\/4959"}],"wp:attachment":[{"href":"https:\/\/www.meroil.es\/ca\/wp-json\/wp\/v2\/media?parent=5078"}],"curies":[{"name":"wp","href":"https:\/\/api.w.org\/{rel}","templated":true}]}}