{"id":6591,"date":"2025-11-30T14:21:27","date_gmt":"2025-11-30T13:21:27","guid":{"rendered":"https:\/\/www.meroil.es\/bases-legales-promociones\/"},"modified":"2026-02-16T18:56:25","modified_gmt":"2026-02-16T17:56:25","slug":"bases-legals-promocions","status":"publish","type":"page","link":"https:\/\/www.meroil.es\/ca\/bases-legals-promocions\/","title":{"rendered":"Bases legals promocions"},"content":{"rendered":"<div class=\"fusion-fullwidth fullwidth-box fusion-builder-row-1 fusion-flex-container has-pattern-background has-mask-background nonhundred-percent-fullwidth non-hundred-percent-height-scrolling\" style=\"--awb-border-radius-top-left:0px;--awb-border-radius-top-right:0px;--awb-border-radius-bottom-right:0px;--awb-border-radius-bottom-left:0px;--awb-flex-wrap:wrap;\" ><div class=\"fusion-builder-row fusion-row fusion-flex-align-items-flex-start fusion-flex-content-wrap\" style=\"max-width:1216.8px;margin-left: calc(-4% \/ 2 );margin-right: calc(-4% \/ 2 );\"><div class=\"fusion-layout-column fusion_builder_column fusion-builder-column-0 fusion_builder_column_1_1 1_1 fusion-flex-column\" style=\"--awb-bg-size:cover;--awb-width-large:100%;--awb-margin-top-large:0px;--awb-spacing-right-large:1.92%;--awb-margin-bottom-large:20px;--awb-spacing-left-large:1.92%;--awb-width-medium:100%;--awb-order-medium:0;--awb-spacing-right-medium:1.92%;--awb-spacing-left-medium:1.92%;--awb-width-small:100%;--awb-order-small:0;--awb-spacing-right-small:1.92%;--awb-spacing-left-small:1.92%;\"><div class=\"fusion-column-wrapper fusion-column-has-shadow fusion-flex-justify-content-flex-start fusion-content-layout-column\"><div class=\"fusion-text fusion-text-1\"><h2>MEROIL JOC PREMI SEGUR \u2013 ESTACIONS MEROIL \u2013 BECERRIL \u2013 SALT2 I PUIGCERD\u00c0<\/h2>\n<p>MEROIL, S.A<br \/>\nPort de Llacs, 20 Delta 1<br \/>\n08039 Barcelona<br \/>\nNIF A-60404910<\/p>\n<p><strong>BASES LEGALS DE LA PROMOCI\u00d3 PREMI SEGUR -ESTACI\u00d3 MEROIL \u2013 BECERRIL \u2013 SALT2 I PUIGCERD\u00c0<\/strong><br \/>\nLes presents bases corresponen al joc de &#8220;PREMI SEGUR&#8221; dut a terme per MEROIL. S.A., entitat domiciliada a Port de Lagos, 20 Delta 1, 08039, Barcelona, \u200b\u200bi amb NIF A-60404910 (d&#8217;ara endavant MEROIL o el Promotor), en qu\u00e8 es recullen les condicions de la present promoci\u00f3 i participaci\u00f3 en aquesta.<\/p>\n<p><strong>PRIMERA.- Empresa organitzadora.<\/strong><\/p>\n<p>MEROIL, S.A., entitat domiciliada a Port de Lagos, 20 Delta 1, 08039, Barcelona, \u200b\u200bi amb NIF A-60404910<\/p>\n<h3><strong>SEGONA.- Manera de participaci\u00f3.<\/strong><\/h3>\n<p><strong>1. \u00c0mbit i naturalesa<\/strong><br \/>\nAquesta promoci\u00f3 tindr\u00e0 el seu desenvolupament exclusivament a les estacions de servei de Meroil Becerril (Ctra. M623. KM 1,5 28490 Becerril), Meroil Salt 2 (P. Marqu\u00e8s de Camps, 79 17190 Salt Girona, Meroil Puigcerd\u00e0 (Ctra. N-195 KM 2 Girona) i la participaci\u00f3 ser\u00e0 gratu\u00efta. Els guanyadors de la Promoci\u00f3 es determinaran a trav\u00e9s d&#8217;un target\u00f3, que es lliurar\u00e0 a cada participant, on s&#8217;acumularan els 4 prove\u00efments per valor m\u00ednim de 30 \u20ac que hauran de realitzar per aconseguir un tiquet de rentat gratu\u00eft a la mateixa estaci\u00f3.<\/p>\n<p><strong>2. Per\u00edode de participaci\u00f3<\/strong><br \/>\nEl per\u00edode de participaci\u00f3 es comprendr\u00e0 de l&#8217;1 de febrer al 30 d&#8217;abril, ambd\u00f3s inclosos. En horari d&#8217;atenci\u00f3 al client les estacions de servei de Meroil Becerril (Ctra. M623. KM 1,5 28490 Becerril), Meroil Salt 2 (Pr. Marqu\u00e8s de Camps, 79 17190 Salt Girona, Meroil Puigcerd\u00e0)<\/p>\n<p><strong>3. Mec\u00e0nica de participaci\u00f3<\/strong><br \/>\nEls usuaris que vulguin participar-hi hauran de sol\u00b7licitar f\u00edsicament a l&#8217;estaci\u00f3 de servei de Meroil a la localitat de Becerril, Salt2 o Puigcerd\u00e0 un target\u00f3 on se&#8217;ls marcar\u00e0 aquells prove\u00efments que realitzin per valor m\u00ednim de 30 \u20ac. Quan acumulin 4 prove\u00efments se&#8217;ls lliurar\u00e0 de manera directa un tiquet de rentat per al seu vehicle del que poden gaudir a les instal\u00b7lacions de rentat de la mateixa estaci\u00f3.<\/p>\n<p>Un segell per prove\u00efment.<\/p>\n<p><strong>4. Quines persones hi poden participar<\/strong><\/p>\n<p><em>Legitimaci\u00f3<\/em><\/p>\n<p>Podran participar en aquesta promoci\u00f3 totes aquelles persones f\u00edsiques, majors d&#8217;edat, que es presentin f\u00edsicament a les estacions de servei indicades m\u00e9s amunt i que compleixin els requisits de la promoci\u00f3.<\/p>\n<p><em>Exclusions<\/em><\/p>\n<p>En aquest joc no hi podran participar els empleats i familiars fins al segon grau de consanguinitat\/afinitat de l&#8217;entitat mercantil MEROIL, SA, ag\u00e8ncies de publicitat o ag\u00e8ncies de promocions que estiguin relacionats amb la promoci\u00f3 i totes aquelles empreses integrades en la realitzaci\u00f3 de la present promoci\u00f3.<\/p>\n<p><strong>TERCERA.- Premis.<\/strong><br \/>\nEl premi consistir\u00e0 en un tiquet de rentat gratu\u00eft que haur\u00e0 de bescanviar-se a la mateixa estaci\u00f3 Meroil Becerril (Ctra. M623. KM 1,5 28490 Becerril), Meroil Salt 2 (P\u00ba Marqu\u00e8s de Camps, 79 17190 Salt Girona, Meroil Puigcerd5) 17520 Puigcerd\u00e0 (Girona) i utilitzat en aquestes mateixes estacions.<\/p>\n<p><strong>QUARTA.- Lliurament dels Premis<\/strong><br \/>\nLa Lliurament dels Premis es realitzar\u00e0 respectivament a les estacions de servei de Meroil Becerril (Ctra. M623. KM 1,5 28490 Becerril), Meroil Salt 2 (P\u00ba Marqu\u00e8s de Camps, 79 17190 Salt Girona, Meroil Puigcerd\u00e0 (Ctra. M2) Puigcerd\u00e0 Girona). El premi es lliurar\u00e0 f\u00edsicament despr\u00e9s de presentar el target\u00f3 de participaci\u00f3 amb el segell dels 4 prove\u00efments, la data i el n\u00famero de tiquet emplenat i per valor m\u00ednim de 30 \u20ac cadascun a les estacions de servei de Becerril, Salt 2 i Puigcerd\u00e0 al responsable de l&#8217;estaci\u00f3.<\/p>\n<p>No serveix portar quatre targetes amb un segell per obtenir regal.<\/p>\n<p><strong>QUNTA.- Acceptaci\u00f3 de les bases i responsabilitat<\/strong><br \/>\nLa participaci\u00f3 en la promoci\u00f3 suposa l&#8217;acceptaci\u00f3 \u00edntegra de les presents bases i la submissi\u00f3 expressa de les decisions interpretatives que efectu\u00ef MEROIL, S.A.<br \/>\nTots els conflictes que se suscitin en aplicaci\u00f3 de les presents bases i en cas de diverg\u00e8ncia entre els participants i la interpretaci\u00f3 de les presents bases per MEROIL es resoldran pels Jutjats i Tribunals que per llei poguessin correspondre.<br \/>\nMEROIL es reserva el dret de fer modificacions o afegir annexos successius sobre la mec\u00e0nica i premis de la present promoci\u00f3.<br \/>\nEn cas que aquesta promoci\u00f3 no pogu\u00e9s realitzar-se, b\u00e9 per fraus detectats, errors t\u00e8cnics, o qualsevol altre motiu que no estigui sota el control del Promotor, i que afecti el normal desenvolupament de la mateixa, MEROIL es reserva el dret a cancel\u00b7lar, modificar, o suspendre-la, sense que els participants puguin exigir cap responsabilitat al Promotor.<\/p>\n<p>Si per qualsevol ra\u00f3 aliena a MEROIL, no hi hagu\u00e9s disponibilitat del regal previst, MEROIL es reserva el dret de substituir-los per altres, de cost igual o superior.<\/p>\n<p><strong>SISENA.- Limitaci\u00f3 de responsabilitats<\/strong><br \/>\nMEROIL no es responsabilitza:<\/p>\n<ul>\n<li>Per l&#8217;\u00fas que puguin fer del premi els premiats.<\/li>\n<li>Pels serveis que terceres empreses hagin de prestar als premiats amb els premis de la present promoci\u00f3.<\/li>\n<li>Pel retard del guanyador a la retirada del premi segons les instruccions proporcionades pel Promotor.<\/li>\n<li>MEROIL no es faran responsable de possibles p\u00e8rdues i\/o sostraccions del premi aconseguit, en aquest cas un tiquet de rentat de vehicle a les pr\u00f2pies instal\u00b7lacions de rentat de l&#8217;estaci\u00f3 de servei de Meroil Becerril (Ctra. M623. KM 1,5 28490 Becerril), Meroil Salt 2 ( Girona, Meroil Puigcerd\u00e0 (Ctra. N-152 KM 169,152 17520 Puigcerd\u00e0 Girona).<\/li>\n<\/ul>\n<\/div><div class=\"fusion-separator fusion-full-width-sep\" style=\"align-self: center;margin-left: auto;margin-right: auto;width:100%;\"><div class=\"fusion-separator-border sep-double\" style=\"--awb-height:20px;--awb-amount:20px;border-color:#e0dede;border-top-width:1px;border-bottom-width:1px;\"><\/div><\/div><\/div><\/div><\/div><\/div>\n","protected":false},"excerpt":{"rendered":"","protected":false},"author":1,"featured_media":0,"parent":0,"menu_order":0,"comment_status":"closed","ping_status":"closed","template":"","meta":{"footnotes":""},"class_list":["post-6591","page","type-page","status-publish","hentry"],"yoast_head":"<!-- This site is optimized with the Yoast SEO plugin v27.5 - https:\/\/yoast.com\/product\/yoast-seo-wordpress\/ -->\n<title>Bases legals promocions - Meroil<\/title>\n<meta name=\"robots\" content=\"index, follow, max-snippet:-1, max-image-preview:large, max-video-preview:-1\" \/>\n<link rel=\"canonical\" href=\"https:\/\/www.meroil.es\/ca\/bases-legals-promocions\/\" \/>\n<meta property=\"og:locale\" content=\"ca_ES\" \/>\n<meta property=\"og:type\" content=\"article\" \/>\n<meta property=\"og:title\" content=\"Bases legals promocions - Meroil\" \/>\n<meta property=\"og:url\" content=\"https:\/\/www.meroil.es\/ca\/bases-legals-promocions\/\" \/>\n<meta property=\"og:site_name\" content=\"Meroil\" \/>\n<meta property=\"article:modified_time\" content=\"2026-02-16T17:56:25+00:00\" \/>\n<meta name=\"twitter:card\" content=\"summary_large_image\" \/>\n<meta name=\"twitter:label1\" content=\"Temps estimat de lectura\" \/>\n\t<meta name=\"twitter:data1\" content=\"4 minuts\" \/>\n<script type=\"application\/ld+json\" class=\"yoast-schema-graph\">{\"@context\":\"https:\\\/\\\/schema.org\",\"@graph\":[{\"@type\":\"WebPage\",\"@id\":\"https:\\\/\\\/www.meroil.es\\\/ca\\\/bases-legals-promocions\\\/\",\"url\":\"https:\\\/\\\/www.meroil.es\\\/ca\\\/bases-legals-promocions\\\/\",\"name\":\"Bases legals promocions - Meroil\",\"isPartOf\":{\"@id\":\"https:\\\/\\\/www.meroil.es\\\/ca\\\/#website\"},\"datePublished\":\"2025-11-30T13:21:27+00:00\",\"dateModified\":\"2026-02-16T17:56:25+00:00\",\"breadcrumb\":{\"@id\":\"https:\\\/\\\/www.meroil.es\\\/ca\\\/bases-legals-promocions\\\/#breadcrumb\"},\"inLanguage\":\"ca\",\"potentialAction\":[{\"@type\":\"ReadAction\",\"target\":[\"https:\\\/\\\/www.meroil.es\\\/ca\\\/bases-legals-promocions\\\/\"]}]},{\"@type\":\"BreadcrumbList\",\"@id\":\"https:\\\/\\\/www.meroil.es\\\/ca\\\/bases-legals-promocions\\\/#breadcrumb\",\"itemListElement\":[{\"@type\":\"ListItem\",\"position\":1,\"name\":\"Inici\",\"item\":\"https:\\\/\\\/www.meroil.es\\\/ca\\\/\"},{\"@type\":\"ListItem\",\"position\":2,\"name\":\"Bases legals promocions\"}]},{\"@type\":\"WebSite\",\"@id\":\"https:\\\/\\\/www.meroil.es\\\/ca\\\/#website\",\"url\":\"https:\\\/\\\/www.meroil.es\\\/ca\\\/\",\"name\":\"Meroil\",\"description\":\"Estaciones de proximidad\",\"potentialAction\":[{\"@type\":\"SearchAction\",\"target\":{\"@type\":\"EntryPoint\",\"urlTemplate\":\"https:\\\/\\\/www.meroil.es\\\/ca\\\/?s={search_term_string}\"},\"query-input\":{\"@type\":\"PropertyValueSpecification\",\"valueRequired\":true,\"valueName\":\"search_term_string\"}}],\"inLanguage\":\"ca\"}]}<\/script>\n<!-- \/ Yoast SEO plugin. -->","yoast_head_json":{"title":"Bases legals promocions - Meroil","robots":{"index":"index","follow":"follow","max-snippet":"max-snippet:-1","max-image-preview":"max-image-preview:large","max-video-preview":"max-video-preview:-1"},"canonical":"https:\/\/www.meroil.es\/ca\/bases-legals-promocions\/","og_locale":"ca_ES","og_type":"article","og_title":"Bases legals promocions - Meroil","og_url":"https:\/\/www.meroil.es\/ca\/bases-legals-promocions\/","og_site_name":"Meroil","article_modified_time":"2026-02-16T17:56:25+00:00","twitter_card":"summary_large_image","twitter_misc":{"Temps estimat de lectura":"4 minuts"},"schema":{"@context":"https:\/\/schema.org","@graph":[{"@type":"WebPage","@id":"https:\/\/www.meroil.es\/ca\/bases-legals-promocions\/","url":"https:\/\/www.meroil.es\/ca\/bases-legals-promocions\/","name":"Bases legals promocions - Meroil","isPartOf":{"@id":"https:\/\/www.meroil.es\/ca\/#website"},"datePublished":"2025-11-30T13:21:27+00:00","dateModified":"2026-02-16T17:56:25+00:00","breadcrumb":{"@id":"https:\/\/www.meroil.es\/ca\/bases-legals-promocions\/#breadcrumb"},"inLanguage":"ca","potentialAction":[{"@type":"ReadAction","target":["https:\/\/www.meroil.es\/ca\/bases-legals-promocions\/"]}]},{"@type":"BreadcrumbList","@id":"https:\/\/www.meroil.es\/ca\/bases-legals-promocions\/#breadcrumb","itemListElement":[{"@type":"ListItem","position":1,"name":"Inici","item":"https:\/\/www.meroil.es\/ca\/"},{"@type":"ListItem","position":2,"name":"Bases legals promocions"}]},{"@type":"WebSite","@id":"https:\/\/www.meroil.es\/ca\/#website","url":"https:\/\/www.meroil.es\/ca\/","name":"Meroil","description":"Estaciones de proximidad","potentialAction":[{"@type":"SearchAction","target":{"@type":"EntryPoint","urlTemplate":"https:\/\/www.meroil.es\/ca\/?s={search_term_string}"},"query-input":{"@type":"PropertyValueSpecification","valueRequired":true,"valueName":"search_term_string"}}],"inLanguage":"ca"}]}},"_links":{"self":[{"href":"https:\/\/www.meroil.es\/ca\/wp-json\/wp\/v2\/pages\/6591","targetHints":{"allow":["GET"]}}],"collection":[{"href":"https:\/\/www.meroil.es\/ca\/wp-json\/wp\/v2\/pages"}],"about":[{"href":"https:\/\/www.meroil.es\/ca\/wp-json\/wp\/v2\/types\/page"}],"author":[{"embeddable":true,"href":"https:\/\/www.meroil.es\/ca\/wp-json\/wp\/v2\/users\/1"}],"replies":[{"embeddable":true,"href":"https:\/\/www.meroil.es\/ca\/wp-json\/wp\/v2\/comments?post=6591"}],"version-history":[{"count":5,"href":"https:\/\/www.meroil.es\/ca\/wp-json\/wp\/v2\/pages\/6591\/revisions"}],"predecessor-version":[{"id":6651,"href":"https:\/\/www.meroil.es\/ca\/wp-json\/wp\/v2\/pages\/6591\/revisions\/6651"}],"wp:attachment":[{"href":"https:\/\/www.meroil.es\/ca\/wp-json\/wp\/v2\/media?parent=6591"}],"curies":[{"name":"wp","href":"https:\/\/api.w.org\/{rel}","templated":true}]}}