{"id":4206,"date":"2021-05-26T08:21:53","date_gmt":"2021-05-26T08:21:53","guid":{"rendered":"https:\/\/meroil.es\/?post_type=product&#038;p=4206"},"modified":"2026-04-18T11:23:50","modified_gmt":"2026-04-18T10:23:50","slug":"bascula-para-maleta","status":"publish","type":"product","link":"https:\/\/www.meroil.es\/ca\/catalogo\/viaje\/bascula-para-maleta\/","title":{"rendered":"B\u00c1SCULA PARA MALETA"},"content":{"rendered":"","protected":false},"excerpt":{"rendered":"<p>&#8211; Cinta m\u00e9trica incorporada de 1 metro.<br \/>\n&#8211; Alarma de sobrepeso, funci\u00f3n de tara y funci\u00f3n de retenci\u00f3n.<br \/>\n&#8211; Apagado autom\u00e1tico en 60 seg.<br \/>\n&#8211; Funciona con 1 pila CR2032 (incluida).<br \/>\n&#8211; Capacidad: 50 Kg \/ 10 g.<\/p>\n","protected":false},"featured_media":5467,"template":"","meta":[],"product_brand":[],"product_cat":[32],"product_tag":[],"class_list":{"0":"post-4206","1":"product","2":"type-product","3":"status-publish","4":"has-post-thumbnail","6":"product_cat-viaje","8":"first","9":"instock","10":"shipping-taxable","11":"product-type-simple"},"yoast_head":"<!-- This site is optimized with the Yoast SEO plugin v27.4 - https:\/\/yoast.com\/product\/yoast-seo-wordpress\/ -->\n<title>B\u00c1SCULA PARA MALETA - Meroil<\/title>\n<meta name=\"robots\" content=\"index, follow, max-snippet:-1, max-image-preview:large, max-video-preview:-1\" \/>\n<link rel=\"canonical\" href=\"https:\/\/www.meroil.es\/ca\/catalogo\/viaje\/bascula-para-maleta\/\" \/>\n<meta property=\"og:locale\" content=\"ca_ES\" \/>\n<meta property=\"og:type\" content=\"article\" \/>\n<meta property=\"og:title\" content=\"B\u00c1SCULA PARA MALETA - Meroil\" \/>\n<meta property=\"og:description\" content=\"- Cinta m\u00e9trica incorporada de 1 metro. - Alarma de sobrepeso, funci\u00f3n de tara y funci\u00f3n de retenci\u00f3n. - Apagado autom\u00e1tico en 60 seg. - Funciona con 1 pila CR2032 (incluida). - Capacidad: 50 Kg \/ 10 g.\" \/>\n<meta property=\"og:url\" content=\"https:\/\/www.meroil.es\/ca\/catalogo\/viaje\/bascula-para-maleta\/\" \/>\n<meta property=\"og:site_name\" content=\"Meroil\" \/>\n<meta property=\"article:modified_time\" content=\"2026-04-18T10:23:50+00:00\" \/>\n<meta property=\"og:image\" content=\"https:\/\/www.meroil.es\/wp-content\/uploads\/2021\/05\/9331-2.jpg\" \/>\n\t<meta property=\"og:image:width\" content=\"500\" \/>\n\t<meta property=\"og:image:height\" content=\"500\" \/>\n\t<meta property=\"og:image:type\" content=\"image\/jpeg\" \/>\n<meta name=\"twitter:card\" content=\"summary_large_image\" \/>\n<meta name=\"twitter:label1\" content=\"Temps estimat de lectura\" \/>\n\t<meta name=\"twitter:data1\" content=\"1 minut\" \/>\n<script type=\"application\/ld+json\" class=\"yoast-schema-graph\">{\"@context\":\"https:\\\/\\\/schema.org\",\"@graph\":[{\"@type\":\"WebPage\",\"@id\":\"https:\\\/\\\/www.meroil.es\\\/ca\\\/catalogo\\\/viaje\\\/bascula-para-maleta\\\/\",\"url\":\"https:\\\/\\\/www.meroil.es\\\/ca\\\/catalogo\\\/viaje\\\/bascula-para-maleta\\\/\",\"name\":\"B\u00c1SCULA PARA MALETA - Meroil\",\"isPartOf\":{\"@id\":\"https:\\\/\\\/www.meroil.es\\\/ca\\\/#website\"},\"primaryImageOfPage\":{\"@id\":\"https:\\\/\\\/www.meroil.es\\\/ca\\\/catalogo\\\/viaje\\\/bascula-para-maleta\\\/#primaryimage\"},\"image\":{\"@id\":\"https:\\\/\\\/www.meroil.es\\\/ca\\\/catalogo\\\/viaje\\\/bascula-para-maleta\\\/#primaryimage\"},\"thumbnailUrl\":\"https:\\\/\\\/www.meroil.es\\\/wp-content\\\/uploads\\\/2021\\\/05\\\/9331-2.jpg\",\"datePublished\":\"2021-05-26T08:21:53+00:00\",\"dateModified\":\"2026-04-18T10:23:50+00:00\",\"breadcrumb\":{\"@id\":\"https:\\\/\\\/www.meroil.es\\\/ca\\\/catalogo\\\/viaje\\\/bascula-para-maleta\\\/#breadcrumb\"},\"inLanguage\":\"ca\",\"potentialAction\":[{\"@type\":\"ReadAction\",\"target\":[\"https:\\\/\\\/www.meroil.es\\\/ca\\\/catalogo\\\/viaje\\\/bascula-para-maleta\\\/\"]}]},{\"@type\":\"ImageObject\",\"inLanguage\":\"ca\",\"@id\":\"https:\\\/\\\/www.meroil.es\\\/ca\\\/catalogo\\\/viaje\\\/bascula-para-maleta\\\/#primaryimage\",\"url\":\"https:\\\/\\\/www.meroil.es\\\/wp-content\\\/uploads\\\/2021\\\/05\\\/9331-2.jpg\",\"contentUrl\":\"https:\\\/\\\/www.meroil.es\\\/wp-content\\\/uploads\\\/2021\\\/05\\\/9331-2.jpg\",\"width\":500,\"height\":500},{\"@type\":\"BreadcrumbList\",\"@id\":\"https:\\\/\\\/www.meroil.es\\\/ca\\\/catalogo\\\/viaje\\\/bascula-para-maleta\\\/#breadcrumb\",\"itemListElement\":[{\"@type\":\"ListItem\",\"position\":1,\"name\":\"Inici\",\"item\":\"https:\\\/\\\/www.meroil.es\\\/ca\\\/\"},{\"@type\":\"ListItem\",\"position\":2,\"name\":\"Cat\u00e1logo de puntos\",\"item\":\"https:\\\/\\\/www.meroil.es\\\/ca\\\/catalogo\\\/\"},{\"@type\":\"ListItem\",\"position\":3,\"name\":\"B\u00c1SCULA PARA MALETA\"}]},{\"@type\":\"WebSite\",\"@id\":\"https:\\\/\\\/www.meroil.es\\\/ca\\\/#website\",\"url\":\"https:\\\/\\\/www.meroil.es\\\/ca\\\/\",\"name\":\"Meroil\",\"description\":\"Estaciones de proximidad\",\"potentialAction\":[{\"@type\":\"SearchAction\",\"target\":{\"@type\":\"EntryPoint\",\"urlTemplate\":\"https:\\\/\\\/www.meroil.es\\\/ca\\\/?s={search_term_string}\"},\"query-input\":{\"@type\":\"PropertyValueSpecification\",\"valueRequired\":true,\"valueName\":\"search_term_string\"}}],\"inLanguage\":\"ca\"}]}<\/script>\n<!-- \/ Yoast SEO plugin. -->","yoast_head_json":{"title":"B\u00c1SCULA PARA MALETA - Meroil","robots":{"index":"index","follow":"follow","max-snippet":"max-snippet:-1","max-image-preview":"max-image-preview:large","max-video-preview":"max-video-preview:-1"},"canonical":"https:\/\/www.meroil.es\/ca\/catalogo\/viaje\/bascula-para-maleta\/","og_locale":"ca_ES","og_type":"article","og_title":"B\u00c1SCULA PARA MALETA - Meroil","og_description":"- Cinta m\u00e9trica incorporada de 1 metro. - Alarma de sobrepeso, funci\u00f3n de tara y funci\u00f3n de retenci\u00f3n. - Apagado autom\u00e1tico en 60 seg. - Funciona con 1 pila CR2032 (incluida). - Capacidad: 50 Kg \/ 10 g.","og_url":"https:\/\/www.meroil.es\/ca\/catalogo\/viaje\/bascula-para-maleta\/","og_site_name":"Meroil","article_modified_time":"2026-04-18T10:23:50+00:00","og_image":[{"width":500,"height":500,"url":"https:\/\/www.meroil.es\/wp-content\/uploads\/2021\/05\/9331-2.jpg","type":"image\/jpeg"}],"twitter_card":"summary_large_image","twitter_misc":{"Temps estimat de lectura":"1 minut"},"schema":{"@context":"https:\/\/schema.org","@graph":[{"@type":"WebPage","@id":"https:\/\/www.meroil.es\/ca\/catalogo\/viaje\/bascula-para-maleta\/","url":"https:\/\/www.meroil.es\/ca\/catalogo\/viaje\/bascula-para-maleta\/","name":"B\u00c1SCULA PARA MALETA - Meroil","isPartOf":{"@id":"https:\/\/www.meroil.es\/ca\/#website"},"primaryImageOfPage":{"@id":"https:\/\/www.meroil.es\/ca\/catalogo\/viaje\/bascula-para-maleta\/#primaryimage"},"image":{"@id":"https:\/\/www.meroil.es\/ca\/catalogo\/viaje\/bascula-para-maleta\/#primaryimage"},"thumbnailUrl":"https:\/\/www.meroil.es\/wp-content\/uploads\/2021\/05\/9331-2.jpg","datePublished":"2021-05-26T08:21:53+00:00","dateModified":"2026-04-18T10:23:50+00:00","breadcrumb":{"@id":"https:\/\/www.meroil.es\/ca\/catalogo\/viaje\/bascula-para-maleta\/#breadcrumb"},"inLanguage":"ca","potentialAction":[{"@type":"ReadAction","target":["https:\/\/www.meroil.es\/ca\/catalogo\/viaje\/bascula-para-maleta\/"]}]},{"@type":"ImageObject","inLanguage":"ca","@id":"https:\/\/www.meroil.es\/ca\/catalogo\/viaje\/bascula-para-maleta\/#primaryimage","url":"https:\/\/www.meroil.es\/wp-content\/uploads\/2021\/05\/9331-2.jpg","contentUrl":"https:\/\/www.meroil.es\/wp-content\/uploads\/2021\/05\/9331-2.jpg","width":500,"height":500},{"@type":"BreadcrumbList","@id":"https:\/\/www.meroil.es\/ca\/catalogo\/viaje\/bascula-para-maleta\/#breadcrumb","itemListElement":[{"@type":"ListItem","position":1,"name":"Inici","item":"https:\/\/www.meroil.es\/ca\/"},{"@type":"ListItem","position":2,"name":"Cat\u00e1logo de puntos","item":"https:\/\/www.meroil.es\/ca\/catalogo\/"},{"@type":"ListItem","position":3,"name":"B\u00c1SCULA PARA MALETA"}]},{"@type":"WebSite","@id":"https:\/\/www.meroil.es\/ca\/#website","url":"https:\/\/www.meroil.es\/ca\/","name":"Meroil","description":"Estaciones de proximidad","potentialAction":[{"@type":"SearchAction","target":{"@type":"EntryPoint","urlTemplate":"https:\/\/www.meroil.es\/ca\/?s={search_term_string}"},"query-input":{"@type":"PropertyValueSpecification","valueRequired":true,"valueName":"search_term_string"}}],"inLanguage":"ca"}]}},"_links":{"self":[{"href":"https:\/\/www.meroil.es\/ca\/wp-json\/wp\/v2\/product\/4206","targetHints":{"allow":["GET"]}}],"collection":[{"href":"https:\/\/www.meroil.es\/ca\/wp-json\/wp\/v2\/product"}],"about":[{"href":"https:\/\/www.meroil.es\/ca\/wp-json\/wp\/v2\/types\/product"}],"wp:featuredmedia":[{"embeddable":true,"href":"https:\/\/www.meroil.es\/ca\/wp-json\/wp\/v2\/media\/5467"}],"wp:attachment":[{"href":"https:\/\/www.meroil.es\/ca\/wp-json\/wp\/v2\/media?parent=4206"}],"wp:term":[{"taxonomy":"product_brand","embeddable":true,"href":"https:\/\/www.meroil.es\/ca\/wp-json\/wp\/v2\/product_brand?post=4206"},{"taxonomy":"product_cat","embeddable":true,"href":"https:\/\/www.meroil.es\/ca\/wp-json\/wp\/v2\/product_cat?post=4206"},{"taxonomy":"product_tag","embeddable":true,"href":"https:\/\/www.meroil.es\/ca\/wp-json\/wp\/v2\/product_tag?post=4206"}],"curies":[{"name":"wp","href":"https:\/\/api.w.org\/{rel}","templated":true}]}}