{"id":5763,"date":"2023-03-15T09:14:53","date_gmt":"2023-03-15T09:14:53","guid":{"rendered":"https:\/\/www.meroil.es\/?post_type=product&#038;p=5763"},"modified":"2026-04-18T11:38:03","modified_gmt":"2026-04-18T10:38:03","slug":"pulsera-de-actividad","status":"publish","type":"product","link":"https:\/\/www.meroil.es\/ca\/catalogo\/sin-categorizar\/pulsera-de-actividad\/","title":{"rendered":"PULSERA DEPORTIVA"},"content":{"rendered":"","protected":false},"excerpt":{"rendered":"<p>&#8211; Integra diferentes funciones para controlar la actividad f\u00edsica diaria: pasos, calor\u00edas quemadas y distancia recorrida.<br \/>\n&#8211; Mide la calidad del sue\u00f1o, monitor de ritmo card\u00edaco y medici\u00f3n de la presi\u00f3n arterial.<br \/>\n&#8211; Compatible con iOS y Android.<br \/>\n&#8211; Recibe y muestra notificaciones desde el smartphone.<br \/>\n&#8211; Pantalla t\u00e1ctil de 0,96&#8243; con resoluci\u00f3n de 160 x 80.<\/p>\n","protected":false},"featured_media":6548,"template":"","meta":[],"product_brand":[],"product_cat":[26],"product_tag":[],"class_list":{"0":"post-5763","1":"product","2":"type-product","3":"status-publish","4":"has-post-thumbnail","6":"product_cat-sin-categorizar","8":"first","9":"instock","10":"shipping-taxable","11":"product-type-simple"},"yoast_head":"<!-- This site is optimized with the Yoast SEO plugin v27.4 - https:\/\/yoast.com\/product\/yoast-seo-wordpress\/ -->\n<title>PULSERA DEPORTIVA - Meroil<\/title>\n<meta name=\"robots\" content=\"index, follow, max-snippet:-1, max-image-preview:large, max-video-preview:-1\" \/>\n<link rel=\"canonical\" href=\"https:\/\/www.meroil.es\/ca\/catalogo\/sin-categorizar\/pulsera-de-actividad\/\" \/>\n<meta property=\"og:locale\" content=\"ca_ES\" \/>\n<meta property=\"og:type\" content=\"article\" \/>\n<meta property=\"og:title\" content=\"PULSERA DEPORTIVA - Meroil\" \/>\n<meta property=\"og:description\" content=\"- Integra diferentes funciones para controlar la actividad f\u00edsica diaria: pasos, calor\u00edas quemadas y distancia recorrida. - Mide la calidad del sue\u00f1o, monitor de ritmo card\u00edaco y medici\u00f3n de la presi\u00f3n arterial. - Compatible con iOS y Android. - Recibe y muestra notificaciones desde el smartphone. - Pantalla t\u00e1ctil de 0,96&quot; con resoluci\u00f3n de 160 x 80.\" \/>\n<meta property=\"og:url\" content=\"https:\/\/www.meroil.es\/ca\/catalogo\/sin-categorizar\/pulsera-de-actividad\/\" \/>\n<meta property=\"og:site_name\" content=\"Meroil\" \/>\n<meta property=\"article:modified_time\" content=\"2026-04-18T10:38:03+00:00\" \/>\n<meta property=\"og:image\" content=\"https:\/\/www.meroil.es\/wp-content\/uploads\/2023\/03\/380-1.jpg\" \/>\n\t<meta property=\"og:image:width\" content=\"600\" \/>\n\t<meta property=\"og:image:height\" content=\"600\" \/>\n\t<meta property=\"og:image:type\" content=\"image\/jpeg\" \/>\n<meta name=\"twitter:card\" content=\"summary_large_image\" \/>\n<meta name=\"twitter:label1\" content=\"Temps estimat de lectura\" \/>\n\t<meta name=\"twitter:data1\" content=\"1 minut\" \/>\n<script type=\"application\/ld+json\" class=\"yoast-schema-graph\">{\"@context\":\"https:\\\/\\\/schema.org\",\"@graph\":[{\"@type\":\"WebPage\",\"@id\":\"https:\\\/\\\/www.meroil.es\\\/ca\\\/catalogo\\\/sin-categorizar\\\/pulsera-de-actividad\\\/\",\"url\":\"https:\\\/\\\/www.meroil.es\\\/ca\\\/catalogo\\\/sin-categorizar\\\/pulsera-de-actividad\\\/\",\"name\":\"PULSERA DEPORTIVA - Meroil\",\"isPartOf\":{\"@id\":\"https:\\\/\\\/www.meroil.es\\\/ca\\\/#website\"},\"primaryImageOfPage\":{\"@id\":\"https:\\\/\\\/www.meroil.es\\\/ca\\\/catalogo\\\/sin-categorizar\\\/pulsera-de-actividad\\\/#primaryimage\"},\"image\":{\"@id\":\"https:\\\/\\\/www.meroil.es\\\/ca\\\/catalogo\\\/sin-categorizar\\\/pulsera-de-actividad\\\/#primaryimage\"},\"thumbnailUrl\":\"https:\\\/\\\/www.meroil.es\\\/wp-content\\\/uploads\\\/2023\\\/03\\\/380-1.jpg\",\"datePublished\":\"2023-03-15T09:14:53+00:00\",\"dateModified\":\"2026-04-18T10:38:03+00:00\",\"breadcrumb\":{\"@id\":\"https:\\\/\\\/www.meroil.es\\\/ca\\\/catalogo\\\/sin-categorizar\\\/pulsera-de-actividad\\\/#breadcrumb\"},\"inLanguage\":\"ca\",\"potentialAction\":[{\"@type\":\"ReadAction\",\"target\":[\"https:\\\/\\\/www.meroil.es\\\/ca\\\/catalogo\\\/sin-categorizar\\\/pulsera-de-actividad\\\/\"]}]},{\"@type\":\"ImageObject\",\"inLanguage\":\"ca\",\"@id\":\"https:\\\/\\\/www.meroil.es\\\/ca\\\/catalogo\\\/sin-categorizar\\\/pulsera-de-actividad\\\/#primaryimage\",\"url\":\"https:\\\/\\\/www.meroil.es\\\/wp-content\\\/uploads\\\/2023\\\/03\\\/380-1.jpg\",\"contentUrl\":\"https:\\\/\\\/www.meroil.es\\\/wp-content\\\/uploads\\\/2023\\\/03\\\/380-1.jpg\",\"width\":600,\"height\":600},{\"@type\":\"BreadcrumbList\",\"@id\":\"https:\\\/\\\/www.meroil.es\\\/ca\\\/catalogo\\\/sin-categorizar\\\/pulsera-de-actividad\\\/#breadcrumb\",\"itemListElement\":[{\"@type\":\"ListItem\",\"position\":1,\"name\":\"Inici\",\"item\":\"https:\\\/\\\/www.meroil.es\\\/ca\\\/\"},{\"@type\":\"ListItem\",\"position\":2,\"name\":\"Cat\u00e1logo de puntos\",\"item\":\"https:\\\/\\\/www.meroil.es\\\/ca\\\/catalogo\\\/\"},{\"@type\":\"ListItem\",\"position\":3,\"name\":\"PULSERA DEPORTIVA\"}]},{\"@type\":\"WebSite\",\"@id\":\"https:\\\/\\\/www.meroil.es\\\/ca\\\/#website\",\"url\":\"https:\\\/\\\/www.meroil.es\\\/ca\\\/\",\"name\":\"Meroil\",\"description\":\"Estaciones de proximidad\",\"potentialAction\":[{\"@type\":\"SearchAction\",\"target\":{\"@type\":\"EntryPoint\",\"urlTemplate\":\"https:\\\/\\\/www.meroil.es\\\/ca\\\/?s={search_term_string}\"},\"query-input\":{\"@type\":\"PropertyValueSpecification\",\"valueRequired\":true,\"valueName\":\"search_term_string\"}}],\"inLanguage\":\"ca\"}]}<\/script>\n<!-- \/ Yoast SEO plugin. -->","yoast_head_json":{"title":"PULSERA DEPORTIVA - Meroil","robots":{"index":"index","follow":"follow","max-snippet":"max-snippet:-1","max-image-preview":"max-image-preview:large","max-video-preview":"max-video-preview:-1"},"canonical":"https:\/\/www.meroil.es\/ca\/catalogo\/sin-categorizar\/pulsera-de-actividad\/","og_locale":"ca_ES","og_type":"article","og_title":"PULSERA DEPORTIVA - Meroil","og_description":"- Integra diferentes funciones para controlar la actividad f\u00edsica diaria: pasos, calor\u00edas quemadas y distancia recorrida. - Mide la calidad del sue\u00f1o, monitor de ritmo card\u00edaco y medici\u00f3n de la presi\u00f3n arterial. - Compatible con iOS y Android. - Recibe y muestra notificaciones desde el smartphone. - Pantalla t\u00e1ctil de 0,96\" con resoluci\u00f3n de 160 x 80.","og_url":"https:\/\/www.meroil.es\/ca\/catalogo\/sin-categorizar\/pulsera-de-actividad\/","og_site_name":"Meroil","article_modified_time":"2026-04-18T10:38:03+00:00","og_image":[{"width":600,"height":600,"url":"https:\/\/www.meroil.es\/wp-content\/uploads\/2023\/03\/380-1.jpg","type":"image\/jpeg"}],"twitter_card":"summary_large_image","twitter_misc":{"Temps estimat de lectura":"1 minut"},"schema":{"@context":"https:\/\/schema.org","@graph":[{"@type":"WebPage","@id":"https:\/\/www.meroil.es\/ca\/catalogo\/sin-categorizar\/pulsera-de-actividad\/","url":"https:\/\/www.meroil.es\/ca\/catalogo\/sin-categorizar\/pulsera-de-actividad\/","name":"PULSERA DEPORTIVA - Meroil","isPartOf":{"@id":"https:\/\/www.meroil.es\/ca\/#website"},"primaryImageOfPage":{"@id":"https:\/\/www.meroil.es\/ca\/catalogo\/sin-categorizar\/pulsera-de-actividad\/#primaryimage"},"image":{"@id":"https:\/\/www.meroil.es\/ca\/catalogo\/sin-categorizar\/pulsera-de-actividad\/#primaryimage"},"thumbnailUrl":"https:\/\/www.meroil.es\/wp-content\/uploads\/2023\/03\/380-1.jpg","datePublished":"2023-03-15T09:14:53+00:00","dateModified":"2026-04-18T10:38:03+00:00","breadcrumb":{"@id":"https:\/\/www.meroil.es\/ca\/catalogo\/sin-categorizar\/pulsera-de-actividad\/#breadcrumb"},"inLanguage":"ca","potentialAction":[{"@type":"ReadAction","target":["https:\/\/www.meroil.es\/ca\/catalogo\/sin-categorizar\/pulsera-de-actividad\/"]}]},{"@type":"ImageObject","inLanguage":"ca","@id":"https:\/\/www.meroil.es\/ca\/catalogo\/sin-categorizar\/pulsera-de-actividad\/#primaryimage","url":"https:\/\/www.meroil.es\/wp-content\/uploads\/2023\/03\/380-1.jpg","contentUrl":"https:\/\/www.meroil.es\/wp-content\/uploads\/2023\/03\/380-1.jpg","width":600,"height":600},{"@type":"BreadcrumbList","@id":"https:\/\/www.meroil.es\/ca\/catalogo\/sin-categorizar\/pulsera-de-actividad\/#breadcrumb","itemListElement":[{"@type":"ListItem","position":1,"name":"Inici","item":"https:\/\/www.meroil.es\/ca\/"},{"@type":"ListItem","position":2,"name":"Cat\u00e1logo de puntos","item":"https:\/\/www.meroil.es\/ca\/catalogo\/"},{"@type":"ListItem","position":3,"name":"PULSERA DEPORTIVA"}]},{"@type":"WebSite","@id":"https:\/\/www.meroil.es\/ca\/#website","url":"https:\/\/www.meroil.es\/ca\/","name":"Meroil","description":"Estaciones de proximidad","potentialAction":[{"@type":"SearchAction","target":{"@type":"EntryPoint","urlTemplate":"https:\/\/www.meroil.es\/ca\/?s={search_term_string}"},"query-input":{"@type":"PropertyValueSpecification","valueRequired":true,"valueName":"search_term_string"}}],"inLanguage":"ca"}]}},"_links":{"self":[{"href":"https:\/\/www.meroil.es\/ca\/wp-json\/wp\/v2\/product\/5763","targetHints":{"allow":["GET"]}}],"collection":[{"href":"https:\/\/www.meroil.es\/ca\/wp-json\/wp\/v2\/product"}],"about":[{"href":"https:\/\/www.meroil.es\/ca\/wp-json\/wp\/v2\/types\/product"}],"wp:featuredmedia":[{"embeddable":true,"href":"https:\/\/www.meroil.es\/ca\/wp-json\/wp\/v2\/media\/6548"}],"wp:attachment":[{"href":"https:\/\/www.meroil.es\/ca\/wp-json\/wp\/v2\/media?parent=5763"}],"wp:term":[{"taxonomy":"product_brand","embeddable":true,"href":"https:\/\/www.meroil.es\/ca\/wp-json\/wp\/v2\/product_brand?post=5763"},{"taxonomy":"product_cat","embeddable":true,"href":"https:\/\/www.meroil.es\/ca\/wp-json\/wp\/v2\/product_cat?post=5763"},{"taxonomy":"product_tag","embeddable":true,"href":"https:\/\/www.meroil.es\/ca\/wp-json\/wp\/v2\/product_tag?post=5763"}],"curies":[{"name":"wp","href":"https:\/\/api.w.org\/{rel}","templated":true}]}}