{"id":5794,"date":"2023-03-15T09:22:21","date_gmt":"2023-03-15T09:22:21","guid":{"rendered":"https:\/\/www.meroil.es\/?post_type=product&#038;p=5794"},"modified":"2025-07-02T15:45:32","modified_gmt":"2025-07-02T14:45:32","slug":"batidora","status":"publish","type":"product","link":"https:\/\/www.meroil.es\/ca\/catalogo\/sin-categorizar\/batidora\/","title":{"rendered":"BATIDORA VARILLA"},"content":{"rendered":"","protected":false},"excerpt":{"rendered":"<p>&#8211; 1500W de potencia.<br \/>\n&#8211; Varilla de acero inoxidable.<br \/>\n&#8211; Cuerpo de pl\u00e1stico ABS y decoraci\u00f3n SUS.<\/p>\n<p>&#8211; Pantalla LCD que muestra la velocidad.<br \/>\n&#8211; Ergon\u00f3mico Dise\u00f1o antisalpicaduras.<br \/>\n&#8211; Vaso medidor de 600 ml.<br \/>\n&#8211; Picador de 500 ml.<br \/>\n&#8211; Batidor.<\/p>\n","protected":false},"featured_media":5795,"template":"","meta":[],"product_brand":[],"product_cat":[26],"product_tag":[],"class_list":{"0":"post-5794","1":"product","2":"type-product","3":"status-publish","4":"has-post-thumbnail","6":"product_cat-sin-categorizar","8":"first","9":"instock","10":"shipping-taxable","11":"product-type-simple"},"yoast_head":"<!-- This site is optimized with the Yoast SEO plugin v26.7 - https:\/\/yoast.com\/wordpress\/plugins\/seo\/ -->\n<title>BATIDORA VARILLA - Meroil<\/title>\n<meta name=\"robots\" content=\"index, follow, max-snippet:-1, max-image-preview:large, max-video-preview:-1\" \/>\n<link rel=\"canonical\" href=\"https:\/\/www.meroil.es\/ca\/catalogo\/sin-categorizar\/batidora\/\" \/>\n<meta property=\"og:locale\" content=\"ca_ES\" \/>\n<meta property=\"og:type\" content=\"article\" \/>\n<meta property=\"og:title\" content=\"BATIDORA VARILLA - Meroil\" \/>\n<meta property=\"og:description\" content=\"- 1500W de potencia. - Varilla de acero inoxidable. - Cuerpo de pl\u00e1stico ABS y decoraci\u00f3n SUS.  - Pantalla LCD que muestra la velocidad. - Ergon\u00f3mico Dise\u00f1o antisalpicaduras. - Vaso medidor de 600 ml. - Picador de 500 ml. - Batidor.\" \/>\n<meta property=\"og:url\" content=\"https:\/\/www.meroil.es\/ca\/catalogo\/sin-categorizar\/batidora\/\" \/>\n<meta property=\"og:site_name\" content=\"Meroil\" \/>\n<meta property=\"article:modified_time\" content=\"2025-07-02T14:45:32+00:00\" \/>\n<meta property=\"og:image\" content=\"https:\/\/www.meroil.es\/wp-content\/uploads\/2023\/03\/387.jpg\" \/>\n\t<meta property=\"og:image:width\" content=\"600\" \/>\n\t<meta property=\"og:image:height\" content=\"600\" \/>\n\t<meta property=\"og:image:type\" content=\"image\/jpeg\" \/>\n<meta name=\"twitter:card\" content=\"summary_large_image\" \/>\n<meta name=\"twitter:label1\" content=\"Temps estimat de lectura\" \/>\n\t<meta name=\"twitter:data1\" content=\"1 minut\" \/>\n<script type=\"application\/ld+json\" class=\"yoast-schema-graph\">{\"@context\":\"https:\/\/schema.org\",\"@graph\":[{\"@type\":\"WebPage\",\"@id\":\"https:\/\/www.meroil.es\/ca\/catalogo\/sin-categorizar\/batidora\/\",\"url\":\"https:\/\/www.meroil.es\/ca\/catalogo\/sin-categorizar\/batidora\/\",\"name\":\"BATIDORA VARILLA - Meroil\",\"isPartOf\":{\"@id\":\"https:\/\/www.meroil.es\/ca\/#website\"},\"primaryImageOfPage\":{\"@id\":\"https:\/\/www.meroil.es\/ca\/catalogo\/sin-categorizar\/batidora\/#primaryimage\"},\"image\":{\"@id\":\"https:\/\/www.meroil.es\/ca\/catalogo\/sin-categorizar\/batidora\/#primaryimage\"},\"thumbnailUrl\":\"https:\/\/www.meroil.es\/wp-content\/uploads\/2023\/03\/387.jpg\",\"datePublished\":\"2023-03-15T09:22:21+00:00\",\"dateModified\":\"2025-07-02T14:45:32+00:00\",\"breadcrumb\":{\"@id\":\"https:\/\/www.meroil.es\/ca\/catalogo\/sin-categorizar\/batidora\/#breadcrumb\"},\"inLanguage\":\"ca\",\"potentialAction\":[{\"@type\":\"ReadAction\",\"target\":[\"https:\/\/www.meroil.es\/ca\/catalogo\/sin-categorizar\/batidora\/\"]}]},{\"@type\":\"ImageObject\",\"inLanguage\":\"ca\",\"@id\":\"https:\/\/www.meroil.es\/ca\/catalogo\/sin-categorizar\/batidora\/#primaryimage\",\"url\":\"https:\/\/www.meroil.es\/wp-content\/uploads\/2023\/03\/387.jpg\",\"contentUrl\":\"https:\/\/www.meroil.es\/wp-content\/uploads\/2023\/03\/387.jpg\",\"width\":600,\"height\":600},{\"@type\":\"BreadcrumbList\",\"@id\":\"https:\/\/www.meroil.es\/ca\/catalogo\/sin-categorizar\/batidora\/#breadcrumb\",\"itemListElement\":[{\"@type\":\"ListItem\",\"position\":1,\"name\":\"Inici\",\"item\":\"https:\/\/www.meroil.es\/ca\/\"},{\"@type\":\"ListItem\",\"position\":2,\"name\":\"Cat\u00e1logo de puntos\",\"item\":\"https:\/\/www.meroil.es\/ca\/catalogo\/\"},{\"@type\":\"ListItem\",\"position\":3,\"name\":\"BATIDORA VARILLA\"}]},{\"@type\":\"WebSite\",\"@id\":\"https:\/\/www.meroil.es\/ca\/#website\",\"url\":\"https:\/\/www.meroil.es\/ca\/\",\"name\":\"Meroil\",\"description\":\"Estaciones de proximidad\",\"potentialAction\":[{\"@type\":\"SearchAction\",\"target\":{\"@type\":\"EntryPoint\",\"urlTemplate\":\"https:\/\/www.meroil.es\/ca\/?s={search_term_string}\"},\"query-input\":{\"@type\":\"PropertyValueSpecification\",\"valueRequired\":true,\"valueName\":\"search_term_string\"}}],\"inLanguage\":\"ca\"}]}<\/script>\n<!-- \/ Yoast SEO plugin. -->","yoast_head_json":{"title":"BATIDORA VARILLA - Meroil","robots":{"index":"index","follow":"follow","max-snippet":"max-snippet:-1","max-image-preview":"max-image-preview:large","max-video-preview":"max-video-preview:-1"},"canonical":"https:\/\/www.meroil.es\/ca\/catalogo\/sin-categorizar\/batidora\/","og_locale":"ca_ES","og_type":"article","og_title":"BATIDORA VARILLA - Meroil","og_description":"- 1500W de potencia. - Varilla de acero inoxidable. - Cuerpo de pl\u00e1stico ABS y decoraci\u00f3n SUS.  - Pantalla LCD que muestra la velocidad. - Ergon\u00f3mico Dise\u00f1o antisalpicaduras. - Vaso medidor de 600 ml. - Picador de 500 ml. - Batidor.","og_url":"https:\/\/www.meroil.es\/ca\/catalogo\/sin-categorizar\/batidora\/","og_site_name":"Meroil","article_modified_time":"2025-07-02T14:45:32+00:00","og_image":[{"width":600,"height":600,"url":"https:\/\/www.meroil.es\/wp-content\/uploads\/2023\/03\/387.jpg","type":"image\/jpeg"}],"twitter_card":"summary_large_image","twitter_misc":{"Temps estimat de lectura":"1 minut"},"schema":{"@context":"https:\/\/schema.org","@graph":[{"@type":"WebPage","@id":"https:\/\/www.meroil.es\/ca\/catalogo\/sin-categorizar\/batidora\/","url":"https:\/\/www.meroil.es\/ca\/catalogo\/sin-categorizar\/batidora\/","name":"BATIDORA VARILLA - Meroil","isPartOf":{"@id":"https:\/\/www.meroil.es\/ca\/#website"},"primaryImageOfPage":{"@id":"https:\/\/www.meroil.es\/ca\/catalogo\/sin-categorizar\/batidora\/#primaryimage"},"image":{"@id":"https:\/\/www.meroil.es\/ca\/catalogo\/sin-categorizar\/batidora\/#primaryimage"},"thumbnailUrl":"https:\/\/www.meroil.es\/wp-content\/uploads\/2023\/03\/387.jpg","datePublished":"2023-03-15T09:22:21+00:00","dateModified":"2025-07-02T14:45:32+00:00","breadcrumb":{"@id":"https:\/\/www.meroil.es\/ca\/catalogo\/sin-categorizar\/batidora\/#breadcrumb"},"inLanguage":"ca","potentialAction":[{"@type":"ReadAction","target":["https:\/\/www.meroil.es\/ca\/catalogo\/sin-categorizar\/batidora\/"]}]},{"@type":"ImageObject","inLanguage":"ca","@id":"https:\/\/www.meroil.es\/ca\/catalogo\/sin-categorizar\/batidora\/#primaryimage","url":"https:\/\/www.meroil.es\/wp-content\/uploads\/2023\/03\/387.jpg","contentUrl":"https:\/\/www.meroil.es\/wp-content\/uploads\/2023\/03\/387.jpg","width":600,"height":600},{"@type":"BreadcrumbList","@id":"https:\/\/www.meroil.es\/ca\/catalogo\/sin-categorizar\/batidora\/#breadcrumb","itemListElement":[{"@type":"ListItem","position":1,"name":"Inici","item":"https:\/\/www.meroil.es\/ca\/"},{"@type":"ListItem","position":2,"name":"Cat\u00e1logo de puntos","item":"https:\/\/www.meroil.es\/ca\/catalogo\/"},{"@type":"ListItem","position":3,"name":"BATIDORA VARILLA"}]},{"@type":"WebSite","@id":"https:\/\/www.meroil.es\/ca\/#website","url":"https:\/\/www.meroil.es\/ca\/","name":"Meroil","description":"Estaciones de proximidad","potentialAction":[{"@type":"SearchAction","target":{"@type":"EntryPoint","urlTemplate":"https:\/\/www.meroil.es\/ca\/?s={search_term_string}"},"query-input":{"@type":"PropertyValueSpecification","valueRequired":true,"valueName":"search_term_string"}}],"inLanguage":"ca"}]}},"_links":{"self":[{"href":"https:\/\/www.meroil.es\/ca\/wp-json\/wp\/v2\/product\/5794","targetHints":{"allow":["GET"]}}],"collection":[{"href":"https:\/\/www.meroil.es\/ca\/wp-json\/wp\/v2\/product"}],"about":[{"href":"https:\/\/www.meroil.es\/ca\/wp-json\/wp\/v2\/types\/product"}],"wp:featuredmedia":[{"embeddable":true,"href":"https:\/\/www.meroil.es\/ca\/wp-json\/wp\/v2\/media\/5795"}],"wp:attachment":[{"href":"https:\/\/www.meroil.es\/ca\/wp-json\/wp\/v2\/media?parent=5794"}],"wp:term":[{"taxonomy":"product_brand","embeddable":true,"href":"https:\/\/www.meroil.es\/ca\/wp-json\/wp\/v2\/product_brand?post=5794"},{"taxonomy":"product_cat","embeddable":true,"href":"https:\/\/www.meroil.es\/ca\/wp-json\/wp\/v2\/product_cat?post=5794"},{"taxonomy":"product_tag","embeddable":true,"href":"https:\/\/www.meroil.es\/ca\/wp-json\/wp\/v2\/product_tag?post=5794"}],"curies":[{"name":"wp","href":"https:\/\/api.w.org\/{rel}","templated":true}]}}