{"id":4976,"date":"2021-09-21T10:11:17","date_gmt":"2021-09-21T10:11:17","guid":{"rendered":"https:\/\/www.meroil.es\/politica-de-cookies\/"},"modified":"2021-11-02T17:57:41","modified_gmt":"2021-11-02T17:57:41","slug":"cookies-policy","status":"publish","type":"page","link":"https:\/\/www.meroil.es\/en\/cookies-policy\/","title":{"rendered":"Cookies policy"},"content":{"rendered":"<p>De conformidad con la normativa espa\u00f1ola que regula el uso de cookies en relaci\u00f3n a la prestaci\u00f3n de servicios de comunicaciones electr\u00f3nicas, recogida en el Real Decreto Ley 13\/2012 del 30 de marzo, le informamos sobre las cookies utilizadas en el sitio web de MEROIL S.A. (tambi\u00e9n el prestador) y el motivo de su uso. Asimismo, le informa de que al navegar en el Sitio Web usted est\u00e1 prestando su consentimiento para poder utilizarlas.<\/p>\n<p><strong>\u00bfQu\u00e9 son las cookies?<\/strong><br \/>\nUna cookie es un fichero que se descarga en su ordenador al acceder a determinadas p\u00e1ginas web. Las cookies permiten a una p\u00e1gina web, entre otras cosas, almacenar y recuperar informaci\u00f3n sobre los h\u00e1bitos de navegaci\u00f3n de un usuario o de su equipo y, dependiendo de la informaci\u00f3n que contengan y de la forma en que utilice su equipo, pueden utilizarse para reconocer al usuario. Las cookies se asocian \u00fanicamente a un usuario an\u00f3nimo y su ordenador \u00f3 dispositivo y no proporcionan referencias que permitan conocer sus datos personales.<\/p>\n<p>Cookies afectadas por la normativa y cookies exentas<br \/>\nSeg\u00fan la directiva de la UE, las cookies que requieren el consentimiento informado por parte del usuario son las cookies de anal\u00edtica y las de publicidad y afiliaci\u00f3n, quedando exceptuadas las de car\u00e1cter t\u00e9cnico y las necesarias para el funcionamiento del sitio web o la prestaci\u00f3n de servicios expresamente demandados por el usuario.<\/p>\n<p><strong>Tipo de cookies<\/strong><br \/>\nSeg\u00fan la entidad que las gestione, hay Cookies propias (aqu\u00e9llas que se env\u00edan al equipo terminal del usuario desde un equipo o dominio gestionado por el propio editor y desde el que se presta el servicio Solicitado por el usuario) y de terceros (las que se env\u00edan al equipo terminal del usuario desde un equipo o dominio que no es gestionado por el editor, sino por otra entidad que trata los datos obtenidos trav\u00e9s de las cookies).<br \/>\nSeg\u00fan el tiempo que permanecen activas, existen las de sesi\u00f3n (dise\u00f1adas para recabar y almacenar datos mientras el usuario accede a una p\u00e1gina web) y las persistentes (en las que los datos se almacenan en el terminal y pueden ser accedidos y tratados durante un periodo definido por el responsable de la cookie -puede ir de unos minutos a varios a\u00f1os-).<br \/>\nSeg\u00fan la finalidad para la que traten la informaci\u00f3n que recopilan, pueden ser:<br \/>\n&#8211; Cookies t\u00e9cnicas (necesarias para el uso de la web y la prestaci\u00f3n del servicio contratado)<br \/>\n&#8211; Cookies de personalizaci\u00f3n (que permiten al usuario acceder al servicio con caracter\u00edsticas predefinidas, como por ejemplo el idioma, tipo de navegador, configuraci\u00f3n regional, etc.)<br \/>\n&#8211; Cookies de an\u00e1lisis (recogen informaci\u00f3n el uso que se realiza de la web)<br \/>\n&#8211; Cookies publicitarias (recogen informaci\u00f3n sobre las preferencias y elecciones personales de los usuarios)<br \/>\n&#8211; Cookies de afiliados (permiten realizar un seguimiento de las visitas procedentes de otras webs, con las que el sitio web establece un contrato de afiliaci\u00f3n).<br \/>\nTipos de cookies utilizadas por este sitio web<br \/>\nEsta p\u00e1gina web usa cookies. Las cookies de este sitio web se usan para personalizar el contenido y los anuncios, ofrecer funciones de redes sociales y analizar el tr\u00e1fico. Adem\u00e1s, compartimos informaci\u00f3n sobre el uso que haga del sitio web con nuestros partners de redes sociales, publicidad y an\u00e1lisis web, quienes pueden combinarla con otra informaci\u00f3n que les haya proporcionado o que hayan recopilado a partir del uso que haya hecho de sus servicios.<\/p>\n<p>Las cookies son peque\u00f1os archivos de texto que las p\u00e1ginas web pueden utilizar para hacer m\u00e1s eficiente la experiencia del usuario.<\/p>\n<p>La ley afirma que podemos almacenar cookies en su dispositivo si son estrictamente necesarias para el funcionamiento de esta p\u00e1gina. Para todos los dem\u00e1s tipos de cookies necesitamos su permiso.<\/p>\n<p>Esta p\u00e1gina utiliza tipos diferentes de cookies. Algunas cookies son colocadas por servicios de terceros que aparecen en nuestras p\u00e1ginas.<\/p>\n<p>En cualquier momento puede cambiar o retirar su consentimiento desde la Declaraci\u00f3n de cookies en nuestro sitio web.<\/p>\n<p>Obtenga m\u00e1s informaci\u00f3n sobre qui\u00e9nes somos, c\u00f3mo puede contactarnos y c\u00f3mo procesamos los datos personales en nuestra Pol\u00edtica de privacidad.<\/p>\n<p>Al contactarnos respecto a su consentimiento, por favor, indique el ID y la fecha de su consentimiento.<\/p>\n<p>Su consentimiento se aplica a los siguientes dominios: www.meroil.es<\/p>\n<p><script id=\"CookieDeclaration\" src=\"https:\/\/consent.cookiebot.com\/6982fc1d-13b8-42b8-9af5-55d0be9b8aeb\/cd.js\" type=\"text\/javascript\" async><\/script><\/p>\n<p>&nbsp;<\/p>\n<p><strong>Revocaci\u00f3n<\/strong><br \/>\nEn todo momento podr\u00e1 acceder a la configuraci\u00f3n de su navegador aceptando o rechazando todas las cookies, o bien seleccionar aqu\u00e9llas cuya instalaci\u00f3n admite y cu\u00e1les no, siguiendo uno de los siguientes procedimientos, que depende del navegador que utilice:<\/p>\n<p>Google Chrome (en el Men\u00fa Herramientas):<br \/>\nConfiguraci\u00f3n &gt; Mostrar opciones avanzadas &gt; Privacidad (Configuraci\u00f3n de contenido) &gt; Cookies:<br \/>\nhttps:\/\/support.google.com\/chrome\/answer\/95647?co= GENIE.Platform%3DDesktop&amp;hl=es<\/p>\n<p>Microsoft Internet Explorer (en el Men\u00fa Herramientas):<br \/>\nOpciones de Internet &gt; Privacidad &gt; Avanzada:<br \/>\nhttps:\/\/support.microsoft.com\/es-es\/ help\/17442\/windows-internet-explorer-d elete-manage-cookies<\/p>\n<p>Firefox:<br \/>\nOpciones &gt; Privacidad &gt; Cookies:<br \/>\nhttps:\/\/support.mozilla.org\/es\/ kb\/habilitar-y-deshabilitar-cookies-sitios-web-rastrear-preferencias<\/p>\n<p>Safari, iPad y iPhone:<br \/>\nPreferencias &gt; Privacidad<br \/>\nhttps:\/\/support.apple.com\/kb\/ph21411?locale=es_ES<\/p>\n<p>Opera:<br \/>\nConfiguraci\u00f3n &gt; Opciones &gt; Avanzado &gt; Cookies<br \/>\nhttp:\/\/help.opera.com\/Windows\/12.00\/es-ES\/cookies.html<\/p>\n<p>Estos navegadores est\u00e1n sometidos a actualizaciones o modificaciones, por lo que no podemos garantizar que se ajusten completamente a la versi\u00f3n de su navegador. Tambi\u00e9n puede ser que utilice otro navegador no contemplado en estos enlaces como Konqueror, Arora, Flock, etc. Para evitar estos desajustes, puede acceder directamente desde las opciones de su navegador, generalmente en el men\u00fa de &#8220;Opciones&#8221; en la secci\u00f3n de &#8220;Privacidad&#8221;. (Por favor, consulte la ayuda de su navegador para m\u00e1s informaci\u00f3n).<\/p>\n<p><strong>Desactivaci\u00f3n\/Activaci\u00f3n y eliminaci\u00f3n de cookies<\/strong><br \/>\nPara restringir o bloquear las cookies, se hace a trav\u00e9s de la configuraci\u00f3n del navegador.<\/p>\n<p>Si no desea que los sitios web pongan ninguna cookie en su equipo, puede adaptar la configuraci\u00f3n del navegador de modo que se le notifique antes de que se coloque ninguna cookie. De igual modo, puede adaptar la configuraci\u00f3n de forma que el navegador rechace todas las cookies, o \u00fanicamente las cookies de terceros. Tambi\u00e9n puede eliminar cualquiera de las cookies que ya se encuentren en el equipo. Tenga en cuenta que tendr\u00e1 que adaptar por separado la configuraci\u00f3n de cada navegador y equipo que utilice.<\/p>\n<p>Tenga en cuenta que si no desea recibir cookies, ya no podremos garantizar que nuestro sitio web funcione debidamente. Puede que algunas funciones del sitio se pierdan y es posible que ya no pueda ver ciertos sitios web. Adem\u00e1s, rechazar las cookies no significa que ya no vaya a ver anuncios publicitarios. Simplemente los anuncios no se ajustar\u00e1n a sus intereses y se repetir\u00e1n con m\u00e1s frecuencia.<\/p>\n<p>Cada navegador posee un m\u00e9todo distinto para adaptar la configuraci\u00f3n. Si fuera necesario, consulte la funci\u00f3n de ayuda del navegador para establecer la configuraci\u00f3n correcta.<\/p>\n<p>Para desactivar las cookies en el tel\u00e9fono m\u00f3vil, consulte el manual del dispositivo para obtener m\u00e1s informaci\u00f3n.<\/p>\n<p>Puede obtener m\u00e1s informaci\u00f3n sobre las cookies en Internet, http:\/\/www.aboutcookies.org\/.<\/p>\n<p>Teniendo en cuenta la forma en la que funciona Internet y los sitios web, no siempre contamos con informaci\u00f3n de las cookies que colocan terceras partes a trav\u00e9s de nuestro sitio web. Esto se aplica especialmente a casos en los que nuestra p\u00e1gina web contiene lo que se denominan elementos integrados: textos, documentos, im\u00e1genes o breves pel\u00edculas que se almacenan en otra parte, pero se muestran en nuestro sitio web o a trav\u00e9s del mismo.<\/p>\n<p>Por consiguiente, en caso de que se encuentre con este tipo de cookies en este sitio web y no est\u00e9n enumeradas en la lista anterior, le rogamos que nos lo comunique. O bien p\u00f3ngase en contacto directamente con el tercero para pedirle informaci\u00f3n sobre las cookies que coloca, la finalidad y la duraci\u00f3n de la cookie, y c\u00f3mo ha garantizado su privacidad.<\/p>\n","protected":false},"excerpt":{"rendered":"<p>De conformidad con la normativa espa\u00f1ola que regula el uso de cookies en relaci\u00f3n a la prestaci\u00f3n de servicios de comunicaciones electr\u00f3nicas, recogida en el Real Decreto Ley 13\/2012 del 30 de marzo, le informamos sobre las cookies utilizadas en  [&#8230;]<\/p>\n","protected":false},"author":1,"featured_media":0,"parent":0,"menu_order":0,"comment_status":"closed","ping_status":"closed","template":"","meta":{"footnotes":""},"class_list":["post-4976","page","type-page","status-publish","hentry"],"yoast_head":"<!-- This site is optimized with the Yoast SEO plugin v26.7 - https:\/\/yoast.com\/wordpress\/plugins\/seo\/ -->\n<title>Cookies policy - Meroil<\/title>\n<meta name=\"robots\" content=\"index, follow, max-snippet:-1, max-image-preview:large, max-video-preview:-1\" \/>\n<link rel=\"canonical\" href=\"https:\/\/www.meroil.es\/en\/cookies-policy\/\" \/>\n<meta property=\"og:locale\" content=\"en_US\" \/>\n<meta property=\"og:type\" content=\"article\" \/>\n<meta property=\"og:title\" content=\"Cookies policy - Meroil\" \/>\n<meta property=\"og:description\" content=\"De conformidad con la normativa espa\u00f1ola que regula el uso de cookies en relaci\u00f3n a la prestaci\u00f3n de servicios de comunicaciones electr\u00f3nicas, recogida en el Real Decreto Ley 13\/2012 del 30 de marzo, le informamos sobre las cookies utilizadas en [...]\" \/>\n<meta property=\"og:url\" content=\"https:\/\/www.meroil.es\/en\/cookies-policy\/\" \/>\n<meta property=\"og:site_name\" content=\"Meroil\" \/>\n<meta property=\"article:modified_time\" content=\"2021-11-02T17:57:41+00:00\" \/>\n<meta name=\"twitter:card\" content=\"summary_large_image\" \/>\n<meta name=\"twitter:label1\" content=\"Est. reading time\" \/>\n\t<meta name=\"twitter:data1\" content=\"7 minutes\" \/>\n<script type=\"application\/ld+json\" class=\"yoast-schema-graph\">{\"@context\":\"https:\/\/schema.org\",\"@graph\":[{\"@type\":\"WebPage\",\"@id\":\"https:\/\/www.meroil.es\/en\/cookies-policy\/\",\"url\":\"https:\/\/www.meroil.es\/en\/cookies-policy\/\",\"name\":\"Cookies policy - Meroil\",\"isPartOf\":{\"@id\":\"https:\/\/www.meroil.es\/en\/#website\"},\"datePublished\":\"2021-09-21T10:11:17+00:00\",\"dateModified\":\"2021-11-02T17:57:41+00:00\",\"breadcrumb\":{\"@id\":\"https:\/\/www.meroil.es\/en\/cookies-policy\/#breadcrumb\"},\"inLanguage\":\"en-US\",\"potentialAction\":[{\"@type\":\"ReadAction\",\"target\":[\"https:\/\/www.meroil.es\/en\/cookies-policy\/\"]}]},{\"@type\":\"BreadcrumbList\",\"@id\":\"https:\/\/www.meroil.es\/en\/cookies-policy\/#breadcrumb\",\"itemListElement\":[{\"@type\":\"ListItem\",\"position\":1,\"name\":\"Home\",\"item\":\"https:\/\/www.meroil.es\/en\/\"},{\"@type\":\"ListItem\",\"position\":2,\"name\":\"Cookies policy\"}]},{\"@type\":\"WebSite\",\"@id\":\"https:\/\/www.meroil.es\/en\/#website\",\"url\":\"https:\/\/www.meroil.es\/en\/\",\"name\":\"Meroil\",\"description\":\"Estaciones de proximidad\",\"potentialAction\":[{\"@type\":\"SearchAction\",\"target\":{\"@type\":\"EntryPoint\",\"urlTemplate\":\"https:\/\/www.meroil.es\/en\/?s={search_term_string}\"},\"query-input\":{\"@type\":\"PropertyValueSpecification\",\"valueRequired\":true,\"valueName\":\"search_term_string\"}}],\"inLanguage\":\"en-US\"}]}<\/script>\n<!-- \/ Yoast SEO plugin. -->","yoast_head_json":{"title":"Cookies policy - Meroil","robots":{"index":"index","follow":"follow","max-snippet":"max-snippet:-1","max-image-preview":"max-image-preview:large","max-video-preview":"max-video-preview:-1"},"canonical":"https:\/\/www.meroil.es\/en\/cookies-policy\/","og_locale":"en_US","og_type":"article","og_title":"Cookies policy - Meroil","og_description":"De conformidad con la normativa espa\u00f1ola que regula el uso de cookies en relaci\u00f3n a la prestaci\u00f3n de servicios de comunicaciones electr\u00f3nicas, recogida en el Real Decreto Ley 13\/2012 del 30 de marzo, le informamos sobre las cookies utilizadas en [...]","og_url":"https:\/\/www.meroil.es\/en\/cookies-policy\/","og_site_name":"Meroil","article_modified_time":"2021-11-02T17:57:41+00:00","twitter_card":"summary_large_image","twitter_misc":{"Est. reading time":"7 minutes"},"schema":{"@context":"https:\/\/schema.org","@graph":[{"@type":"WebPage","@id":"https:\/\/www.meroil.es\/en\/cookies-policy\/","url":"https:\/\/www.meroil.es\/en\/cookies-policy\/","name":"Cookies policy - Meroil","isPartOf":{"@id":"https:\/\/www.meroil.es\/en\/#website"},"datePublished":"2021-09-21T10:11:17+00:00","dateModified":"2021-11-02T17:57:41+00:00","breadcrumb":{"@id":"https:\/\/www.meroil.es\/en\/cookies-policy\/#breadcrumb"},"inLanguage":"en-US","potentialAction":[{"@type":"ReadAction","target":["https:\/\/www.meroil.es\/en\/cookies-policy\/"]}]},{"@type":"BreadcrumbList","@id":"https:\/\/www.meroil.es\/en\/cookies-policy\/#breadcrumb","itemListElement":[{"@type":"ListItem","position":1,"name":"Home","item":"https:\/\/www.meroil.es\/en\/"},{"@type":"ListItem","position":2,"name":"Cookies policy"}]},{"@type":"WebSite","@id":"https:\/\/www.meroil.es\/en\/#website","url":"https:\/\/www.meroil.es\/en\/","name":"Meroil","description":"Estaciones de proximidad","potentialAction":[{"@type":"SearchAction","target":{"@type":"EntryPoint","urlTemplate":"https:\/\/www.meroil.es\/en\/?s={search_term_string}"},"query-input":{"@type":"PropertyValueSpecification","valueRequired":true,"valueName":"search_term_string"}}],"inLanguage":"en-US"}]}},"_links":{"self":[{"href":"https:\/\/www.meroil.es\/en\/wp-json\/wp\/v2\/pages\/4976","targetHints":{"allow":["GET"]}}],"collection":[{"href":"https:\/\/www.meroil.es\/en\/wp-json\/wp\/v2\/pages"}],"about":[{"href":"https:\/\/www.meroil.es\/en\/wp-json\/wp\/v2\/types\/page"}],"author":[{"embeddable":true,"href":"https:\/\/www.meroil.es\/en\/wp-json\/wp\/v2\/users\/1"}],"replies":[{"embeddable":true,"href":"https:\/\/www.meroil.es\/en\/wp-json\/wp\/v2\/comments?post=4976"}],"version-history":[{"count":0,"href":"https:\/\/www.meroil.es\/en\/wp-json\/wp\/v2\/pages\/4976\/revisions"}],"wp:attachment":[{"href":"https:\/\/www.meroil.es\/en\/wp-json\/wp\/v2\/media?parent=4976"}],"curies":[{"name":"wp","href":"https:\/\/api.w.org\/{rel}","templated":true}]}}