{"id":4980,"date":"2021-07-21T10:11:05","date_gmt":"2021-07-21T10:11:05","guid":{"rendered":"https:\/\/www.meroil.es\/bases-del-programa\/"},"modified":"2021-10-26T16:10:55","modified_gmt":"2021-10-26T16:10:55","slug":"bases-del-programa","status":"publish","type":"page","link":"https:\/\/www.meroil.es\/en\/cards\/fidelity\/bases-del-programa\/","title":{"rendered":"Bases Tarjeta Meroil Fidelity"},"content":{"rendered":"<div class=\"fusion-fullwidth fullwidth-box fusion-builder-row-1 fusion-flex-container nonhundred-percent-fullwidth non-hundred-percent-height-scrolling\" style=\"--awb-border-radius-top-left:0px;--awb-border-radius-top-right:0px;--awb-border-radius-bottom-right:0px;--awb-border-radius-bottom-left:0px;--awb-flex-wrap:wrap;\" ><div class=\"fusion-builder-row fusion-row fusion-flex-align-items-flex-start fusion-flex-content-wrap\" style=\"max-width:1216.8px;margin-left: calc(-4% \/ 2 );margin-right: calc(-4% \/ 2 );\"><div class=\"fusion-layout-column fusion_builder_column fusion-builder-column-0 fusion_builder_column_1_1 1_1 fusion-flex-column\" style=\"--awb-bg-size:cover;--awb-width-large:100%;--awb-margin-top-large:0px;--awb-spacing-right-large:1.92%;--awb-margin-bottom-large:20px;--awb-spacing-left-large:1.92%;--awb-width-medium:100%;--awb-order-medium:0;--awb-spacing-right-medium:1.92%;--awb-spacing-left-medium:1.92%;--awb-width-small:100%;--awb-order-small:0;--awb-spacing-right-small:1.92%;--awb-spacing-left-small:1.92%;\"><div class=\"fusion-column-wrapper fusion-column-has-shadow fusion-flex-justify-content-flex-start fusion-content-layout-column\"><div class=\"fusion-text fusion-text-1\"><h3 style=\"margin-top: 0px;\">1.- Objeto de la tarjeta Meroil Fidelity<\/h3>\n<p>Mediante la Tarjeta Meroil Fidelity se promociona a trav\u00e9s de un sistema de puntos canjeables, el consumo de carburantes en la Estaciones de Servicio MEROIL (con contrato de suministro e imagen MEROIL), que est\u00e9n adheridas al programa de fidelizaci\u00f3n.<\/p>\n<p>MEROIL no asume obligaci\u00f3n de que todas las estaciones de servicio que ostenten su imagen est\u00e9n adheridas al programa, ni de las altas y\/o bajas de Estaciones Adheridas que puedan producirse durante la vigencia del programa Meroil Fidelity.<\/p>\n<h3 style=\"margin-top: 40px;\">2.- Participaci\u00f3n en la promoci\u00f3n Meroil Fidelity<\/h3>\n<p>La participaci\u00f3n en el programa Meroil Fidelity queda reservada a los poseedores de la tarjeta Meroil Fidelity que cumplan lo dispuesto en el siguiente n\u00famero 3.<\/p>\n<h3 style=\"margin-top: 40px;\">3.- Obtenci\u00f3n de la tarjeta Meroil Fidelity<\/h3>\n<p>La tarjeta Meroil Fidelity (la Tarjeta) podr\u00e1 obtenerse de forma totalmente gratuita, en cualquiera de las Estaciones de Servicio MEROIL adheridas (Estaciones Adheridas) al programa de Fidelizaci\u00f3n. La condici\u00f3n de Estaci\u00f3n Adherida figurar\u00e1 visible en la estaci\u00f3n de servicio y\/o podr\u00e1 consultarse en la misma, as\u00ed como en la web de Meroil que es:\u00a0 www.meroil.es<\/p>\n<p>En el acto de entrega de la Tarjeta, el titular de esta rellenar\u00e1 un formulario de solicitud de participaci\u00f3n en el programa que entregar\u00e1 en la propia Estaci\u00f3n para su remisi\u00f3n a Meroil, que gestiona la Tarjeta, y un resguardo que quedar\u00e1 temporalmente en poder de la Estaci\u00f3n hasta tanto Meroil haya recibido su copia. La firma del formulario de solicitud implicar\u00e1 la aceptaci\u00f3n por el titular de la Tarjeta de las condiciones ofertadas en el presente documento.<\/p>\n<p>En el anverso de la Tarjeta figura un c\u00f3digo que asimismo figura en el formulario de solicitud, y que permiten que a la recepci\u00f3n de su copia del formulario por Meroil pueda asociar los datos del titular de la Tarjeta con el mencionado c\u00f3digo.<\/p>\n<p>Opcionalmente se ha habilitado la opci\u00f3n de activarla a trav\u00e9s de la p\u00e1gina web de Meroil. La activaci\u00f3n de la tarjeta implicar\u00e1 igualmente la aceptaci\u00f3n por el titular de la Tarjeta de las condiciones ofertadas en el presente documento, as\u00ed como de la Pol\u00edtica de protecci\u00f3n de datos.<\/p>\n<p>La Tarjeta es v\u00e1lida para la acumulaci\u00f3n de puntos canjeables desde el mismo momento de su entrega. No obstante, si no est\u00e1 activada en el plazo de los 45 d\u00edas siguientes a la primera asignaci\u00f3n de puntos y no se ha recibido por Meroil la copia del formulario de solicitud podr\u00e1 proceder al bloqueo de la Tarjeta.<\/p>\n<h3 style=\"margin-top: 40px;\">4.- Especificaciones de la tarjeta Meroil Fidelity<\/h3>\n<p>La tarjeta Meroil Fidelity no es una tarjeta de cr\u00e9dito ni es un medio de pago o de compra.<\/p>\n<p>Su exclusiva finalidad es la de permitir a su titular obtener y acumular puntos canjeables.<\/p>\n<p>La tarjeta Meroil Fidelity es pose\u00edda por su titular en calidad de depositario de la misma con autorizaci\u00f3n para darle la utilizaci\u00f3n regulada en este documento.<\/p>\n<p>La tarjeta Meroil Fidelity no puede utilizarse de forma simult\u00e1nea con cualquier otra tarjeta Meroil.<\/p>\n<p>En caso de extrav\u00edo, p\u00e9rdida, deterioro, robo o sustracci\u00f3n de la tarjeta Meroil Fidelity, su titular est\u00e1 obligado a comunicar ello a Meroil mediante escrito remitido v\u00eda fax al n\u00famero 93 204 61 16 o mediante email a comercial@meroil.es, especificando en la comunicaci\u00f3n los datos del titular de la Tarjeta.<\/p>\n<p>Meroil, recibida la comunicaci\u00f3n, proceder\u00e1 al bloqueo de la tarjeta en un plazo m\u00e1ximo de tres d\u00edas y quedar\u00e1 exenta de cualquier responsabilidad derivada del canje de los puntos que se haya podido efectuar hasta la fecha del bloqueo. El titular de la Tarjeta podr\u00e1 obtener una nueva siguiendo el mismo procedimiento regulado para la obtenci\u00f3n de la Tarjeta, si\u00e9ndole transferido a la nueva tarjeta el saldo de puntos que tuviere acumulados en la tarjeta anterior.<\/p>\n<h3 style=\"margin-top: 40px;\">5.- Obtenci\u00f3n de puntos<\/h3>\n<p>El titular de la Tarjeta podr\u00e1 obtener puntos mediante la presentaci\u00f3n de la misma cuando consuma gasolinas y gas\u00f3leos de automoci\u00f3n en una cualquiera de las Estaciones Adheridas, y siempre y cuando no sea utilizada ninguna otra tarjeta Meroil como medio de pago o de compra del consumo efectuado.<\/p>\n<p>La equivalencia puntos\/consumo ser\u00e1 de 3 puntos por litro consumido, con un m\u00e1ximo por operaci\u00f3n de 300 puntos. Si bien Meroil se reserva la capacidad para modificar esta equivalencia en todas o alguna de las Estaciones de Servicio previo aviso.<\/p>\n<p>El titular de la Tarjeta no podr\u00e1 obtener puntos en caso de no presentarla en la Estaci\u00f3n Adherida en el momento del consumo.<\/p>\n<p>Los puntos caducar\u00e1n en el plazo de dos a\u00f1os contados desde la fecha de su obtenci\u00f3n, transcurrido el cual no ser\u00e1n canjeables.<\/p>\n<p>El titular de la Tarjeta podr\u00e1 consultar el saldo de puntos acumulados en la misma mediante consulta en cualquiera de las Estaciones Adheridas, para lo cual deber\u00e1 entregar la tarjeta en la caja, y\/o mediante consulta, introduciendo su c\u00f3digo de tarjeta y DNI, en la p\u00e1gina web de Meroil que es www.meroil.es<\/p>\n<h3 style=\"margin-top: 40px;\">6.- Canje de puntos<\/h3>\n<p>El titular de la tarjeta podr\u00e1 recibir en cualquiera de la Estaciones Adheridas, en canje de sus puntos, los art\u00edculos y\/o servicios que figuren en el Cat\u00e1logo de Regalos Meroil Fidelity vigente en la fecha de opci\u00f3n por el canje. A tales efectos en el referido Cat\u00e1logo se indicar\u00e1 el n\u00famero de puntos canjeables necesarios para cada Regalo. La preparaci\u00f3n y contenido, en cada momento, del referido Cat\u00e1logo de Regalos Meroil Fidelity ser\u00e1 gestionada y decidida por Meroil que est\u00e1 facultado para ello por las Estaciones Adheridas.<\/p>\n<p>No cabe, en ning\u00fan caso, el canje de puntos por dinero.<\/p>\n<p>El canje puntos\/regalo podr\u00e1 ser inmediato o aplazado, en funci\u00f3n de la disponibilidad inmediata \u00f3 no del regalo elegido por el titular de la tarjeta.<\/p>\n<p>El canje inmediato tendr\u00e1 lugar en una cualquiera de las Estaciones Adheridas, siempre y cuando la misma tuviere disponibilidad del regalo elegido por el titular de la Tarjeta. Caso de no disponibilidad se proceder\u00e1 seg\u00fan lo dispuesto en el siguiente p\u00e1rrafo.<\/p>\n<p>En el caso de canje aplazado, el titular de la Tarjeta deber\u00e1 recoger el regalo en la misma Estaci\u00f3n Adherida en la que solicit\u00f3 el canje, una vez transcurridos 40 d\u00edas desde su demanda.<\/p>\n<p>En el caso de que el regalo entregado al titular tuviese alg\u00fan defecto o vicio de origen, no imputable a su uso por el titular, \u00e9ste tendr\u00e1 derecho al cambio del mismo en la misma Estaci\u00f3n Adherida en que se le haya entregado, siempre que no haya destruido el embalaje original y la documentaci\u00f3n que acompa\u00f1e al art\u00edculo y comunique la anomal\u00eda a Meroil, dentro de los 7 d\u00edas siguientes a la recogida del regalo, mediante email a <a href=\"mailto:comercial@meroil.es\">comercial@meroil.es<\/a> , debiendo figurar en la comunicaci\u00f3n los datos del titular de la Tarjeta.<\/p>\n<p>Meroil se reserva el derecho de proponer para el caso de fin de existencias un regalo de igual o mayor valor al mostrado en el cat\u00e1logo.<\/p>\n<h3 style=\"margin-top: 40px;\">7.- Informaci\u00f3n b\u00e1sica sobre Protecci\u00f3n de datos<\/h3>\n<ul>\n<li><strong><em>Responsable:<\/em><\/strong><em> MEROIL SA<\/em><\/li>\n<li><strong><em>Finalidad:<\/em><\/strong><em> Gesti\u00f3n de clientes y env\u00edo de comunicaciones comerciales sobre nuestros productos y\/o servicios<\/em><\/li>\n<li><strong><em>Legitimaci\u00f3n:<\/em><\/strong><em> Ejecuci\u00f3n de un contrato, consentimiento del interesado<\/em><\/li>\n<li><strong><em>Destinatarios:<\/em><\/strong><em> Est\u00e1n previstas cesiones de datos a: Asesor\u00eda fiscal y contable, registros p\u00fablicos, Bancos y Cajas de Ahorro, Administraci\u00f3n Tributaria, Empresa mensajer\u00eda o transporte, est\u00e1n previstas transferencias a terceros pa\u00edses<\/em><\/li>\n<li><strong><em>Derechos:<\/em><\/strong><em> Tiene derecho a acceder, rectificar y suprimir los datos, as\u00ed como otros derechos, indicados en la informaci\u00f3n adicional, que puede ejercer dirigi\u00e9ndose a <a href=\"mailto:info@meroil.es\">info@meroil.es<\/a> o Port de Lagos 20. 08039 BARCELONA<\/em><\/li>\n<li><strong><em>Procedencia:<\/em><\/strong><em> El propio interesado<\/em><\/li>\n<li><strong><em>Informaci\u00f3n adicional:<\/em><\/strong><em> <a href=\"http:\/\/www.meroil.es\/avisos-legales\">http:\/\/www.meroil.es\/avisos-legales<\/a><\/em><\/li>\n<\/ul>\n<h3 style=\"margin-top: 40px;\">8.- Terminaci\u00f3n y\/o modificaci\u00f3n de la promoci\u00f3n Meroil Fidelity<\/h3>\n<p>La promoci\u00f3n Meroil Fidelity podr\u00e1 terminarse o modificarse en cualquier momento debiendo para ello ser comunicado a los titulares de la Tarjeta, mediante comunicaci\u00f3n personal remitida con 30 d\u00edas de antelaci\u00f3n a la fecha de terminaci\u00f3n\/modificaci\u00f3n y\/o mediante comunicaci\u00f3n general con el mismo preaviso efectuada a trav\u00e9s de la p\u00e1gina web de Meroil anteriormente citada.<\/p>\n<p>En caso de terminaci\u00f3n y\/o modificaci\u00f3n de la promoci\u00f3n, el titular de la Tarjeta conservar\u00e1 los derechos que tuviere devengados con anterioridad a la fecha en que surta efecto la terminaci\u00f3n\/modificaci\u00f3n.<\/p>\n<\/div><\/div><\/div><\/div><\/div>\n","protected":false},"excerpt":{"rendered":"","protected":false},"author":1,"featured_media":0,"parent":5050,"menu_order":0,"comment_status":"closed","ping_status":"closed","template":"","meta":{"footnotes":""},"class_list":["post-4980","page","type-page","status-publish","hentry"],"yoast_head":"<!-- This site is optimized with the Yoast SEO plugin v27.5 - https:\/\/yoast.com\/product\/yoast-seo-wordpress\/ -->\n<title>Bases Tarjeta Meroil Fidelity - Meroil<\/title>\n<meta name=\"robots\" content=\"index, follow, max-snippet:-1, max-image-preview:large, max-video-preview:-1\" \/>\n<link rel=\"canonical\" href=\"https:\/\/www.meroil.es\/en\/cards\/fidelity\/bases-del-programa\/\" \/>\n<meta property=\"og:locale\" content=\"en_US\" \/>\n<meta property=\"og:type\" content=\"article\" \/>\n<meta property=\"og:title\" content=\"Bases Tarjeta Meroil Fidelity - Meroil\" \/>\n<meta property=\"og:url\" content=\"https:\/\/www.meroil.es\/en\/cards\/fidelity\/bases-del-programa\/\" \/>\n<meta property=\"og:site_name\" content=\"Meroil\" \/>\n<meta property=\"article:modified_time\" content=\"2021-10-26T16:10:55+00:00\" \/>\n<meta name=\"twitter:card\" content=\"summary_large_image\" \/>\n<meta name=\"twitter:label1\" content=\"Est. reading time\" \/>\n\t<meta name=\"twitter:data1\" content=\"10 minutes\" \/>\n<script type=\"application\/ld+json\" class=\"yoast-schema-graph\">{\"@context\":\"https:\\\/\\\/schema.org\",\"@graph\":[{\"@type\":\"WebPage\",\"@id\":\"https:\\\/\\\/www.meroil.es\\\/en\\\/cards\\\/fidelity\\\/bases-del-programa\\\/\",\"url\":\"https:\\\/\\\/www.meroil.es\\\/en\\\/cards\\\/fidelity\\\/bases-del-programa\\\/\",\"name\":\"Bases Tarjeta Meroil Fidelity - Meroil\",\"isPartOf\":{\"@id\":\"https:\\\/\\\/www.meroil.es\\\/en\\\/#website\"},\"datePublished\":\"2021-07-21T10:11:05+00:00\",\"dateModified\":\"2021-10-26T16:10:55+00:00\",\"breadcrumb\":{\"@id\":\"https:\\\/\\\/www.meroil.es\\\/en\\\/cards\\\/fidelity\\\/bases-del-programa\\\/#breadcrumb\"},\"inLanguage\":\"en-US\",\"potentialAction\":[{\"@type\":\"ReadAction\",\"target\":[\"https:\\\/\\\/www.meroil.es\\\/en\\\/cards\\\/fidelity\\\/bases-del-programa\\\/\"]}]},{\"@type\":\"BreadcrumbList\",\"@id\":\"https:\\\/\\\/www.meroil.es\\\/en\\\/cards\\\/fidelity\\\/bases-del-programa\\\/#breadcrumb\",\"itemListElement\":[{\"@type\":\"ListItem\",\"position\":1,\"name\":\"Home\",\"item\":\"https:\\\/\\\/www.meroil.es\\\/en\\\/\"},{\"@type\":\"ListItem\",\"position\":2,\"name\":\"Cards\",\"item\":\"https:\\\/\\\/www.meroil.es\\\/en\\\/cards\\\/\"},{\"@type\":\"ListItem\",\"position\":3,\"name\":\"Fidelity\",\"item\":\"https:\\\/\\\/www.meroil.es\\\/en\\\/cards\\\/fidelity\\\/\"},{\"@type\":\"ListItem\",\"position\":4,\"name\":\"Bases Tarjeta Meroil Fidelity\"}]},{\"@type\":\"WebSite\",\"@id\":\"https:\\\/\\\/www.meroil.es\\\/en\\\/#website\",\"url\":\"https:\\\/\\\/www.meroil.es\\\/en\\\/\",\"name\":\"Meroil\",\"description\":\"Estaciones de proximidad\",\"potentialAction\":[{\"@type\":\"SearchAction\",\"target\":{\"@type\":\"EntryPoint\",\"urlTemplate\":\"https:\\\/\\\/www.meroil.es\\\/en\\\/?s={search_term_string}\"},\"query-input\":{\"@type\":\"PropertyValueSpecification\",\"valueRequired\":true,\"valueName\":\"search_term_string\"}}],\"inLanguage\":\"en-US\"}]}<\/script>\n<!-- \/ Yoast SEO plugin. -->","yoast_head_json":{"title":"Bases Tarjeta Meroil Fidelity - Meroil","robots":{"index":"index","follow":"follow","max-snippet":"max-snippet:-1","max-image-preview":"max-image-preview:large","max-video-preview":"max-video-preview:-1"},"canonical":"https:\/\/www.meroil.es\/en\/cards\/fidelity\/bases-del-programa\/","og_locale":"en_US","og_type":"article","og_title":"Bases Tarjeta Meroil Fidelity - Meroil","og_url":"https:\/\/www.meroil.es\/en\/cards\/fidelity\/bases-del-programa\/","og_site_name":"Meroil","article_modified_time":"2021-10-26T16:10:55+00:00","twitter_card":"summary_large_image","twitter_misc":{"Est. reading time":"10 minutes"},"schema":{"@context":"https:\/\/schema.org","@graph":[{"@type":"WebPage","@id":"https:\/\/www.meroil.es\/en\/cards\/fidelity\/bases-del-programa\/","url":"https:\/\/www.meroil.es\/en\/cards\/fidelity\/bases-del-programa\/","name":"Bases Tarjeta Meroil Fidelity - Meroil","isPartOf":{"@id":"https:\/\/www.meroil.es\/en\/#website"},"datePublished":"2021-07-21T10:11:05+00:00","dateModified":"2021-10-26T16:10:55+00:00","breadcrumb":{"@id":"https:\/\/www.meroil.es\/en\/cards\/fidelity\/bases-del-programa\/#breadcrumb"},"inLanguage":"en-US","potentialAction":[{"@type":"ReadAction","target":["https:\/\/www.meroil.es\/en\/cards\/fidelity\/bases-del-programa\/"]}]},{"@type":"BreadcrumbList","@id":"https:\/\/www.meroil.es\/en\/cards\/fidelity\/bases-del-programa\/#breadcrumb","itemListElement":[{"@type":"ListItem","position":1,"name":"Home","item":"https:\/\/www.meroil.es\/en\/"},{"@type":"ListItem","position":2,"name":"Cards","item":"https:\/\/www.meroil.es\/en\/cards\/"},{"@type":"ListItem","position":3,"name":"Fidelity","item":"https:\/\/www.meroil.es\/en\/cards\/fidelity\/"},{"@type":"ListItem","position":4,"name":"Bases Tarjeta Meroil Fidelity"}]},{"@type":"WebSite","@id":"https:\/\/www.meroil.es\/en\/#website","url":"https:\/\/www.meroil.es\/en\/","name":"Meroil","description":"Estaciones de proximidad","potentialAction":[{"@type":"SearchAction","target":{"@type":"EntryPoint","urlTemplate":"https:\/\/www.meroil.es\/en\/?s={search_term_string}"},"query-input":{"@type":"PropertyValueSpecification","valueRequired":true,"valueName":"search_term_string"}}],"inLanguage":"en-US"}]}},"_links":{"self":[{"href":"https:\/\/www.meroil.es\/en\/wp-json\/wp\/v2\/pages\/4980","targetHints":{"allow":["GET"]}}],"collection":[{"href":"https:\/\/www.meroil.es\/en\/wp-json\/wp\/v2\/pages"}],"about":[{"href":"https:\/\/www.meroil.es\/en\/wp-json\/wp\/v2\/types\/page"}],"author":[{"embeddable":true,"href":"https:\/\/www.meroil.es\/en\/wp-json\/wp\/v2\/users\/1"}],"replies":[{"embeddable":true,"href":"https:\/\/www.meroil.es\/en\/wp-json\/wp\/v2\/comments?post=4980"}],"version-history":[{"count":0,"href":"https:\/\/www.meroil.es\/en\/wp-json\/wp\/v2\/pages\/4980\/revisions"}],"up":[{"embeddable":true,"href":"https:\/\/www.meroil.es\/en\/wp-json\/wp\/v2\/pages\/5050"}],"wp:attachment":[{"href":"https:\/\/www.meroil.es\/en\/wp-json\/wp\/v2\/media?parent=4980"}],"curies":[{"name":"wp","href":"https:\/\/api.w.org\/{rel}","templated":true}]}}