{"id":4992,"date":"2021-04-07T11:41:02","date_gmt":"2021-04-07T11:41:02","guid":{"rendered":"https:\/\/www.meroil.es\/proteccion-de-datos\/"},"modified":"2021-10-26T16:11:02","modified_gmt":"2021-10-26T16:11:02","slug":"proteccion-de-datos","status":"publish","type":"page","link":"https:\/\/www.meroil.es\/en\/proteccion-de-datos\/","title":{"rendered":"Protecci\u00f3n de datos"},"content":{"rendered":"<div class=\"fusion-fullwidth fullwidth-box fusion-builder-row-1 fusion-flex-container nonhundred-percent-fullwidth non-hundred-percent-height-scrolling\" style=\"--awb-border-radius-top-left:0px;--awb-border-radius-top-right:0px;--awb-border-radius-bottom-right:0px;--awb-border-radius-bottom-left:0px;--awb-flex-wrap:wrap;\" ><div class=\"fusion-builder-row fusion-row fusion-flex-align-items-flex-start fusion-flex-content-wrap\" style=\"max-width:1216.8px;margin-left: calc(-4% \/ 2 );margin-right: calc(-4% \/ 2 );\"><div class=\"fusion-layout-column fusion_builder_column fusion-builder-column-0 fusion_builder_column_1_1 1_1 fusion-flex-column\" style=\"--awb-bg-size:cover;--awb-width-large:100%;--awb-margin-top-large:0px;--awb-spacing-right-large:1.92%;--awb-margin-bottom-large:20px;--awb-spacing-left-large:1.92%;--awb-width-medium:100%;--awb-order-medium:0;--awb-spacing-right-medium:1.92%;--awb-spacing-left-medium:1.92%;--awb-width-small:100%;--awb-order-small:0;--awb-spacing-right-small:1.92%;--awb-spacing-left-small:1.92%;\"><div class=\"fusion-column-wrapper fusion-column-has-shadow fusion-flex-justify-content-flex-start fusion-content-layout-column\"><div class=\"fusion-title title fusion-title-1 fusion-title-text fusion-title-size-two\" style=\"--awb-margin-top-small:0px;--awb-margin-right-small:0px;--awb-margin-bottom-small:20px;--awb-margin-left-small:0px;\"><div class=\"title-sep-container title-sep-container-left fusion-no-large-visibility fusion-no-medium-visibility fusion-no-small-visibility\"><div class=\"title-sep sep- sep-solid\" style=\"border-color:#e0dede;\"><\/div><\/div><span class=\"awb-title-spacer fusion-no-large-visibility fusion-no-medium-visibility fusion-no-small-visibility\"><\/span><h2 class=\"fusion-title-heading title-heading-left fusion-responsive-typography-calculated\" style=\"margin:0;--fontSize:48;line-height:1.2;\">Informaci\u00f3n sobre protecci\u00f3n de datos<\/h2><span class=\"awb-title-spacer\"><\/span><div class=\"title-sep-container title-sep-container-right\"><div class=\"title-sep sep- sep-solid\" style=\"border-color:#e0dede;\"><\/div><\/div><\/div><div class=\"fusion-text fusion-text-1\"><h3>Responsable del tratamiento de los datos<\/h3>\n<p>MEROIL, S.A.<br \/>\nA60404910<br \/>\nC. de Port de Lagos, 20<br \/>\n08039 Barcelona<br \/>\n93.206.16.00<br \/>\ninfo@meroil.es<\/p>\n<h3>Finalidad<\/h3>\n<p>El tratamiento de la informaci\u00f3n que nos facilitan las personas interesadas con el fin de gestionar los curr\u00edculos recibidos y realizar los procesos de selecci\u00f3n de personal. En el caso de que no faciliten sus datos personales, no podremos cumplir con las funcionalidades descritas anteriormente. No se van a tomar decisiones automatizadas de acuerdo con los datos proporcionados.<\/p>\n<h3>Tiempo de conservaci\u00f3n de datos<\/h3>\n<p>Dos a\u00f1os desde la \u00faltima interacci\u00f3n.<\/p>\n<h3>Legitimaci\u00f3n para el tratamiento de los datos<\/h3>\n<p>Consentimiento del interesado: gestionar los curr\u00edculos recibidos y realizar los procesos de selecci\u00f3n de personal.<br \/>\nDestinatarios de los datos.<br \/>\nNo se ceder\u00e1n datos a terceros, salvo obligaci\u00f3n legal.<\/p>\n<h3>Transferencias de datos a terceros pa\u00edses<\/h3>\n<p>No est\u00e1n previstas transferencias de datos a terceros pa\u00edses.<\/p>\n<h3>Derechos sobre los datos<\/h3>\n<p>Cualquier persona tiene derecho a obtener confirmaci\u00f3n sobre si en MEROIL, S.A. estamos tratando, o no, datos personales que le conciernan.<br \/>\nLas personas interesadas tienen derecho a acceder a sus datos personales, as\u00ed como a solicitar la rectificaci\u00f3n de los datos inexactos o, en su caso, solicitar su supresi\u00f3n cuando, entre otros motivos, los datos ya no sean necesarios para los fines que fueron recogidos. Igualmente tienen derecho a la portabilidad de sus datos.<br \/>\nEn determinadas circunstancias, los interesados podr\u00e1n solicitar la limitaci\u00f3n del tratamiento de sus datos, en cuyo caso \u00fanicamente los conservaremos para el ejercicio o la defensa de reclamaciones.<br \/>\nEn determinadas circunstancias y por motivos relacionados con su situaci\u00f3n particular, los interesados podr\u00e1n oponerse al tratamiento de sus datos. En este caso, MEROIL, S.A. dejar\u00e1 de tratar los datos, salvo por motivos leg\u00edtimos imperiosos, o el ejercicio o la defensa de posibles reclamaciones.<br \/>\nPodr\u00e1n ejercitar materialmente sus derechos de la siguiente forma: dirigi\u00e9ndose a info@meroil.es o a la c. de Port de Lagos, 20. 08039 Barcelona.<br \/>\nCuando se realice el env\u00edo de comunicaciones comerciales utilizando como base jur\u00eddica el inter\u00e9s leg\u00edtimo del responsable, los interesados podr\u00e1n oponerse al tratamiento de sus datos con ese fin.<br \/>\nEl consentimiento otorgado es para todas las finalidades indicadas cuya base legal es el consentimiento de los interesados. Tienen derecho a retirar dicho consentimiento en cualquier momento, sin que ello afecte a la licitud del tratamiento basado en el consentimiento previo a su retirada.<br \/>\nEn caso de que sientan vulnerados sus derechos en lo concerniente a la protecci\u00f3n de sus datos personales, especialmente cuando no hayan obtenido satisfacci\u00f3n en el ejercicio de sus derechos, pueden presentar una reclamaci\u00f3n ante la autoridad de control en materia de protecci\u00f3n de datos competente a trav\u00e9s de su sitio web: www.aepd.es<\/p>\n<h3>Origen de los datos<\/h3>\n<p>Los datos personales que tratamos en MEROIL, S.A. proceden del propio interesado.<\/p>\n<\/div><\/div><\/div><\/div><\/div>\n","protected":false},"excerpt":{"rendered":"","protected":false},"author":1,"featured_media":0,"parent":0,"menu_order":0,"comment_status":"closed","ping_status":"closed","template":"","meta":{"footnotes":""},"class_list":["post-4992","page","type-page","status-publish","hentry"],"yoast_head":"<!-- This site is optimized with the Yoast SEO plugin v27.5 - https:\/\/yoast.com\/product\/yoast-seo-wordpress\/ -->\n<title>Protecci\u00f3n de datos - Meroil<\/title>\n<meta name=\"robots\" content=\"index, follow, max-snippet:-1, max-image-preview:large, max-video-preview:-1\" \/>\n<link rel=\"canonical\" href=\"https:\/\/www.meroil.es\/en\/proteccion-de-datos\/\" \/>\n<meta property=\"og:locale\" content=\"en_US\" \/>\n<meta property=\"og:type\" content=\"article\" \/>\n<meta property=\"og:title\" content=\"Protecci\u00f3n de datos - Meroil\" \/>\n<meta property=\"og:url\" content=\"https:\/\/www.meroil.es\/en\/proteccion-de-datos\/\" \/>\n<meta property=\"og:site_name\" content=\"Meroil\" \/>\n<meta property=\"article:modified_time\" content=\"2021-10-26T16:11:02+00:00\" \/>\n<meta name=\"twitter:card\" content=\"summary_large_image\" \/>\n<meta name=\"twitter:label1\" content=\"Est. reading time\" \/>\n\t<meta name=\"twitter:data1\" content=\"6 minutes\" \/>\n<script type=\"application\/ld+json\" class=\"yoast-schema-graph\">{\"@context\":\"https:\\\/\\\/schema.org\",\"@graph\":[{\"@type\":\"WebPage\",\"@id\":\"https:\\\/\\\/www.meroil.es\\\/en\\\/proteccion-de-datos\\\/\",\"url\":\"https:\\\/\\\/www.meroil.es\\\/en\\\/proteccion-de-datos\\\/\",\"name\":\"Protecci\u00f3n de datos - Meroil\",\"isPartOf\":{\"@id\":\"https:\\\/\\\/www.meroil.es\\\/en\\\/#website\"},\"datePublished\":\"2021-04-07T11:41:02+00:00\",\"dateModified\":\"2021-10-26T16:11:02+00:00\",\"breadcrumb\":{\"@id\":\"https:\\\/\\\/www.meroil.es\\\/en\\\/proteccion-de-datos\\\/#breadcrumb\"},\"inLanguage\":\"en-US\",\"potentialAction\":[{\"@type\":\"ReadAction\",\"target\":[\"https:\\\/\\\/www.meroil.es\\\/en\\\/proteccion-de-datos\\\/\"]}]},{\"@type\":\"BreadcrumbList\",\"@id\":\"https:\\\/\\\/www.meroil.es\\\/en\\\/proteccion-de-datos\\\/#breadcrumb\",\"itemListElement\":[{\"@type\":\"ListItem\",\"position\":1,\"name\":\"Home\",\"item\":\"https:\\\/\\\/www.meroil.es\\\/en\\\/\"},{\"@type\":\"ListItem\",\"position\":2,\"name\":\"Protecci\u00f3n de datos\"}]},{\"@type\":\"WebSite\",\"@id\":\"https:\\\/\\\/www.meroil.es\\\/en\\\/#website\",\"url\":\"https:\\\/\\\/www.meroil.es\\\/en\\\/\",\"name\":\"Meroil\",\"description\":\"Estaciones de proximidad\",\"potentialAction\":[{\"@type\":\"SearchAction\",\"target\":{\"@type\":\"EntryPoint\",\"urlTemplate\":\"https:\\\/\\\/www.meroil.es\\\/en\\\/?s={search_term_string}\"},\"query-input\":{\"@type\":\"PropertyValueSpecification\",\"valueRequired\":true,\"valueName\":\"search_term_string\"}}],\"inLanguage\":\"en-US\"}]}<\/script>\n<!-- \/ Yoast SEO plugin. -->","yoast_head_json":{"title":"Protecci\u00f3n de datos - Meroil","robots":{"index":"index","follow":"follow","max-snippet":"max-snippet:-1","max-image-preview":"max-image-preview:large","max-video-preview":"max-video-preview:-1"},"canonical":"https:\/\/www.meroil.es\/en\/proteccion-de-datos\/","og_locale":"en_US","og_type":"article","og_title":"Protecci\u00f3n de datos - Meroil","og_url":"https:\/\/www.meroil.es\/en\/proteccion-de-datos\/","og_site_name":"Meroil","article_modified_time":"2021-10-26T16:11:02+00:00","twitter_card":"summary_large_image","twitter_misc":{"Est. reading time":"6 minutes"},"schema":{"@context":"https:\/\/schema.org","@graph":[{"@type":"WebPage","@id":"https:\/\/www.meroil.es\/en\/proteccion-de-datos\/","url":"https:\/\/www.meroil.es\/en\/proteccion-de-datos\/","name":"Protecci\u00f3n de datos - Meroil","isPartOf":{"@id":"https:\/\/www.meroil.es\/en\/#website"},"datePublished":"2021-04-07T11:41:02+00:00","dateModified":"2021-10-26T16:11:02+00:00","breadcrumb":{"@id":"https:\/\/www.meroil.es\/en\/proteccion-de-datos\/#breadcrumb"},"inLanguage":"en-US","potentialAction":[{"@type":"ReadAction","target":["https:\/\/www.meroil.es\/en\/proteccion-de-datos\/"]}]},{"@type":"BreadcrumbList","@id":"https:\/\/www.meroil.es\/en\/proteccion-de-datos\/#breadcrumb","itemListElement":[{"@type":"ListItem","position":1,"name":"Home","item":"https:\/\/www.meroil.es\/en\/"},{"@type":"ListItem","position":2,"name":"Protecci\u00f3n de datos"}]},{"@type":"WebSite","@id":"https:\/\/www.meroil.es\/en\/#website","url":"https:\/\/www.meroil.es\/en\/","name":"Meroil","description":"Estaciones de proximidad","potentialAction":[{"@type":"SearchAction","target":{"@type":"EntryPoint","urlTemplate":"https:\/\/www.meroil.es\/en\/?s={search_term_string}"},"query-input":{"@type":"PropertyValueSpecification","valueRequired":true,"valueName":"search_term_string"}}],"inLanguage":"en-US"}]}},"_links":{"self":[{"href":"https:\/\/www.meroil.es\/en\/wp-json\/wp\/v2\/pages\/4992","targetHints":{"allow":["GET"]}}],"collection":[{"href":"https:\/\/www.meroil.es\/en\/wp-json\/wp\/v2\/pages"}],"about":[{"href":"https:\/\/www.meroil.es\/en\/wp-json\/wp\/v2\/types\/page"}],"author":[{"embeddable":true,"href":"https:\/\/www.meroil.es\/en\/wp-json\/wp\/v2\/users\/1"}],"replies":[{"embeddable":true,"href":"https:\/\/www.meroil.es\/en\/wp-json\/wp\/v2\/comments?post=4992"}],"version-history":[{"count":0,"href":"https:\/\/www.meroil.es\/en\/wp-json\/wp\/v2\/pages\/4992\/revisions"}],"wp:attachment":[{"href":"https:\/\/www.meroil.es\/en\/wp-json\/wp\/v2\/media?parent=4992"}],"curies":[{"name":"wp","href":"https:\/\/api.w.org\/{rel}","templated":true}]}}