{"id":6428,"date":"2024-12-19T12:32:39","date_gmt":"2024-12-19T12:32:39","guid":{"rendered":"https:\/\/www.meroil.es\/gas-licuado-de-petroleo-glp-y-aceite-vegetal-hidrotratado-hvo-de-meroil\/"},"modified":"2024-12-20T07:43:03","modified_gmt":"2024-12-20T07:43:03","slug":"liquefied-petroleum-gas-lpg-and-hydrotreated-vegetable-oil-hvo-from-meroil","status":"publish","type":"page","link":"https:\/\/www.meroil.es\/en\/liquefied-petroleum-gas-lpg-and-hydrotreated-vegetable-oil-hvo-from-meroil\/","title":{"rendered":"Gas licuado del petr\u00f3leo &#8211; GLP y aceite vegetal hidrotratado &#8211; HVO de Meroil"},"content":{"rendered":"<p><div class=\"fusion-fullwidth fullwidth-box fusion-builder-row-1 fusion-flex-container has-pattern-background has-mask-background nonhundred-percent-fullwidth non-hundred-percent-height-scrolling\" style=\"--awb-border-radius-top-left:0px;--awb-border-radius-top-right:0px;--awb-border-radius-bottom-right:0px;--awb-border-radius-bottom-left:0px;--awb-flex-wrap:wrap;\" ><div class=\"fusion-builder-row fusion-row fusion-flex-align-items-flex-start fusion-flex-content-wrap\" style=\"max-width:1216.8px;margin-left: calc(-4% \/ 2 );margin-right: calc(-4% \/ 2 );\"><div class=\"fusion-layout-column fusion_builder_column fusion-builder-column-0 fusion_builder_column_1_1 1_1 fusion-flex-column\" style=\"--awb-bg-size:cover;--awb-width-large:100%;--awb-margin-top-large:0px;--awb-spacing-right-large:1.92%;--awb-margin-bottom-large:20px;--awb-spacing-left-large:1.92%;--awb-width-medium:100%;--awb-order-medium:0;--awb-spacing-right-medium:1.92%;--awb-spacing-left-medium:1.92%;--awb-width-small:100%;--awb-order-small:0;--awb-spacing-right-small:1.92%;--awb-spacing-left-small:1.92%;\"><div class=\"fusion-column-wrapper fusion-column-has-shadow fusion-flex-justify-content-flex-start fusion-content-layout-column\">\n<div class=\"fusion-slider-revolution rev_slider_wrapper\">\t\t\t<!-- START GLP EN REVOLUTION SLIDER 6.7.39 --><p class=\"rs-p-wp-fix\"><\/p>\n\t\t\t<rs-module-wrap id=\"rev_slider_6_1_wrapper\" data-source=\"gallery\" style=\"visibility:hidden;background:transparent;padding:0;margin:0px auto;margin-top:0;margin-bottom:0;\">\n\t\t\t\t<rs-module id=\"rev_slider_6_1\" style=\"\" data-version=\"6.7.39\">\n\t\t\t\t\t<rs-slides style=\"overflow: hidden; position: absolute;\">\n\t\t\t\t\t\t<rs-slide style=\"position: absolute;\" data-key=\"rs-6\" data-title=\"Slide\" data-in=\"o:0;\" data-out=\"a:false;\">\n\t\t\t\t\t\t\t<img decoding=\"async\" src=\"\/\/www.meroil.es\/wp-content\/plugins\/revslider\/sr6\/assets\/assets\/dummy.png\" alt=\"Slide\" title=\"Gas licuado del petr\u00f3leo &#8211; GLP y aceite vegetal hidrotratado &#8211; HVO de Meroil\" class=\"rev-slidebg tp-rs-img rs-lazyload\" data-lazyload=\"\/\/www.meroil.es\/wp-content\/plugins\/revslider\/sr6\/assets\/assets\/transparent.png\" data-no-retina>\n<!--\n\t\t\t\t\t\t\t--><rs-layer\n\t\t\t\t\t\t\t\tid=\"slider-6-slide-6-layer-0\" \n\t\t\t\t\t\t\t\tdata-type=\"image\"\n\t\t\t\t\t\t\t\tdata-rsp_ch=\"on\"\n\t\t\t\t\t\t\t\tdata-xy=\"y:-2px;\"\n\t\t\t\t\t\t\t\tdata-text=\"w:normal;\"\n\t\t\t\t\t\t\t\tdata-dim=\"w:1200px;h:608px;\"\n\t\t\t\t\t\t\t\tdata-frame_999=\"o:0;st:w;sR:8700;\"\n\t\t\t\t\t\t\t\tstyle=\"z-index:6;\"\n\t\t\t\t\t\t\t><img decoding=\"async\" src=\"\/\/www.meroil.es\/wp-content\/plugins\/revslider\/sr6\/assets\/assets\/dummy.png\" alt=\"\" class=\"tp-rs-img rs-lazyload\" width=\"1200\" height=\"608\" data-lazyload=\"\/\/www.meroil.es\/wp-content\/uploads\/2024\/12\/glpyhvomeroil.jpg\" data-no-retina> \n\t\t\t\t\t\t\t<\/rs-layer><!--\n\n\t\t\t\t\t\t\t--><rs-layer\n\t\t\t\t\t\t\t\tid=\"slider-6-slide-6-layer-1\" \n\t\t\t\t\t\t\t\tdata-type=\"text\"\n\t\t\t\t\t\t\t\tdata-color=\"#fff\"\n\t\t\t\t\t\t\t\tdata-rsp_ch=\"on\"\n\t\t\t\t\t\t\t\tdata-xy=\"x:200px;y:103px;\"\n\t\t\t\t\t\t\t\tdata-text=\"w:normal;s:53;l:65;fw:900;\"\n\t\t\t\t\t\t\t\tdata-padding=\"t:9;r:9;b:9;l:9;\"\n\t\t\t\t\t\t\t\tdata-frame_1=\"sp:330;\"\n\t\t\t\t\t\t\t\tdata-frame_999=\"o:0;st:w;sR:8670;\"\n\t\t\t\t\t\t\t\tstyle=\"z-index:9;background-color:#ff6b00;font-family:'Roboto';text-transform:uppercase;\"\n\t\t\t\t\t\t\t>LPG AND HVO: \n\t\t\t\t\t\t\t<\/rs-layer><!--\n\n\t\t\t\t\t\t\t--><rs-layer\n\t\t\t\t\t\t\t\tid=\"slider-6-slide-6-layer-2\" \n\t\t\t\t\t\t\t\tdata-type=\"text\"\n\t\t\t\t\t\t\t\tdata-color=\"#fff\"\n\t\t\t\t\t\t\t\tdata-rsp_ch=\"on\"\n\t\t\t\t\t\t\t\tdata-xy=\"x:200px;y:210px;\"\n\t\t\t\t\t\t\t\tdata-text=\"w:normal;s:37;l:46;fw:900;\"\n\t\t\t\t\t\t\t\tdata-padding=\"t:6;r:6;b:6;l:6;\"\n\t\t\t\t\t\t\t\tdata-frame_999=\"o:0;st:w;sR:8700;\"\n\t\t\t\t\t\t\t\tstyle=\"z-index:8;background-color:#001887;font-family:'Roboto';text-transform:uppercase;\"\n\t\t\t\t\t\t\t>THE ENERGY  \n\t\t\t\t\t\t\t<\/rs-layer><!--\n\n\t\t\t\t\t\t\t--><rs-layer\n\t\t\t\t\t\t\t\tid=\"slider-6-slide-6-layer-3\" \n\t\t\t\t\t\t\t\tdata-type=\"text\"\n\t\t\t\t\t\t\t\tdata-color=\"#fff\"\n\t\t\t\t\t\t\t\tdata-rsp_ch=\"on\"\n\t\t\t\t\t\t\t\tdata-xy=\"x:200px;y:273px;\"\n\t\t\t\t\t\t\t\tdata-text=\"w:normal;s:37;l:46;fw:900;\"\n\t\t\t\t\t\t\t\tdata-padding=\"t:6;r:6;b:6;l:6;\"\n\t\t\t\t\t\t\t\tdata-frame_999=\"o:0;st:w;sR:8700;\"\n\t\t\t\t\t\t\t\tstyle=\"z-index:7;background-color:#001887;font-family:'Roboto';text-transform:uppercase;\"\n\t\t\t\t\t\t\t>POWERING THE FUTURE \n\t\t\t\t\t\t\t<\/rs-layer><!--\n-->\t\t\t\t\t<\/rs-slide>\n\t\t\t\t\t<\/rs-slides>\n\t\t\t\t<\/rs-module>\n\t\t\t\t<script>\n\t\t\t\t\tsetREVStartSize({c: 'rev_slider_6_1',rl:[1240,1024,778,480],el:[600],gw:[1200],gh:[600],type:'standard',justify:'',layout:'fullwidth',mh:\"0\"});if (window.RS_MODULES!==undefined && window.RS_MODULES.modules!==undefined && window.RS_MODULES.modules[\"revslider61\"]!==undefined) {window.RS_MODULES.modules[\"revslider61\"].once = false;window.revapi6 = undefined;if (window.RS_MODULES.checkMinimal!==undefined) window.RS_MODULES.checkMinimal()}\n\t\t\t\t<\/script>\n\t\t\t<\/rs-module-wrap>\n\t\t\t<!-- END REVOLUTION SLIDER -->\n<\/div><\/div><\/div><\/div><\/div><div class=\"fusion-fullwidth fullwidth-box fusion-builder-row-2 fusion-flex-container has-pattern-background has-mask-background nonhundred-percent-fullwidth non-hundred-percent-height-scrolling\" style=\"--awb-border-radius-top-left:0px;--awb-border-radius-top-right:0px;--awb-border-radius-bottom-right:0px;--awb-border-radius-bottom-left:0px;--awb-flex-wrap:wrap;\" ><div class=\"fusion-builder-row fusion-row fusion-flex-align-items-flex-start fusion-flex-content-wrap\" style=\"max-width:1216.8px;margin-left: calc(-4% \/ 2 );margin-right: calc(-4% \/ 2 );\"><div class=\"fusion-layout-column fusion_builder_column fusion-builder-column-1 fusion_builder_column_1_1 1_1 fusion-flex-column\" style=\"--awb-bg-size:cover;--awb-width-large:100%;--awb-margin-top-large:0px;--awb-spacing-right-large:1.92%;--awb-margin-bottom-large:20px;--awb-spacing-left-large:1.92%;--awb-width-medium:100%;--awb-order-medium:0;--awb-spacing-right-medium:1.92%;--awb-spacing-left-medium:1.92%;--awb-width-small:100%;--awb-order-small:0;--awb-spacing-right-small:1.92%;--awb-spacing-left-small:1.92%;\"><div class=\"fusion-column-wrapper fusion-column-has-shadow fusion-flex-justify-content-flex-start fusion-content-layout-column\"><div class=\"fusion-text fusion-text-1\"><p>At Meroil, we are committed to more sustainable fuels. Discover <strong>LPG<\/strong>, economical and environmentally-friendly, and <strong>HVO<\/strong>, 100% renewable and designed to cut CO2 emissions by up to 90%.<\/p>\n<\/div><\/div><\/div><\/div><\/div><div class=\"fusion-fullwidth fullwidth-box fusion-builder-row-3 fusion-flex-container has-pattern-background has-mask-background nonhundred-percent-fullwidth non-hundred-percent-height-scrolling\" style=\"--awb-border-radius-top-left:0px;--awb-border-radius-top-right:0px;--awb-border-radius-bottom-right:0px;--awb-border-radius-bottom-left:0px;--awb-flex-wrap:wrap;\" ><div class=\"fusion-builder-row fusion-row fusion-flex-align-items-flex-start fusion-flex-content-wrap\" style=\"max-width:1216.8px;margin-left: calc(-4% \/ 2 );margin-right: calc(-4% \/ 2 );\"><div class=\"fusion-layout-column fusion_builder_column fusion-builder-column-2 fusion_builder_column_2_3 2_3 fusion-flex-column\" style=\"--awb-bg-size:cover;--awb-width-large:66.666666666667%;--awb-margin-top-large:0px;--awb-spacing-right-large:2.88%;--awb-margin-bottom-large:20px;--awb-spacing-left-large:2.88%;--awb-width-medium:100%;--awb-order-medium:0;--awb-spacing-right-medium:1.92%;--awb-spacing-left-medium:1.92%;--awb-width-small:100%;--awb-order-small:0;--awb-spacing-right-small:1.92%;--awb-spacing-left-small:1.92%;\" data-scroll-devices=\"small-visibility,medium-visibility,large-visibility\"><div class=\"fusion-column-wrapper fusion-column-has-shadow fusion-flex-justify-content-flex-start fusion-content-layout-column\"><div class=\"fusion-title title fusion-title-1 fusion-title-text fusion-title-size-three\"><div class=\"title-sep-container title-sep-container-left fusion-no-large-visibility fusion-no-medium-visibility fusion-no-small-visibility\"><div class=\"title-sep sep- sep-solid\" style=\"border-color:#e0dede;\"><\/div><\/div><span class=\"awb-title-spacer fusion-no-large-visibility fusion-no-medium-visibility fusion-no-small-visibility\"><\/span><h3 class=\"fusion-title-heading title-heading-left fusion-responsive-typography-calculated\" style=\"font-family:&quot;Roboto&quot;;font-style:normal;font-weight:500;margin:0;--fontSize:20;--minFontSize:20;line-height:1.6;\"><table>\n<tbody>\n<tr>\n<td style=\"background-color: #ff6b00; color: #ffffff; padding: 3px 10px;\">LPG: SAVE MORE, POLLUTE LESS<\/td>\n<\/tr>\n<\/tbody>\n<\/table><\/h3><span class=\"awb-title-spacer\"><\/span><div class=\"title-sep-container title-sep-container-right\"><div class=\"title-sep sep- sep-solid\" style=\"border-color:#e0dede;\"><\/div><\/div><\/div><\/div><\/div><div class=\"fusion-layout-column fusion_builder_column fusion-builder-column-3 fusion_builder_column_1_3 1_3 fusion-flex-column\" style=\"--awb-bg-size:cover;--awb-width-large:33.333333333333%;--awb-margin-top-large:0px;--awb-spacing-right-large:5.76%;--awb-margin-bottom-large:20px;--awb-spacing-left-large:5.76%;--awb-width-medium:100%;--awb-order-medium:0;--awb-spacing-right-medium:1.92%;--awb-spacing-left-medium:1.92%;--awb-width-small:100%;--awb-order-small:0;--awb-spacing-right-small:1.92%;--awb-spacing-left-small:1.92%;\"><div class=\"fusion-column-wrapper fusion-column-has-shadow fusion-flex-justify-content-flex-start fusion-content-layout-column\"><\/div><\/div><\/div><\/div><div class=\"fusion-fullwidth fullwidth-box fusion-builder-row-4 fusion-flex-container has-pattern-background has-mask-background nonhundred-percent-fullwidth non-hundred-percent-height-scrolling\" style=\"--awb-border-radius-top-left:0px;--awb-border-radius-top-right:0px;--awb-border-radius-bottom-right:0px;--awb-border-radius-bottom-left:0px;--awb-flex-wrap:wrap;\" ><div class=\"fusion-builder-row fusion-row fusion-flex-align-items-flex-start fusion-flex-content-wrap\" style=\"max-width:1216.8px;margin-left: calc(-4% \/ 2 );margin-right: calc(-4% \/ 2 );\"><div class=\"fusion-layout-column fusion_builder_column fusion-builder-column-4 fusion_builder_column_1_1 1_1 fusion-flex-column\" style=\"--awb-bg-size:cover;--awb-width-large:100%;--awb-margin-top-large:0px;--awb-spacing-right-large:1.92%;--awb-margin-bottom-large:20px;--awb-spacing-left-large:1.92%;--awb-width-medium:100%;--awb-order-medium:0;--awb-spacing-right-medium:1.92%;--awb-spacing-left-medium:1.92%;--awb-width-small:100%;--awb-order-small:0;--awb-spacing-right-small:1.92%;--awb-spacing-left-small:1.92%;\"><div class=\"fusion-column-wrapper fusion-column-has-shadow fusion-flex-justify-content-flex-start fusion-content-layout-column\"><div class=\"fusion-text fusion-text-2\"><p><strong>Liquefied petroleum gas (LPG)<\/strong> cuts both emissions and costs. Compatible with adapted vehicles, it costs up to 40% less than other fuels.<\/p>\n<p><strong>Find your nearest service station:<\/strong><\/p>\n<ul>\n<li><span style=\"color: #001887;\"><strong>Meroil Meridiana:<\/strong> av. Meridiana, 666, Barcelona<\/span><\/li>\n<li><span style=\"color: #001887;\"><strong>Petroport Arrabassada:<\/strong> ctra. Arrabassada, 190, Barcelona<\/span><\/li>\n<li><span style=\"color: #001887;\"><strong>Petroport Cornell\u00e0 de Llobregat 15:<\/strong> av. de la Fama, 2, Cornell\u00e0 de Llobregat<\/span><\/li>\n<li><span style=\"color: #001887;\"><strong>OilPrix Esplugues:<\/strong> c\/ Vic, 12-14, Esplugues de Llobregat<\/span><\/li>\n<li><span style=\"color: #001887;\"><strong>Meroil Sardana:<\/strong> pl. Sardana, 96, Esplugues de Llobregat<\/span><\/li>\n<li><span style=\"color: #001887;\"><strong>Meroil Granollers:<\/strong> av. Prat de la Riba, 100, Granollers<\/span><\/li>\n<li><span style=\"color: #001887;\"><strong>Meroil Estadella:<\/strong> trav. Industrial, 147, L\u02bcHospitalet de Llobregat<\/span><\/li>\n<li><span style=\"color: #001887;\"><strong>Meroil Molins de Rei:<\/strong> av. Barcelona, 222, Molins de Rei<\/span><\/li>\n<li><span style=\"color: #001887;\"><strong>OilPrix Mollet:<\/strong> c\/ Friedrich Wilhelm Sertu\u0308rner, 8, Mollet del Vall\u00e8s<\/span><\/li>\n<li><span style=\"color: #001887;\"><strong>Meroil Puigcerd\u00e0:<\/strong> ctra. N-152, km 169, Puigcerd\u00e0<\/span><\/li>\n<li><span style=\"color: #001887;\"><strong>Meroil Via Arc\u00e0dia:<\/strong> c\/ Arc\u00e0dia, 30, Sabadell<\/span><\/li>\n<li><span style=\"color: #001887;\"><strong>Meroil Sant Adri\u00e0 de Bes\u00f2s:<\/strong> ctra. Matar\u00f3, 10 bis, Sant Adri\u00e0 de Bes\u00f2s<\/span><\/li>\n<li><span style=\"color: #001887;\"><strong>Meroil Sant Joan Desp\u00ed:<\/strong> av. Barcelona, 41-43, Sant Joan Desp\u00ed<\/span><\/li>\n<\/ul>\n<\/div><\/div><\/div><\/div><\/div><div class=\"fusion-fullwidth fullwidth-box fusion-builder-row-5 fusion-flex-container has-pattern-background has-mask-background nonhundred-percent-fullwidth non-hundred-percent-height-scrolling\" style=\"--awb-border-radius-top-left:0px;--awb-border-radius-top-right:0px;--awb-border-radius-bottom-right:0px;--awb-border-radius-bottom-left:0px;--awb-flex-wrap:wrap;\" ><div class=\"fusion-builder-row fusion-row fusion-flex-align-items-flex-start fusion-flex-content-wrap\" style=\"max-width:1216.8px;margin-left: calc(-4% \/ 2 );margin-right: calc(-4% \/ 2 );\"><div class=\"fusion-layout-column fusion_builder_column fusion-builder-column-5 fusion_builder_column_2_3 2_3 fusion-flex-column\" style=\"--awb-bg-size:cover;--awb-width-large:66.666666666667%;--awb-margin-top-large:0px;--awb-spacing-right-large:2.88%;--awb-margin-bottom-large:20px;--awb-spacing-left-large:2.88%;--awb-width-medium:100%;--awb-order-medium:0;--awb-spacing-right-medium:1.92%;--awb-spacing-left-medium:1.92%;--awb-width-small:100%;--awb-order-small:0;--awb-spacing-right-small:1.92%;--awb-spacing-left-small:1.92%;\" data-scroll-devices=\"small-visibility,medium-visibility,large-visibility\"><div class=\"fusion-column-wrapper fusion-column-has-shadow fusion-flex-justify-content-flex-start fusion-content-layout-column\"><div class=\"fusion-title title fusion-title-2 fusion-title-text fusion-title-size-three\"><div class=\"title-sep-container title-sep-container-left fusion-no-large-visibility fusion-no-medium-visibility fusion-no-small-visibility\"><div class=\"title-sep sep- sep-solid\" style=\"border-color:#e0dede;\"><\/div><\/div><span class=\"awb-title-spacer fusion-no-large-visibility fusion-no-medium-visibility fusion-no-small-visibility\"><\/span><h3 class=\"fusion-title-heading title-heading-left fusion-responsive-typography-calculated\" style=\"font-family:&quot;Roboto&quot;;font-style:normal;font-weight:500;margin:0;--fontSize:20;--minFontSize:20;line-height:1.6;\"><table>\n<tbody>\n<tr>\n<td style=\"background-color: #ff6b00; color: #ffffff; padding: 3px 10px;\">HVO: INNOVACI\u00d3N RENOVABLE<\/td>\n<\/tr>\n<\/tbody>\n<\/table><\/h3><span class=\"awb-title-spacer\"><\/span><div class=\"title-sep-container title-sep-container-right\"><div class=\"title-sep sep- sep-solid\" style=\"border-color:#e0dede;\"><\/div><\/div><\/div><\/div><\/div><div class=\"fusion-layout-column fusion_builder_column fusion-builder-column-6 fusion_builder_column_1_3 1_3 fusion-flex-column\" style=\"--awb-bg-size:cover;--awb-width-large:33.333333333333%;--awb-margin-top-large:0px;--awb-spacing-right-large:5.76%;--awb-margin-bottom-large:20px;--awb-spacing-left-large:5.76%;--awb-width-medium:100%;--awb-order-medium:0;--awb-spacing-right-medium:1.92%;--awb-spacing-left-medium:1.92%;--awb-width-small:100%;--awb-order-small:0;--awb-spacing-right-small:1.92%;--awb-spacing-left-small:1.92%;\"><div class=\"fusion-column-wrapper fusion-column-has-shadow fusion-flex-justify-content-flex-start fusion-content-layout-column\"><\/div><\/div><\/div><\/div><div class=\"fusion-fullwidth fullwidth-box fusion-builder-row-6 fusion-flex-container has-pattern-background has-mask-background nonhundred-percent-fullwidth non-hundred-percent-height-scrolling\" style=\"--awb-border-radius-top-left:0px;--awb-border-radius-top-right:0px;--awb-border-radius-bottom-right:0px;--awb-border-radius-bottom-left:0px;--awb-flex-wrap:wrap;\" ><div class=\"fusion-builder-row fusion-row fusion-flex-align-items-flex-start fusion-flex-content-wrap\" style=\"max-width:1216.8px;margin-left: calc(-4% \/ 2 );margin-right: calc(-4% \/ 2 );\"><div class=\"fusion-layout-column fusion_builder_column fusion-builder-column-7 fusion_builder_column_1_1 1_1 fusion-flex-column\" style=\"--awb-bg-size:cover;--awb-width-large:100%;--awb-margin-top-large:0px;--awb-spacing-right-large:1.92%;--awb-margin-bottom-large:20px;--awb-spacing-left-large:1.92%;--awb-width-medium:100%;--awb-order-medium:0;--awb-spacing-right-medium:1.92%;--awb-spacing-left-medium:1.92%;--awb-width-small:100%;--awb-order-small:0;--awb-spacing-right-small:1.92%;--awb-spacing-left-small:1.92%;\"><div class=\"fusion-column-wrapper fusion-column-has-shadow fusion-flex-justify-content-flex-start fusion-content-layout-column\"><div class=\"fusion-text fusion-text-3\"><p>Our <strong>hydrotreated vegetable oil (HVO)<\/strong> is 100% renewable, cuts CO2 emissions by up to 90% and improves engine performance.<\/p>\n<p><strong>Available at the nearby service station:<\/strong><\/p>\n<ul>\n<li><span style=\"color: #001887;\"><strong>Meroil Meridiana:<\/strong> av. Meridiana, 666, Barcelona<\/span><\/li>\n<\/ul>\n<p><span style=\"color: #ff6b00;\"><strong>Coming soon to many more local stations.<\/strong><\/span><\/p>\n<p style=\"text-align: center;\"><strong><span style=\"color: #001887;\">Come along to your local station and set the future in motion<\/span><\/strong><\/p>\n<\/div><\/div><\/div><\/div><\/div><\/p>\n","protected":false},"excerpt":{"rendered":"","protected":false},"author":1,"featured_media":0,"parent":0,"menu_order":0,"comment_status":"closed","ping_status":"closed","template":"","meta":{"footnotes":""},"class_list":["post-6428","page","type-page","status-publish","hentry"],"yoast_head":"<!-- This site is optimized with the Yoast SEO plugin v26.7 - https:\/\/yoast.com\/wordpress\/plugins\/seo\/ -->\n<title>Gas licuado del petr\u00f3leo - GLP y aceite vegetal hidrotratado - HVO de Meroil - Meroil<\/title>\n<meta name=\"robots\" content=\"index, follow, max-snippet:-1, max-image-preview:large, max-video-preview:-1\" \/>\n<link rel=\"canonical\" href=\"https:\/\/www.meroil.es\/en\/liquefied-petroleum-gas-lpg-and-hydrotreated-vegetable-oil-hvo-from-meroil\/\" \/>\n<meta property=\"og:locale\" content=\"en_US\" \/>\n<meta property=\"og:type\" content=\"article\" \/>\n<meta property=\"og:title\" content=\"Gas licuado del petr\u00f3leo - GLP y aceite vegetal hidrotratado - HVO de Meroil - Meroil\" \/>\n<meta property=\"og:url\" content=\"https:\/\/www.meroil.es\/en\/liquefied-petroleum-gas-lpg-and-hydrotreated-vegetable-oil-hvo-from-meroil\/\" \/>\n<meta property=\"og:site_name\" content=\"Meroil\" \/>\n<meta property=\"article:modified_time\" content=\"2024-12-20T07:43:03+00:00\" \/>\n<meta name=\"twitter:card\" content=\"summary_large_image\" \/>\n<meta name=\"twitter:label1\" content=\"Est. reading time\" \/>\n\t<meta name=\"twitter:data1\" content=\"2 minutes\" \/>\n<script type=\"application\/ld+json\" class=\"yoast-schema-graph\">{\"@context\":\"https:\/\/schema.org\",\"@graph\":[{\"@type\":\"WebPage\",\"@id\":\"https:\/\/www.meroil.es\/en\/liquefied-petroleum-gas-lpg-and-hydrotreated-vegetable-oil-hvo-from-meroil\/\",\"url\":\"https:\/\/www.meroil.es\/en\/liquefied-petroleum-gas-lpg-and-hydrotreated-vegetable-oil-hvo-from-meroil\/\",\"name\":\"Gas licuado del petr\u00f3leo - GLP y aceite vegetal hidrotratado - HVO de Meroil - Meroil\",\"isPartOf\":{\"@id\":\"https:\/\/www.meroil.es\/en\/#website\"},\"datePublished\":\"2024-12-19T12:32:39+00:00\",\"dateModified\":\"2024-12-20T07:43:03+00:00\",\"breadcrumb\":{\"@id\":\"https:\/\/www.meroil.es\/en\/liquefied-petroleum-gas-lpg-and-hydrotreated-vegetable-oil-hvo-from-meroil\/#breadcrumb\"},\"inLanguage\":\"en-US\",\"potentialAction\":[{\"@type\":\"ReadAction\",\"target\":[\"https:\/\/www.meroil.es\/en\/liquefied-petroleum-gas-lpg-and-hydrotreated-vegetable-oil-hvo-from-meroil\/\"]}]},{\"@type\":\"BreadcrumbList\",\"@id\":\"https:\/\/www.meroil.es\/en\/liquefied-petroleum-gas-lpg-and-hydrotreated-vegetable-oil-hvo-from-meroil\/#breadcrumb\",\"itemListElement\":[{\"@type\":\"ListItem\",\"position\":1,\"name\":\"Home\",\"item\":\"https:\/\/www.meroil.es\/en\/\"},{\"@type\":\"ListItem\",\"position\":2,\"name\":\"Gas licuado del petr\u00f3leo &#8211; GLP y aceite vegetal hidrotratado &#8211; HVO de Meroil\"}]},{\"@type\":\"WebSite\",\"@id\":\"https:\/\/www.meroil.es\/en\/#website\",\"url\":\"https:\/\/www.meroil.es\/en\/\",\"name\":\"Meroil\",\"description\":\"Estaciones de proximidad\",\"potentialAction\":[{\"@type\":\"SearchAction\",\"target\":{\"@type\":\"EntryPoint\",\"urlTemplate\":\"https:\/\/www.meroil.es\/en\/?s={search_term_string}\"},\"query-input\":{\"@type\":\"PropertyValueSpecification\",\"valueRequired\":true,\"valueName\":\"search_term_string\"}}],\"inLanguage\":\"en-US\"}]}<\/script>\n<!-- \/ Yoast SEO plugin. -->","yoast_head_json":{"title":"Gas licuado del petr\u00f3leo - GLP y aceite vegetal hidrotratado - HVO de Meroil - Meroil","robots":{"index":"index","follow":"follow","max-snippet":"max-snippet:-1","max-image-preview":"max-image-preview:large","max-video-preview":"max-video-preview:-1"},"canonical":"https:\/\/www.meroil.es\/en\/liquefied-petroleum-gas-lpg-and-hydrotreated-vegetable-oil-hvo-from-meroil\/","og_locale":"en_US","og_type":"article","og_title":"Gas licuado del petr\u00f3leo - GLP y aceite vegetal hidrotratado - HVO de Meroil - Meroil","og_url":"https:\/\/www.meroil.es\/en\/liquefied-petroleum-gas-lpg-and-hydrotreated-vegetable-oil-hvo-from-meroil\/","og_site_name":"Meroil","article_modified_time":"2024-12-20T07:43:03+00:00","twitter_card":"summary_large_image","twitter_misc":{"Est. reading time":"2 minutes"},"schema":{"@context":"https:\/\/schema.org","@graph":[{"@type":"WebPage","@id":"https:\/\/www.meroil.es\/en\/liquefied-petroleum-gas-lpg-and-hydrotreated-vegetable-oil-hvo-from-meroil\/","url":"https:\/\/www.meroil.es\/en\/liquefied-petroleum-gas-lpg-and-hydrotreated-vegetable-oil-hvo-from-meroil\/","name":"Gas licuado del petr\u00f3leo - GLP y aceite vegetal hidrotratado - HVO de Meroil - Meroil","isPartOf":{"@id":"https:\/\/www.meroil.es\/en\/#website"},"datePublished":"2024-12-19T12:32:39+00:00","dateModified":"2024-12-20T07:43:03+00:00","breadcrumb":{"@id":"https:\/\/www.meroil.es\/en\/liquefied-petroleum-gas-lpg-and-hydrotreated-vegetable-oil-hvo-from-meroil\/#breadcrumb"},"inLanguage":"en-US","potentialAction":[{"@type":"ReadAction","target":["https:\/\/www.meroil.es\/en\/liquefied-petroleum-gas-lpg-and-hydrotreated-vegetable-oil-hvo-from-meroil\/"]}]},{"@type":"BreadcrumbList","@id":"https:\/\/www.meroil.es\/en\/liquefied-petroleum-gas-lpg-and-hydrotreated-vegetable-oil-hvo-from-meroil\/#breadcrumb","itemListElement":[{"@type":"ListItem","position":1,"name":"Home","item":"https:\/\/www.meroil.es\/en\/"},{"@type":"ListItem","position":2,"name":"Gas licuado del petr\u00f3leo &#8211; GLP y aceite vegetal hidrotratado &#8211; HVO de Meroil"}]},{"@type":"WebSite","@id":"https:\/\/www.meroil.es\/en\/#website","url":"https:\/\/www.meroil.es\/en\/","name":"Meroil","description":"Estaciones de proximidad","potentialAction":[{"@type":"SearchAction","target":{"@type":"EntryPoint","urlTemplate":"https:\/\/www.meroil.es\/en\/?s={search_term_string}"},"query-input":{"@type":"PropertyValueSpecification","valueRequired":true,"valueName":"search_term_string"}}],"inLanguage":"en-US"}]}},"_links":{"self":[{"href":"https:\/\/www.meroil.es\/en\/wp-json\/wp\/v2\/pages\/6428","targetHints":{"allow":["GET"]}}],"collection":[{"href":"https:\/\/www.meroil.es\/en\/wp-json\/wp\/v2\/pages"}],"about":[{"href":"https:\/\/www.meroil.es\/en\/wp-json\/wp\/v2\/types\/page"}],"author":[{"embeddable":true,"href":"https:\/\/www.meroil.es\/en\/wp-json\/wp\/v2\/users\/1"}],"replies":[{"embeddable":true,"href":"https:\/\/www.meroil.es\/en\/wp-json\/wp\/v2\/comments?post=6428"}],"version-history":[{"count":3,"href":"https:\/\/www.meroil.es\/en\/wp-json\/wp\/v2\/pages\/6428\/revisions"}],"predecessor-version":[{"id":6434,"href":"https:\/\/www.meroil.es\/en\/wp-json\/wp\/v2\/pages\/6428\/revisions\/6434"}],"wp:attachment":[{"href":"https:\/\/www.meroil.es\/en\/wp-json\/wp\/v2\/media?parent=6428"}],"curies":[{"name":"wp","href":"https:\/\/api.w.org\/{rel}","templated":true}]}}