{"id":4185,"date":"2021-05-25T10:06:39","date_gmt":"2021-05-25T10:06:39","guid":{"rendered":"https:\/\/meroil.es\/?post_type=product&#038;p=4185"},"modified":"2026-04-18T11:50:18","modified_gmt":"2026-04-18T10:50:18","slug":"porta-alimentos-hermetico","status":"publish","type":"product","link":"https:\/\/www.meroil.es\/en\/catalogo\/cocina\/porta-alimentos-hermetico\/","title":{"rendered":"FIAMBRERA"},"content":{"rendered":"","protected":false},"excerpt":{"rendered":"<p>-Certificaci\u00f3n Food Grade<br \/>\n-Interior isotermo acabado en aluminio. Cierre cremallera<br \/>\n&#8211; Fabricada en PP veteado libre de BPA, tapa de bamb\u00fa, 1l de capacidad.<br \/>\n-Cierre cinta el\u00e1stica de seguridad, compartimentos para tenedor, cuchara y cuchillo (incluidos).<br \/>\n&#8211; Medidas y Peso Art\u00edculo: 22 x 17 x 17 cm | 390 gr.<\/p>\n","protected":false},"featured_media":6669,"template":"","meta":[],"product_brand":[],"product_cat":[30],"product_tag":[],"class_list":{"0":"post-4185","1":"product","2":"type-product","3":"status-publish","4":"has-post-thumbnail","6":"product_cat-cocina","8":"first","9":"instock","10":"shipping-taxable","11":"product-type-simple"},"yoast_head":"<!-- This site is optimized with the Yoast SEO plugin v27.4 - https:\/\/yoast.com\/product\/yoast-seo-wordpress\/ -->\n<title>FIAMBRERA - Meroil<\/title>\n<meta name=\"robots\" content=\"index, follow, max-snippet:-1, max-image-preview:large, max-video-preview:-1\" \/>\n<link rel=\"canonical\" href=\"https:\/\/www.meroil.es\/en\/catalogo\/cocina\/porta-alimentos-hermetico\/\" \/>\n<meta property=\"og:locale\" content=\"en_US\" \/>\n<meta property=\"og:type\" content=\"article\" \/>\n<meta property=\"og:title\" content=\"FIAMBRERA - Meroil\" \/>\n<meta property=\"og:description\" content=\"-Certificaci\u00f3n Food Grade -Interior isotermo acabado en aluminio. Cierre cremallera - Fabricada en PP veteado libre de BPA, tapa de bamb\u00fa, 1l de capacidad. -Cierre cinta el\u00e1stica de seguridad, compartimentos para tenedor, cuchara y cuchillo (incluidos). - Medidas y Peso Art\u00edculo: 22 x 17 x 17 cm | 390 gr.\" \/>\n<meta property=\"og:url\" content=\"https:\/\/www.meroil.es\/en\/catalogo\/cocina\/porta-alimentos-hermetico\/\" \/>\n<meta property=\"og:site_name\" content=\"Meroil\" \/>\n<meta property=\"article:modified_time\" content=\"2026-04-18T10:50:18+00:00\" \/>\n<meta property=\"og:image\" content=\"https:\/\/www.meroil.es\/wp-content\/uploads\/2021\/05\/9320-3.jpg\" \/>\n\t<meta property=\"og:image:width\" content=\"600\" \/>\n\t<meta property=\"og:image:height\" content=\"600\" \/>\n\t<meta property=\"og:image:type\" content=\"image\/jpeg\" \/>\n<meta name=\"twitter:card\" content=\"summary_large_image\" \/>\n<meta name=\"twitter:label1\" content=\"Est. reading time\" \/>\n\t<meta name=\"twitter:data1\" content=\"1 minute\" \/>\n<script type=\"application\/ld+json\" class=\"yoast-schema-graph\">{\"@context\":\"https:\\\/\\\/schema.org\",\"@graph\":[{\"@type\":\"WebPage\",\"@id\":\"https:\\\/\\\/www.meroil.es\\\/en\\\/catalogo\\\/cocina\\\/porta-alimentos-hermetico\\\/\",\"url\":\"https:\\\/\\\/www.meroil.es\\\/en\\\/catalogo\\\/cocina\\\/porta-alimentos-hermetico\\\/\",\"name\":\"FIAMBRERA - Meroil\",\"isPartOf\":{\"@id\":\"https:\\\/\\\/www.meroil.es\\\/en\\\/#website\"},\"primaryImageOfPage\":{\"@id\":\"https:\\\/\\\/www.meroil.es\\\/en\\\/catalogo\\\/cocina\\\/porta-alimentos-hermetico\\\/#primaryimage\"},\"image\":{\"@id\":\"https:\\\/\\\/www.meroil.es\\\/en\\\/catalogo\\\/cocina\\\/porta-alimentos-hermetico\\\/#primaryimage\"},\"thumbnailUrl\":\"https:\\\/\\\/www.meroil.es\\\/wp-content\\\/uploads\\\/2021\\\/05\\\/9320-3.jpg\",\"datePublished\":\"2021-05-25T10:06:39+00:00\",\"dateModified\":\"2026-04-18T10:50:18+00:00\",\"breadcrumb\":{\"@id\":\"https:\\\/\\\/www.meroil.es\\\/en\\\/catalogo\\\/cocina\\\/porta-alimentos-hermetico\\\/#breadcrumb\"},\"inLanguage\":\"en-US\",\"potentialAction\":[{\"@type\":\"ReadAction\",\"target\":[\"https:\\\/\\\/www.meroil.es\\\/en\\\/catalogo\\\/cocina\\\/porta-alimentos-hermetico\\\/\"]}]},{\"@type\":\"ImageObject\",\"inLanguage\":\"en-US\",\"@id\":\"https:\\\/\\\/www.meroil.es\\\/en\\\/catalogo\\\/cocina\\\/porta-alimentos-hermetico\\\/#primaryimage\",\"url\":\"https:\\\/\\\/www.meroil.es\\\/wp-content\\\/uploads\\\/2021\\\/05\\\/9320-3.jpg\",\"contentUrl\":\"https:\\\/\\\/www.meroil.es\\\/wp-content\\\/uploads\\\/2021\\\/05\\\/9320-3.jpg\",\"width\":600,\"height\":600},{\"@type\":\"BreadcrumbList\",\"@id\":\"https:\\\/\\\/www.meroil.es\\\/en\\\/catalogo\\\/cocina\\\/porta-alimentos-hermetico\\\/#breadcrumb\",\"itemListElement\":[{\"@type\":\"ListItem\",\"position\":1,\"name\":\"Home\",\"item\":\"https:\\\/\\\/www.meroil.es\\\/en\\\/\"},{\"@type\":\"ListItem\",\"position\":2,\"name\":\"Cat\u00e1logo de puntos\",\"item\":\"https:\\\/\\\/www.meroil.es\\\/en\\\/catalogo\\\/\"},{\"@type\":\"ListItem\",\"position\":3,\"name\":\"FIAMBRERA\"}]},{\"@type\":\"WebSite\",\"@id\":\"https:\\\/\\\/www.meroil.es\\\/en\\\/#website\",\"url\":\"https:\\\/\\\/www.meroil.es\\\/en\\\/\",\"name\":\"Meroil\",\"description\":\"Estaciones de proximidad\",\"potentialAction\":[{\"@type\":\"SearchAction\",\"target\":{\"@type\":\"EntryPoint\",\"urlTemplate\":\"https:\\\/\\\/www.meroil.es\\\/en\\\/?s={search_term_string}\"},\"query-input\":{\"@type\":\"PropertyValueSpecification\",\"valueRequired\":true,\"valueName\":\"search_term_string\"}}],\"inLanguage\":\"en-US\"}]}<\/script>\n<!-- \/ Yoast SEO plugin. -->","yoast_head_json":{"title":"FIAMBRERA - Meroil","robots":{"index":"index","follow":"follow","max-snippet":"max-snippet:-1","max-image-preview":"max-image-preview:large","max-video-preview":"max-video-preview:-1"},"canonical":"https:\/\/www.meroil.es\/en\/catalogo\/cocina\/porta-alimentos-hermetico\/","og_locale":"en_US","og_type":"article","og_title":"FIAMBRERA - Meroil","og_description":"-Certificaci\u00f3n Food Grade -Interior isotermo acabado en aluminio. Cierre cremallera - Fabricada en PP veteado libre de BPA, tapa de bamb\u00fa, 1l de capacidad. -Cierre cinta el\u00e1stica de seguridad, compartimentos para tenedor, cuchara y cuchillo (incluidos). - Medidas y Peso Art\u00edculo: 22 x 17 x 17 cm | 390 gr.","og_url":"https:\/\/www.meroil.es\/en\/catalogo\/cocina\/porta-alimentos-hermetico\/","og_site_name":"Meroil","article_modified_time":"2026-04-18T10:50:18+00:00","og_image":[{"width":600,"height":600,"url":"https:\/\/www.meroil.es\/wp-content\/uploads\/2021\/05\/9320-3.jpg","type":"image\/jpeg"}],"twitter_card":"summary_large_image","twitter_misc":{"Est. reading time":"1 minute"},"schema":{"@context":"https:\/\/schema.org","@graph":[{"@type":"WebPage","@id":"https:\/\/www.meroil.es\/en\/catalogo\/cocina\/porta-alimentos-hermetico\/","url":"https:\/\/www.meroil.es\/en\/catalogo\/cocina\/porta-alimentos-hermetico\/","name":"FIAMBRERA - Meroil","isPartOf":{"@id":"https:\/\/www.meroil.es\/en\/#website"},"primaryImageOfPage":{"@id":"https:\/\/www.meroil.es\/en\/catalogo\/cocina\/porta-alimentos-hermetico\/#primaryimage"},"image":{"@id":"https:\/\/www.meroil.es\/en\/catalogo\/cocina\/porta-alimentos-hermetico\/#primaryimage"},"thumbnailUrl":"https:\/\/www.meroil.es\/wp-content\/uploads\/2021\/05\/9320-3.jpg","datePublished":"2021-05-25T10:06:39+00:00","dateModified":"2026-04-18T10:50:18+00:00","breadcrumb":{"@id":"https:\/\/www.meroil.es\/en\/catalogo\/cocina\/porta-alimentos-hermetico\/#breadcrumb"},"inLanguage":"en-US","potentialAction":[{"@type":"ReadAction","target":["https:\/\/www.meroil.es\/en\/catalogo\/cocina\/porta-alimentos-hermetico\/"]}]},{"@type":"ImageObject","inLanguage":"en-US","@id":"https:\/\/www.meroil.es\/en\/catalogo\/cocina\/porta-alimentos-hermetico\/#primaryimage","url":"https:\/\/www.meroil.es\/wp-content\/uploads\/2021\/05\/9320-3.jpg","contentUrl":"https:\/\/www.meroil.es\/wp-content\/uploads\/2021\/05\/9320-3.jpg","width":600,"height":600},{"@type":"BreadcrumbList","@id":"https:\/\/www.meroil.es\/en\/catalogo\/cocina\/porta-alimentos-hermetico\/#breadcrumb","itemListElement":[{"@type":"ListItem","position":1,"name":"Home","item":"https:\/\/www.meroil.es\/en\/"},{"@type":"ListItem","position":2,"name":"Cat\u00e1logo de puntos","item":"https:\/\/www.meroil.es\/en\/catalogo\/"},{"@type":"ListItem","position":3,"name":"FIAMBRERA"}]},{"@type":"WebSite","@id":"https:\/\/www.meroil.es\/en\/#website","url":"https:\/\/www.meroil.es\/en\/","name":"Meroil","description":"Estaciones de proximidad","potentialAction":[{"@type":"SearchAction","target":{"@type":"EntryPoint","urlTemplate":"https:\/\/www.meroil.es\/en\/?s={search_term_string}"},"query-input":{"@type":"PropertyValueSpecification","valueRequired":true,"valueName":"search_term_string"}}],"inLanguage":"en-US"}]}},"_links":{"self":[{"href":"https:\/\/www.meroil.es\/en\/wp-json\/wp\/v2\/product\/4185","targetHints":{"allow":["GET"]}}],"collection":[{"href":"https:\/\/www.meroil.es\/en\/wp-json\/wp\/v2\/product"}],"about":[{"href":"https:\/\/www.meroil.es\/en\/wp-json\/wp\/v2\/types\/product"}],"wp:featuredmedia":[{"embeddable":true,"href":"https:\/\/www.meroil.es\/en\/wp-json\/wp\/v2\/media\/6669"}],"wp:attachment":[{"href":"https:\/\/www.meroil.es\/en\/wp-json\/wp\/v2\/media?parent=4185"}],"wp:term":[{"taxonomy":"product_brand","embeddable":true,"href":"https:\/\/www.meroil.es\/en\/wp-json\/wp\/v2\/product_brand?post=4185"},{"taxonomy":"product_cat","embeddable":true,"href":"https:\/\/www.meroil.es\/en\/wp-json\/wp\/v2\/product_cat?post=4185"},{"taxonomy":"product_tag","embeddable":true,"href":"https:\/\/www.meroil.es\/en\/wp-json\/wp\/v2\/product_tag?post=4185"}],"curies":[{"name":"wp","href":"https:\/\/api.w.org\/{rel}","templated":true}]}}