{"id":6552,"date":"2025-07-01T13:34:48","date_gmt":"2025-07-01T12:34:48","guid":{"rendered":"https:\/\/www.meroil.es\/?post_type=product&#038;p=6552"},"modified":"2025-10-13T16:12:48","modified_gmt":"2025-10-13T15:12:48","slug":"luz-emergencia","status":"publish","type":"product","link":"https:\/\/www.meroil.es\/en\/catalogo\/sin-categorizar\/luz-emergencia\/","title":{"rendered":"Luz Emergencia V16 Geolocalizada"},"content":{"rendered":"","protected":false},"excerpt":{"rendered":"<p>Fabricada conforme la normativa de seguridad vigente, homologada y acreditado IDIADA, seg\u00fan requisitos de la DGT , con n\u00famero de homologaci\u00f3n marcado en la parte inferior del art\u00edculo<\/p>\n<p>Incluye tarjeta SIM conectada con Telef\u00f3nica Tech, servicio de comunicaci\u00f3n de datos hasta 12 \/2038<\/p>\n<p>Activaci\u00f3n manual con base de fijaci\u00f3n magn\u00e9tica. Resistencia al viento y agua<\/p>\n<p>Alimentaci\u00f3n a pilas (3xAA pilas alcalinas incluidas), con una autonom\u00eda de 6 horas<\/p>\n","protected":false},"featured_media":6565,"template":"","meta":[],"product_brand":[],"product_cat":[26],"product_tag":[],"class_list":{"0":"post-6552","1":"product","2":"type-product","3":"status-publish","4":"has-post-thumbnail","6":"product_cat-sin-categorizar","8":"first","9":"instock","10":"shipping-taxable","11":"product-type-simple"},"yoast_head":"<!-- This site is optimized with the Yoast SEO plugin v26.7 - https:\/\/yoast.com\/wordpress\/plugins\/seo\/ -->\n<title>Luz Emergencia V16 Geolocalizada - Meroil<\/title>\n<meta name=\"robots\" content=\"index, follow, max-snippet:-1, max-image-preview:large, max-video-preview:-1\" \/>\n<link rel=\"canonical\" href=\"https:\/\/www.meroil.es\/en\/catalogo\/sin-categorizar\/luz-emergencia\/\" \/>\n<meta property=\"og:locale\" content=\"en_US\" \/>\n<meta property=\"og:type\" content=\"article\" \/>\n<meta property=\"og:title\" content=\"Luz Emergencia V16 Geolocalizada - Meroil\" \/>\n<meta property=\"og:description\" content=\"Fabricada conforme la normativa de seguridad vigente, homologada y acreditado IDIADA, seg\u00fan requisitos de la DGT , con n\u00famero de homologaci\u00f3n marcado en la parte inferior del art\u00edculo  Incluye tarjeta SIM conectada con Telef\u00f3nica Tech, servicio de comunicaci\u00f3n de datos hasta 12 \/2038  Activaci\u00f3n manual con base de fijaci\u00f3n magn\u00e9tica. Resistencia al viento y agua  Alimentaci\u00f3n a pilas (3xAA pilas alcalinas incluidas), con una autonom\u00eda de 6 horas\" \/>\n<meta property=\"og:url\" content=\"https:\/\/www.meroil.es\/en\/catalogo\/sin-categorizar\/luz-emergencia\/\" \/>\n<meta property=\"og:site_name\" content=\"Meroil\" \/>\n<meta property=\"article:modified_time\" content=\"2025-10-13T15:12:48+00:00\" \/>\n<meta property=\"og:image\" content=\"https:\/\/www.meroil.es\/wp-content\/uploads\/2025\/07\/LUZ_EMERGENCIA_FT-1.jpg\" \/>\n\t<meta property=\"og:image:width\" content=\"800\" \/>\n\t<meta property=\"og:image:height\" content=\"800\" \/>\n\t<meta property=\"og:image:type\" content=\"image\/jpeg\" \/>\n<meta name=\"twitter:card\" content=\"summary_large_image\" \/>\n<meta name=\"twitter:label1\" content=\"Est. reading time\" \/>\n\t<meta name=\"twitter:data1\" content=\"1 minute\" \/>\n<script type=\"application\/ld+json\" class=\"yoast-schema-graph\">{\"@context\":\"https:\/\/schema.org\",\"@graph\":[{\"@type\":\"WebPage\",\"@id\":\"https:\/\/www.meroil.es\/en\/catalogo\/sin-categorizar\/luz-emergencia\/\",\"url\":\"https:\/\/www.meroil.es\/en\/catalogo\/sin-categorizar\/luz-emergencia\/\",\"name\":\"Luz Emergencia V16 Geolocalizada - Meroil\",\"isPartOf\":{\"@id\":\"https:\/\/www.meroil.es\/en\/#website\"},\"primaryImageOfPage\":{\"@id\":\"https:\/\/www.meroil.es\/en\/catalogo\/sin-categorizar\/luz-emergencia\/#primaryimage\"},\"image\":{\"@id\":\"https:\/\/www.meroil.es\/en\/catalogo\/sin-categorizar\/luz-emergencia\/#primaryimage\"},\"thumbnailUrl\":\"https:\/\/www.meroil.es\/wp-content\/uploads\/2025\/07\/LUZ_EMERGENCIA_FT-1.jpg\",\"datePublished\":\"2025-07-01T12:34:48+00:00\",\"dateModified\":\"2025-10-13T15:12:48+00:00\",\"breadcrumb\":{\"@id\":\"https:\/\/www.meroil.es\/en\/catalogo\/sin-categorizar\/luz-emergencia\/#breadcrumb\"},\"inLanguage\":\"en-US\",\"potentialAction\":[{\"@type\":\"ReadAction\",\"target\":[\"https:\/\/www.meroil.es\/en\/catalogo\/sin-categorizar\/luz-emergencia\/\"]}]},{\"@type\":\"ImageObject\",\"inLanguage\":\"en-US\",\"@id\":\"https:\/\/www.meroil.es\/en\/catalogo\/sin-categorizar\/luz-emergencia\/#primaryimage\",\"url\":\"https:\/\/www.meroil.es\/wp-content\/uploads\/2025\/07\/LUZ_EMERGENCIA_FT-1.jpg\",\"contentUrl\":\"https:\/\/www.meroil.es\/wp-content\/uploads\/2025\/07\/LUZ_EMERGENCIA_FT-1.jpg\",\"width\":800,\"height\":800},{\"@type\":\"BreadcrumbList\",\"@id\":\"https:\/\/www.meroil.es\/en\/catalogo\/sin-categorizar\/luz-emergencia\/#breadcrumb\",\"itemListElement\":[{\"@type\":\"ListItem\",\"position\":1,\"name\":\"Home\",\"item\":\"https:\/\/www.meroil.es\/en\/\"},{\"@type\":\"ListItem\",\"position\":2,\"name\":\"Cat\u00e1logo de puntos\",\"item\":\"https:\/\/www.meroil.es\/en\/catalogo\/\"},{\"@type\":\"ListItem\",\"position\":3,\"name\":\"Luz Emergencia V16 Geolocalizada\"}]},{\"@type\":\"WebSite\",\"@id\":\"https:\/\/www.meroil.es\/en\/#website\",\"url\":\"https:\/\/www.meroil.es\/en\/\",\"name\":\"Meroil\",\"description\":\"Estaciones de proximidad\",\"potentialAction\":[{\"@type\":\"SearchAction\",\"target\":{\"@type\":\"EntryPoint\",\"urlTemplate\":\"https:\/\/www.meroil.es\/en\/?s={search_term_string}\"},\"query-input\":{\"@type\":\"PropertyValueSpecification\",\"valueRequired\":true,\"valueName\":\"search_term_string\"}}],\"inLanguage\":\"en-US\"}]}<\/script>\n<!-- \/ Yoast SEO plugin. -->","yoast_head_json":{"title":"Luz Emergencia V16 Geolocalizada - Meroil","robots":{"index":"index","follow":"follow","max-snippet":"max-snippet:-1","max-image-preview":"max-image-preview:large","max-video-preview":"max-video-preview:-1"},"canonical":"https:\/\/www.meroil.es\/en\/catalogo\/sin-categorizar\/luz-emergencia\/","og_locale":"en_US","og_type":"article","og_title":"Luz Emergencia V16 Geolocalizada - Meroil","og_description":"Fabricada conforme la normativa de seguridad vigente, homologada y acreditado IDIADA, seg\u00fan requisitos de la DGT , con n\u00famero de homologaci\u00f3n marcado en la parte inferior del art\u00edculo  Incluye tarjeta SIM conectada con Telef\u00f3nica Tech, servicio de comunicaci\u00f3n de datos hasta 12 \/2038  Activaci\u00f3n manual con base de fijaci\u00f3n magn\u00e9tica. Resistencia al viento y agua  Alimentaci\u00f3n a pilas (3xAA pilas alcalinas incluidas), con una autonom\u00eda de 6 horas","og_url":"https:\/\/www.meroil.es\/en\/catalogo\/sin-categorizar\/luz-emergencia\/","og_site_name":"Meroil","article_modified_time":"2025-10-13T15:12:48+00:00","og_image":[{"width":800,"height":800,"url":"https:\/\/www.meroil.es\/wp-content\/uploads\/2025\/07\/LUZ_EMERGENCIA_FT-1.jpg","type":"image\/jpeg"}],"twitter_card":"summary_large_image","twitter_misc":{"Est. reading time":"1 minute"},"schema":{"@context":"https:\/\/schema.org","@graph":[{"@type":"WebPage","@id":"https:\/\/www.meroil.es\/en\/catalogo\/sin-categorizar\/luz-emergencia\/","url":"https:\/\/www.meroil.es\/en\/catalogo\/sin-categorizar\/luz-emergencia\/","name":"Luz Emergencia V16 Geolocalizada - Meroil","isPartOf":{"@id":"https:\/\/www.meroil.es\/en\/#website"},"primaryImageOfPage":{"@id":"https:\/\/www.meroil.es\/en\/catalogo\/sin-categorizar\/luz-emergencia\/#primaryimage"},"image":{"@id":"https:\/\/www.meroil.es\/en\/catalogo\/sin-categorizar\/luz-emergencia\/#primaryimage"},"thumbnailUrl":"https:\/\/www.meroil.es\/wp-content\/uploads\/2025\/07\/LUZ_EMERGENCIA_FT-1.jpg","datePublished":"2025-07-01T12:34:48+00:00","dateModified":"2025-10-13T15:12:48+00:00","breadcrumb":{"@id":"https:\/\/www.meroil.es\/en\/catalogo\/sin-categorizar\/luz-emergencia\/#breadcrumb"},"inLanguage":"en-US","potentialAction":[{"@type":"ReadAction","target":["https:\/\/www.meroil.es\/en\/catalogo\/sin-categorizar\/luz-emergencia\/"]}]},{"@type":"ImageObject","inLanguage":"en-US","@id":"https:\/\/www.meroil.es\/en\/catalogo\/sin-categorizar\/luz-emergencia\/#primaryimage","url":"https:\/\/www.meroil.es\/wp-content\/uploads\/2025\/07\/LUZ_EMERGENCIA_FT-1.jpg","contentUrl":"https:\/\/www.meroil.es\/wp-content\/uploads\/2025\/07\/LUZ_EMERGENCIA_FT-1.jpg","width":800,"height":800},{"@type":"BreadcrumbList","@id":"https:\/\/www.meroil.es\/en\/catalogo\/sin-categorizar\/luz-emergencia\/#breadcrumb","itemListElement":[{"@type":"ListItem","position":1,"name":"Home","item":"https:\/\/www.meroil.es\/en\/"},{"@type":"ListItem","position":2,"name":"Cat\u00e1logo de puntos","item":"https:\/\/www.meroil.es\/en\/catalogo\/"},{"@type":"ListItem","position":3,"name":"Luz Emergencia V16 Geolocalizada"}]},{"@type":"WebSite","@id":"https:\/\/www.meroil.es\/en\/#website","url":"https:\/\/www.meroil.es\/en\/","name":"Meroil","description":"Estaciones de proximidad","potentialAction":[{"@type":"SearchAction","target":{"@type":"EntryPoint","urlTemplate":"https:\/\/www.meroil.es\/en\/?s={search_term_string}"},"query-input":{"@type":"PropertyValueSpecification","valueRequired":true,"valueName":"search_term_string"}}],"inLanguage":"en-US"}]}},"_links":{"self":[{"href":"https:\/\/www.meroil.es\/en\/wp-json\/wp\/v2\/product\/6552","targetHints":{"allow":["GET"]}}],"collection":[{"href":"https:\/\/www.meroil.es\/en\/wp-json\/wp\/v2\/product"}],"about":[{"href":"https:\/\/www.meroil.es\/en\/wp-json\/wp\/v2\/types\/product"}],"wp:featuredmedia":[{"embeddable":true,"href":"https:\/\/www.meroil.es\/en\/wp-json\/wp\/v2\/media\/6565"}],"wp:attachment":[{"href":"https:\/\/www.meroil.es\/en\/wp-json\/wp\/v2\/media?parent=6552"}],"wp:term":[{"taxonomy":"product_brand","embeddable":true,"href":"https:\/\/www.meroil.es\/en\/wp-json\/wp\/v2\/product_brand?post=6552"},{"taxonomy":"product_cat","embeddable":true,"href":"https:\/\/www.meroil.es\/en\/wp-json\/wp\/v2\/product_cat?post=6552"},{"taxonomy":"product_tag","embeddable":true,"href":"https:\/\/www.meroil.es\/en\/wp-json\/wp\/v2\/product_tag?post=6552"}],"curies":[{"name":"wp","href":"https:\/\/api.w.org\/{rel}","templated":true}]}}